{"id":9626,"date":"2022-08-24T15:16:21","date_gmt":"2022-08-24T14:16:21","guid":{"rendered":"https:\/\/www.miph.gov.dz\/fr\/?page_id=9626"},"modified":"2022-08-25T11:55:19","modified_gmt":"2022-08-25T10:55:19","slug":"epss","status":"publish","type":"page","link":"https:\/\/www.miph.gov.dz\/fr\/epss\/","title":{"rendered":"la plateforme du Service Ethiopien d&rsquo;Approvisionnement en Produits Pharmaceutiques (EPSS)"},"content":{"rendered":"\t\t<div data-elementor-type=\"wp-page\" data-elementor-id=\"9626\" class=\"elementor elementor-9626\">\n\t\t\t\t\t\t<section class=\"elementor-section elementor-top-section elementor-element elementor-element-c53e144 elementor-section-boxed elementor-section-height-default elementor-section-height-default\" data-id=\"c53e144\" data-element_type=\"section\">\n\t\t\t\t\t\t<div class=\"elementor-container elementor-column-gap-default\">\n\t\t\t\t\t<div class=\"elementor-column elementor-col-100 elementor-top-column elementor-element elementor-element-7c70fe0\" data-id=\"7c70fe0\" data-element_type=\"column\">\n\t\t\t<div class=\"elementor-widget-wrap elementor-element-populated\">\n\t\t\t\t\t\t<div class=\"elementor-element elementor-element-fb53bc8 elementor-widget elementor-widget-spacer\" data-id=\"fb53bc8\" data-element_type=\"widget\" data-widget_type=\"spacer.default\">\n\t\t\t\t<div class=\"elementor-widget-container\">\n\t\t\t\t\t\t\t<div class=\"elementor-spacer\">\n\t\t\t<div class=\"elementor-spacer-inner\"><\/div>\n\t\t<\/div>\n\t\t\t\t\t\t<\/div>\n\t\t\t\t<\/div>\n\t\t\t\t\t<\/div>\n\t\t<\/div>\n\t\t\t\t\t<\/div>\n\t\t<\/section>\n\t\t\t\t<section class=\"elementor-section elementor-top-section elementor-element elementor-element-9490fec elementor-section-boxed elementor-section-height-default elementor-section-height-default elementor-invisible\" data-id=\"9490fec\" data-element_type=\"section\" data-settings=\"{&quot;animation&quot;:&quot;fadeInLeft&quot;}\">\n\t\t\t\t\t\t<div class=\"elementor-container elementor-column-gap-default\">\n\t\t\t\t\t<div class=\"elementor-column elementor-col-50 elementor-top-column elementor-element elementor-element-976e6b7\" data-id=\"976e6b7\" data-element_type=\"column\">\n\t\t\t<div class=\"elementor-widget-wrap elementor-element-populated\">\n\t\t\t\t\t\t<div class=\"elementor-element elementor-element-d25f23a elementor-widget__width-initial elementor-invisible elementor-widget elementor-widget-image\" data-id=\"d25f23a\" data-element_type=\"widget\" data-settings=\"{&quot;_animation&quot;:&quot;zoomIn&quot;}\" data-widget_type=\"image.default\">\n\t\t\t\t<div class=\"elementor-widget-container\">\n\t\t\t\t\t\t\t\t\t\t\t\t\t\t\t\t<a href=\"https:\/\/epss.gov.et\/\">\n\t\t\t\t\t\t\t<img fetchpriority=\"high\" decoding=\"async\" width=\"287\" height=\"213\" src=\"https:\/\/www.miph.gov.dz\/fr\/wp-content\/uploads\/2022\/08\/EPSS-LOGO-1.png\" class=\"attachment-full size-full wp-image-9651\" alt=\"\" \/>\t\t\t\t\t\t\t\t<\/a>\n\t\t\t\t\t\t\t\t\t\t\t\t\t\t\t<\/div>\n\t\t\t\t<\/div>\n\t\t\t\t\t<\/div>\n\t\t<\/div>\n\t\t\t\t<div class=\"elementor-column elementor-col-50 elementor-top-column elementor-element elementor-element-a9da1bd\" data-id=\"a9da1bd\" data-element_type=\"column\">\n\t\t\t<div class=\"elementor-widget-wrap elementor-element-populated\">\n\t\t\t\t\t\t<div class=\"elementor-element elementor-element-7544241 elementor-widget__width-initial elementor-widget elementor-widget-text-editor\" data-id=\"7544241\" data-element_type=\"widget\" data-widget_type=\"text-editor.default\">\n\t\t\t\t<div class=\"elementor-widget-container\">\n\t\t\t\t\t\t\t\t\t<h4 style=\"text-align: left;\"><strong>Lien de La plateforme du Service Ethiopien d&rsquo;Approvisionnement en Produits Pharmaceutiques (EPSS)<\/strong><\/h4>\t\t\t\t\t\t\t\t<\/div>\n\t\t\t\t<\/div>\n\t\t\t\t\t<\/div>\n\t\t<\/div>\n\t\t\t\t\t<\/div>\n\t\t<\/section>\n\t\t\t\t<section class=\"elementor-section elementor-top-section elementor-element elementor-element-80e020b elementor-section-boxed elementor-section-height-default elementor-section-height-default\" data-id=\"80e020b\" data-element_type=\"section\">\n\t\t\t\t\t\t<div class=\"elementor-container elementor-column-gap-default\">\n\t\t\t\t\t<div class=\"elementor-column elementor-col-100 elementor-top-column elementor-element elementor-element-6a3e3f3\" data-id=\"6a3e3f3\" data-element_type=\"column\">\n\t\t\t<div class=\"elementor-widget-wrap elementor-element-populated\">\n\t\t\t\t\t\t<div class=\"elementor-element elementor-element-6fe9a39 elementor-widget elementor-widget-spacer\" data-id=\"6fe9a39\" data-element_type=\"widget\" data-widget_type=\"spacer.default\">\n\t\t\t\t<div class=\"elementor-widget-container\">\n\t\t\t\t\t\t\t<div class=\"elementor-spacer\">\n\t\t\t<div class=\"elementor-spacer-inner\"><\/div>\n\t\t<\/div>\n\t\t\t\t\t\t<\/div>\n\t\t\t\t<\/div>\n\t\t\t\t\t<\/div>\n\t\t<\/div>\n\t\t\t\t\t<\/div>\n\t\t<\/section>\n\t\t\t\t<section class=\"elementor-section elementor-top-section elementor-element elementor-element-aa5190a elementor-section-boxed elementor-section-height-default elementor-section-height-default\" data-id=\"aa5190a\" data-element_type=\"section\">\n\t\t\t\t\t\t<div class=\"elementor-container elementor-column-gap-default\">\n\t\t\t\t\t<div class=\"elementor-column elementor-col-100 elementor-top-column elementor-element elementor-element-ece17a7\" data-id=\"ece17a7\" data-element_type=\"column\">\n\t\t\t<div class=\"elementor-widget-wrap elementor-element-populated\">\n\t\t\t\t\t\t<div class=\"elementor-element elementor-element-92c27f6 elementor-widget-divider--view-line elementor-invisible elementor-widget elementor-widget-divider\" data-id=\"92c27f6\" data-element_type=\"widget\" data-settings=\"{&quot;_animation&quot;:&quot;fadeIn&quot;}\" data-widget_type=\"divider.default\">\n\t\t\t\t<div class=\"elementor-widget-container\">\n\t\t\t\t\t\t\t<div class=\"elementor-divider\">\n\t\t\t<span class=\"elementor-divider-separator\">\n\t\t\t\t\t\t<\/span>\n\t\t<\/div>\n\t\t\t\t\t\t<\/div>\n\t\t\t\t<\/div>\n\t\t\t\t\t<\/div>\n\t\t<\/div>\n\t\t\t\t\t<\/div>\n\t\t<\/section>\n\t\t\t\t<section class=\"elementor-section elementor-top-section elementor-element elementor-element-7241803 elementor-section-boxed elementor-section-height-default elementor-section-height-default elementor-invisible\" data-id=\"7241803\" data-element_type=\"section\" data-settings=\"{&quot;animation&quot;:&quot;zoomInUp&quot;}\">\n\t\t\t\t\t\t<div class=\"elementor-container elementor-column-gap-default\">\n\t\t\t\t\t<div class=\"elementor-column elementor-col-100 elementor-top-column elementor-element elementor-element-e005c13\" data-id=\"e005c13\" data-element_type=\"column\">\n\t\t\t<div class=\"elementor-widget-wrap elementor-element-populated\">\n\t\t\t\t\t\t<div class=\"elementor-element elementor-element-2931137 elementor-widget elementor-widget-text-editor\" data-id=\"2931137\" data-element_type=\"widget\" data-widget_type=\"text-editor.default\">\n\t\t\t\t<div class=\"elementor-widget-container\">\n\t\t\t\t\t\t\t\t\t<div class=\"itemIntroText col-xs-hidden selectionShareable\"><div class=\"itemFullText\"><p style=\"text-align: justify;\">Nous informons l\u2019ensemble des Etablissements Pharmaceutiques, que le Minist\u00e8re de l\u2019Industrie Pharmaceutique, met \u00e0 leur disposition le lien de la plateforme du Service Ethiopien d&rsquo;Approvisionnement en Produits Pharmaceutiques <strong>(EPSS)<\/strong>, qui est la principale institution en \u00c9thiopie qui fournit les produits pharmaceutiques, les r\u00e9actifs de laboratoire, les \u00e9quipements et autres dispositifs m\u00e9dicaux au peuple \u00e9thiopien, et qui exprime ses besoins sur sa plateforme <a href=\"https:\/\/epss.gov.et\/\" target=\"_blank\" rel=\"noopener\">https:\/\/epss.gov.et\/<\/a>, sur laquelle vous retrouvez les d\u00e9tails de son fonctionnement ainsi que les nouveaux appels d&rsquo;offres.<\/p><\/div><\/div>\t\t\t\t\t\t\t\t<\/div>\n\t\t\t\t<\/div>\n\t\t\t\t\t<\/div>\n\t\t<\/div>\n\t\t\t\t\t<\/div>\n\t\t<\/section>\n\t\t\t\t<\/div>\n\t\t","protected":false},"excerpt":{"rendered":"<p>Lien de La plateforme du Service Ethiopien d&rsquo;Approvisionnement en Produits Pharmaceutiques (EPSS) Nous informons l\u2019ensemble des Etablissements Pharmaceutiques, que le Minist\u00e8re de l\u2019Industrie Pharmaceutique, met \u00e0 leur disposition le lien de la plateforme du Service Ethiopien d&rsquo;Approvisionnement en Produits Pharmaceutiques (EPSS), qui est la principale institution en \u00c9thiopie qui fournit les produits pharmaceutiques, les r\u00e9actifs [&hellip;]<\/p>\n","protected":false},"author":1,"featured_media":0,"parent":0,"menu_order":0,"comment_status":"closed","ping_status":"closed","template":"","meta":{"footnotes":""},"class_list":["post-9626","page","type-page","status-publish","hentry"],"_links":{"self":[{"href":"https:\/\/www.miph.gov.dz\/fr\/wp-json\/wp\/v2\/pages\/9626","targetHints":{"allow":["GET"]}}],"collection":[{"href":"https:\/\/www.miph.gov.dz\/fr\/wp-json\/wp\/v2\/pages"}],"about":[{"href":"https:\/\/www.miph.gov.dz\/fr\/wp-json\/wp\/v2\/types\/page"}],"author":[{"embeddable":true,"href":"https:\/\/www.miph.gov.dz\/fr\/wp-json\/wp\/v2\/users\/1"}],"replies":[{"embeddable":true,"href":"https:\/\/www.miph.gov.dz\/fr\/wp-json\/wp\/v2\/comments?post=9626"}],"version-history":[{"count":22,"href":"https:\/\/www.miph.gov.dz\/fr\/wp-json\/wp\/v2\/pages\/9626\/revisions"}],"predecessor-version":[{"id":9741,"href":"https:\/\/www.miph.gov.dz\/fr\/wp-json\/wp\/v2\/pages\/9626\/revisions\/9741"}],"wp:attachment":[{"href":"https:\/\/www.miph.gov.dz\/fr\/wp-json\/wp\/v2\/media?parent=9626"}],"curies":[{"name":"wp","href":"https:\/\/api.w.org\/{rel}","templated":true}]}}