{"id":90,"date":"2017-03-14T18:12:57","date_gmt":"2017-03-14T17:12:57","guid":{"rendered":"https:\/\/www.miph.gov.dz\/fr\/?page_id=90"},"modified":"2026-02-26T14:39:22","modified_gmt":"2026-02-26T13:39:22","slug":"contact","status":"publish","type":"page","link":"https:\/\/www.miph.gov.dz\/fr\/contact\/","title":{"rendered":"Contact"},"content":{"rendered":"\t\t<div data-elementor-type=\"wp-page\" data-elementor-id=\"90\" class=\"elementor elementor-90\">\n\t\t\t\t\t\t<section class=\"elementor-section elementor-top-section elementor-element elementor-element-eb80558 elementor-section-boxed elementor-section-height-default elementor-section-height-default\" data-id=\"eb80558\" data-element_type=\"section\">\n\t\t\t\t\t\t<div class=\"elementor-container elementor-column-gap-default\">\n\t\t\t\t\t<div class=\"elementor-column elementor-col-100 elementor-top-column elementor-element elementor-element-3ac898d\" data-id=\"3ac898d\" data-element_type=\"column\">\n\t\t\t<div class=\"elementor-widget-wrap elementor-element-populated\">\n\t\t\t\t\t\t<div class=\"elementor-element elementor-element-cbc39df elementor-widget elementor-widget-image\" data-id=\"cbc39df\" data-element_type=\"widget\" data-widget_type=\"image.default\">\n\t\t\t\t<div class=\"elementor-widget-container\">\n\t\t\t\t\t\t\t\t\t\t\t\t\t\t\t<img fetchpriority=\"high\" decoding=\"async\" width=\"730\" height=\"446\" src=\"https:\/\/www.miph.gov.dz\/fr\/wp-content\/uploads\/2026\/02\/DSC014121-1024x626.jpg\" class=\"attachment-large size-large wp-image-23750\" alt=\"\" srcset=\"https:\/\/www.miph.gov.dz\/fr\/wp-content\/uploads\/2026\/02\/DSC014121-1024x626.jpg 1024w, https:\/\/www.miph.gov.dz\/fr\/wp-content\/uploads\/2026\/02\/DSC014121-300x183.jpg 300w, https:\/\/www.miph.gov.dz\/fr\/wp-content\/uploads\/2026\/02\/DSC014121-768x469.jpg 768w, https:\/\/www.miph.gov.dz\/fr\/wp-content\/uploads\/2026\/02\/DSC014121-1536x939.jpg 1536w, https:\/\/www.miph.gov.dz\/fr\/wp-content\/uploads\/2026\/02\/DSC014121-2048x1252.jpg 2048w, https:\/\/www.miph.gov.dz\/fr\/wp-content\/uploads\/2026\/02\/DSC014121-1320x807.jpg 1320w\" sizes=\"(max-width: 730px) 100vw, 730px\" \/>\t\t\t\t\t\t\t\t\t\t\t\t\t\t\t<\/div>\n\t\t\t\t<\/div>\n\t\t\t\t\t<\/div>\n\t\t<\/div>\n\t\t\t\t\t<\/div>\n\t\t<\/section>\n\t\t\t\t<section class=\"elementor-section elementor-top-section elementor-element elementor-element-4136f3c elementor-section-boxed elementor-section-height-default elementor-section-height-default\" data-id=\"4136f3c\" data-element_type=\"section\">\n\t\t\t\t\t\t<div class=\"elementor-container elementor-column-gap-default\">\n\t\t\t\t\t<div class=\"elementor-column elementor-col-100 elementor-top-column elementor-element elementor-element-7803c34\" data-id=\"7803c34\" data-element_type=\"column\">\n\t\t\t<div class=\"elementor-widget-wrap elementor-element-populated\">\n\t\t\t\t\t\t<div class=\"elementor-element elementor-element-fd83fac elementor-widget elementor-widget-text-editor\" data-id=\"fd83fac\" data-element_type=\"widget\" data-widget_type=\"text-editor.default\">\n\t\t\t\t<div class=\"elementor-widget-container\">\n\t\t\t\t\t\t\t\t\t<div>\u00a0<\/div><h3 style=\"padding-left: 40px; text-align: center;\"><strong>Minist\u00e8re de l&rsquo;industrie Phamaceutique\u00a0<\/strong><\/h3><div style=\"padding-left: 40px;\"><strong>\u00a0<\/strong><\/div><div style=\"padding-left: 40px;\"><strong>\u00a0Adresse: <\/strong>Boite postale N\u00b0 150, Sidi hassen Ch\u00e9raga<\/div><div style=\"padding-left: 40px;\"><strong>\u00a0<\/strong><\/div><div style=\"padding-left: 40px;\"><strong>T\u00e9l:<\/strong> +213. 23\u00a0 36 09 86<\/div><div style=\"padding-left: 40px;\">\u00a0 \u00a0 \u00a0 \u00a0+213. 23 36 09 84<\/div><div>\u00a0<\/div><div style=\"padding-left: 40px;\"><strong>Email<\/strong>:\u00a0<a href=\"mailto:communication@miph.gov.dz\" target=\"_blank\" rel=\"noopener\">communication@miph.gov.dz<\/a><\/div><div style=\"padding-left: 40px;\"><strong>youtube :<\/strong>\u00a0<a href=\"https:\/\/www.youtube.com\/channel\/UCmZq6r59sMmL1kPrS_sBD0g\" target=\"_blank\" rel=\"noopener\">Minist\u00e8re de l&rsquo;Industrie\u00a0 \u00a0Pharmaceutique (MIP)<\/a><br \/><strong>X:<\/strong> <a href=\"https:\/\/x.com\/industrie_pharm\" target=\"_blank\" rel=\"noopener\">idustrie_pharm<\/a><\/div><div style=\"padding-left: 40px;\">\u00a0<\/div>\t\t\t\t\t\t\t\t<\/div>\n\t\t\t\t<\/div>\n\t\t\t\t\t<\/div>\n\t\t<\/div>\n\t\t\t\t\t<\/div>\n\t\t<\/section>\n\t\t\t\t<section class=\"elementor-section elementor-top-section elementor-element elementor-element-7ca0f1a8 elementor-section-boxed elementor-section-height-default elementor-section-height-default\" data-id=\"7ca0f1a8\" data-element_type=\"section\">\n\t\t\t\t\t\t<div class=\"elementor-container elementor-column-gap-default\">\n\t\t\t\t\t<div class=\"elementor-column elementor-col-100 elementor-top-column elementor-element elementor-element-7a600f3a\" data-id=\"7a600f3a\" data-element_type=\"column\">\n\t\t\t<div class=\"elementor-widget-wrap elementor-element-populated\">\n\t\t\t\t\t\t<div class=\"elementor-element elementor-element-4b1ca13f elementor-widget elementor-widget-text-editor\" data-id=\"4b1ca13f\" data-element_type=\"widget\" data-widget_type=\"text-editor.default\">\n\t\t\t\t<div class=\"elementor-widget-container\">\n\t\t\t\t\t\t\t\t\t<div><\/div>\n<div><\/div>\n<table style=\"height: 471px;\" width=\"342\">\n<tbody>\n<tr>\n<td width=\"250\">\n<p style=\"text-align: center;\"><span style=\"color: #008080;\"><strong>Direction<\/strong><\/span><\/p>\n<\/td>\n<td style=\"text-align: center;\" width=\"150\"><span style=\"color: #008080;\"><strong>Adresse \u00e9lectronique professionnelle \/ T\u00e9l<\/strong><\/span><\/td>\n<\/tr>\n<tr>\n<td width=\"250\"><span style=\"color: #008080;\"><b>Direction de la Promotion de la<br>\nProduction pharmaceutique, de<br>\nl\u2019Exportation et de la Recherche<\/b><\/span><\/td>\n<td width=\"150\"><p>dppp@miph.gov.dz<\/p>\n<p>023.36.06.97<\/p><\/td>\n<\/tr>\n<tr>\n<td width=\"250\"><span style=\"color: #008080;\"><b>Direction de la Pharmaco-\u00e9conomie,<br>\ndes Activit\u00e9s Pharmaceutiques et de<br>\nla R\u00e9gulation<\/b><\/span><\/td>\n<td width=\"150\">&nbsp;regulation@miph.gov.dz<br>\n023.36.09.21<\/td>\n<\/tr>\n<tr>\n<td width=\"250\"><span style=\"color: #008080;\"><b>Direction des Syst\u00e8mes<br>\nd\u2019Information, de la Num\u00e9risation<br>\net de la Documentation<\/b><\/span><\/td>\n<td width=\"150\">\n<p style=\"text-align: left;\">dpe@miph.gov.dz<\/p>\n<p style=\"text-align: left;\">023.36.02.90<\/p>\n<\/td>\n<\/tr>\n<tr>\n<td width=\"250\"><b><span style=\"color: #008080;\"><b> Direction de la R\u00e9glementation, du<br>\nContentieux et de la Coop\u00e9ration <\/b><\/span><\/b><\/td>\n<td width=\"150\"><p><span style=\"background-color: transparent;\"><span style=\"color: #727272;\">drcc@miph.gov.dz<\/span><\/span><\/p>\n<p><span style=\"background-color: transparent; color: #727272; font-family: var( --e-global-typography-text-font-family ), Sans-serif;\">023.36.03.86<\/span><\/p><\/td>\n<\/tr>\n<tr>\n<td width=\"250\"><b><span style=\"color: #008080;\"><b>Direction de l\u2019Administration et des<br>\nMoyens <\/b><\/span><\/b><\/td>\n<td width=\"150\"><p><br><\/p><\/td>\n<\/tr>\n<\/tbody>\n<\/table>\n<hr>\t\t\t\t\t\t\t\t<\/div>\n\t\t\t\t<\/div>\n\t\t\t\t\t<\/div>\n\t\t<\/div>\n\t\t\t\t\t<\/div>\n\t\t<\/section>\n\t\t\t\t<section class=\"elementor-section elementor-top-section elementor-element elementor-element-782b478 elementor-section-boxed elementor-section-height-default elementor-section-height-default\" data-id=\"782b478\" data-element_type=\"section\">\n\t\t\t\t\t\t<div class=\"elementor-container elementor-column-gap-default\">\n\t\t\t\t\t<div class=\"elementor-column elementor-col-100 elementor-top-column elementor-element elementor-element-e09d54a\" data-id=\"e09d54a\" data-element_type=\"column\">\n\t\t\t<div class=\"elementor-widget-wrap elementor-element-populated\">\n\t\t\t\t\t\t<div class=\"elementor-element elementor-element-0974e9a elementor-widget elementor-widget-google_maps\" data-id=\"0974e9a\" data-element_type=\"widget\" data-widget_type=\"google_maps.default\">\n\t\t\t\t<div class=\"elementor-widget-container\">\n\t\t\t\t\t\t\t<div class=\"elementor-custom-embed\">\n\t\t\t<iframe loading=\"lazy\"\n\t\t\t\t\tsrc=\"https:\/\/maps.google.com\/maps?q=%20Sidi%20Hassen%20Cheraga%2C%20Alger%2016125&#038;t=m&#038;z=10&#038;output=embed&#038;iwloc=near\"\n\t\t\t\t\ttitle=\" Sidi Hassen Cheraga, Alger 16125\"\n\t\t\t\t\taria-label=\" Sidi Hassen Cheraga, Alger 16125\"\n\t\t\t><\/iframe>\n\t\t<\/div>\n\t\t\t\t\t\t<\/div>\n\t\t\t\t<\/div>\n\t\t\t\t\t<\/div>\n\t\t<\/div>\n\t\t\t\t\t<\/div>\n\t\t<\/section>\n\t\t\t\t<section class=\"elementor-section elementor-top-section elementor-element elementor-element-4a23221 elementor-section-boxed elementor-section-height-default elementor-section-height-default\" data-id=\"4a23221\" data-element_type=\"section\">\n\t\t\t\t\t\t<div class=\"elementor-container elementor-column-gap-default\">\n\t\t\t\t\t<div class=\"elementor-column elementor-col-33 elementor-top-column elementor-element elementor-element-f9fece6\" data-id=\"f9fece6\" data-element_type=\"column\">\n\t\t\t<div class=\"elementor-widget-wrap\">\n\t\t\t\t\t\t\t<\/div>\n\t\t<\/div>\n\t\t\t\t<div class=\"elementor-column elementor-col-33 elementor-top-column elementor-element elementor-element-8dac987\" data-id=\"8dac987\" data-element_type=\"column\">\n\t\t\t<div class=\"elementor-widget-wrap elementor-element-populated\">\n\t\t\t\t\t\t<div class=\"elementor-element elementor-element-a7d1442 elementor-widget__width-initial elementor-invisible elementor-widget elementor-widget-wp-widget-wp_statistics_widget\" data-id=\"a7d1442\" data-element_type=\"widget\" data-settings=\"{&quot;_animation&quot;:&quot;fadeInDown&quot;}\" data-widget_type=\"wp-widget-wp_statistics_widget.default\">\n\t\t\t\t<div class=\"elementor-widget-container\">\n\t\t\t\t\t<h5><\/h5><ul><li><label>Today's Views:&nbsp;<\/label>2\u00a0415<\/li><li><label>Total des vues:&nbsp;<\/label>1\u00a0855\u00a0145<\/li><li><label>Nombre total de visiteurs:&nbsp;<\/label>305\u00a0843<\/li><li><label>Total des vues de la page:&nbsp;<\/label>16\u00a0450<\/li><\/ul>\t\t\t\t<\/div>\n\t\t\t\t<\/div>\n\t\t\t\t\t<\/div>\n\t\t<\/div>\n\t\t\t\t<div class=\"elementor-column elementor-col-33 elementor-top-column elementor-element elementor-element-99cc136\" data-id=\"99cc136\" data-element_type=\"column\">\n\t\t\t<div class=\"elementor-widget-wrap\">\n\t\t\t\t\t\t\t<\/div>\n\t\t<\/div>\n\t\t\t\t\t<\/div>\n\t\t<\/section>\n\t\t\t\t<section class=\"elementor-section elementor-top-section elementor-element elementor-element-66f5310 elementor-section-boxed elementor-section-height-default elementor-section-height-default\" data-id=\"66f5310\" data-element_type=\"section\">\n\t\t\t\t\t\t<div class=\"elementor-container elementor-column-gap-default\">\n\t\t\t\t\t<div class=\"elementor-column elementor-col-50 elementor-top-column elementor-element elementor-element-35490e3\" data-id=\"35490e3\" data-element_type=\"column\">\n\t\t\t<div class=\"elementor-widget-wrap elementor-element-populated\">\n\t\t\t\t\t\t\t<\/div>\n\t\t<\/div>\n\t\t\t\t<div class=\"elementor-column elementor-col-50 elementor-top-column elementor-element elementor-element-c0c9eaf\" data-id=\"c0c9eaf\" data-element_type=\"column\">\n\t\t\t<div class=\"elementor-widget-wrap elementor-element-populated\">\n\t\t\t\t\t\t<div class=\"elementor-element elementor-element-deac0e6 elementor-widget elementor-widget-text-editor\" data-id=\"deac0e6\" data-element_type=\"widget\" data-widget_type=\"text-editor.default\">\n\t\t\t\t<div class=\"elementor-widget-container\">\n\t\t\t\t\t\t\t\t\t<p style=\"text-align: right;\">  \n  \n  <div class=\"\n    mailpoet_form_popup_overlay\n      \"><\/div>\n  <div\n    id=\"mailpoet_form_1\"\n    class=\"\n      mailpoet_form\n      mailpoet_form_shortcode\n      mailpoet_form_position_\n      mailpoet_form_animation_\n    \"\n      >\n\n    <style type=\"text\/css\">\n     #mailpoet_form_1 .mailpoet_form {  }\n#mailpoet_form_1 form { margin-bottom: 0; }\n#mailpoet_form_1 p.mailpoet_form_paragraph.last { margin-bottom: 5px; }\n#mailpoet_form_1 h4.mailpoet-heading { margin-bottom: 20px; margin-top: 0; }\n#mailpoet_form_1 .mailpoet_column_with_background { padding: 10px; }\n#mailpoet_form_1 .mailpoet_form_column:not(:first-child) { margin-left: 20px; }\n#mailpoet_form_1 .mailpoet_paragraph { line-height: 20px; margin-bottom: 20px; }\n#mailpoet_form_1 .mailpoet_segment_label, #mailpoet_form_1 .mailpoet_text_label, #mailpoet_form_1 .mailpoet_textarea_label, #mailpoet_form_1 .mailpoet_select_label, #mailpoet_form_1 .mailpoet_radio_label, #mailpoet_form_1 .mailpoet_checkbox_label, #mailpoet_form_1 .mailpoet_list_label, #mailpoet_form_1 .mailpoet_date_label { display: block; font-weight: normal; }\n#mailpoet_form_1 .mailpoet_text, #mailpoet_form_1 .mailpoet_textarea, #mailpoet_form_1 .mailpoet_select, #mailpoet_form_1 .mailpoet_date_month, #mailpoet_form_1 .mailpoet_date_day, #mailpoet_form_1 .mailpoet_date_year, #mailpoet_form_1 .mailpoet_date { display: block; }\n#mailpoet_form_1 .mailpoet_text, #mailpoet_form_1 .mailpoet_textarea { width: 150px; }\n#mailpoet_form_1 .mailpoet_checkbox {  }\n#mailpoet_form_1 .mailpoet_submit {  }\n#mailpoet_form_1 .mailpoet_divider {  }\n#mailpoet_form_1 .mailpoet_message {  }\n#mailpoet_form_1 .mailpoet_form_loading { width: 30px; text-align: center; line-height: normal; }\n#mailpoet_form_1 .mailpoet_form_loading > span { width: 5px; height: 5px; background-color: #5b5b5b; }#mailpoet_form_1{border-radius: 0px;background: url() center \/ cover no-repeat, #dbeaec;color: #000000;text-align: left;}#mailpoet_form_1 form.mailpoet_form {padding: 4px;}#mailpoet_form_1{width: 80%;}#mailpoet_form_1 .mailpoet_message {margin: 0; padding: 0 20px;}\n        #mailpoet_form_1 .mailpoet_validate_success {color: #00d084}\n        #mailpoet_form_1 input.parsley-success {color: #00d084}\n        #mailpoet_form_1 select.parsley-success {color: #00d084}\n        #mailpoet_form_1 textarea.parsley-success {color: #00d084}\n      \n        #mailpoet_form_1 .mailpoet_validate_error {color: #cf2e2e}\n        #mailpoet_form_1 input.parsley-error {color: #cf2e2e}\n        #mailpoet_form_1 select.parsley-error {color: #cf2e2e}\n        #mailpoet_form_1 textarea.textarea.parsley-error {color: #cf2e2e}\n        #mailpoet_form_1 .parsley-errors-list {color: #cf2e2e}\n        #mailpoet_form_1 .parsley-required {color: #cf2e2e}\n        #mailpoet_form_1 .parsley-custom-error-message {color: #cf2e2e}\n      #mailpoet_form_1 .mailpoet_paragraph.last {margin-bottom: 0} @media (max-width: 500px) {#mailpoet_form_1 {background: #dbeaec;}} @media (min-width: 500px) {#mailpoet_form_1 .last .mailpoet_paragraph:last-child {margin-bottom: 0}}  @media (max-width: 500px) {#mailpoet_form_1 .mailpoet_form_column:last-child .mailpoet_paragraph:last-child {margin-bottom: 0}} \n    <\/style>\n\n    <form\n      target=\"_self\"\n      method=\"post\"\n      action=\"https:\/\/www.miph.gov.dz\/fr\/wp-admin\/admin-post.php?action=mailpoet_subscription_form\"\n      class=\"mailpoet_form mailpoet_form_form mailpoet_form_shortcode\"\n      novalidate\n      data-delay=\"\"\n      data-exit-intent-enabled=\"\"\n      data-font-family=\"\"\n      data-cookie-expiration-time=\"\"\n    >\n      <input type=\"hidden\" name=\"data[form_id]\" value=\"1\" \/>\n      <input type=\"hidden\" name=\"token\" value=\"5b59b5c10a\" \/>\n      <input type=\"hidden\" name=\"api_version\" value=\"v1\" \/>\n      <input type=\"hidden\" name=\"endpoint\" value=\"subscribers\" \/>\n      <input type=\"hidden\" name=\"mailpoet_method\" value=\"subscribe\" \/>\n\n      <label class=\"mailpoet_hp_email_label\" style=\"display: none !important;\">Veuillez laisser ce champ vide<input type=\"email\" name=\"data[email]\"\/><\/label><h6 class=\"mailpoet-heading  mailpoet-has-background-color mailpoet-has-font-size\" id=\"subscribe-to-our-newsletter\" style=\"text-align: center; color: #ffffff; font-size: 16px; line-height: 1; background-color: #097988\">SUBSCRIBE TO OUR NEWSLETTER<\/h6>\n<div class='mailpoet_form_columns_container'><div class=\"mailpoet_form_columns mailpoet_paragraph mailpoet_stack_on_mobile\"><div class=\"mailpoet_form_column\" style=\"flex-basis:30%;padding:5px 5px 5px 5px;;\"><div class=\"mailpoet_paragraph \"><style>input[name=\"data[form_field_MDBlMTBjZmUwM2I3X2ZpcnN0X25hbWU=]\"]::placeholder{color:#38527a;opacity: 1;}<\/style><input type=\"text\" autocomplete=\"given-name\" class=\"mailpoet_text\" id=\"form_first_name_1\" name=\"data[form_field_MDBlMTBjZmUwM2I3X2ZpcnN0X25hbWU=]\" title=\"Nom et Pr\u00e9nom\" value=\"\" style=\"width:100%;box-sizing:border-box;background-color:#e8fcf8;border-style:solid;border-radius:10px !important;border-width:1px;border-color:#313131;padding:5px;margin: 0 auto 0 0;font-family:&#039;Montserrat&#039;;font-size:16px;line-height:1.5;height:auto;color:#38527a;\" data-automation-id=\"form_first_name\"  placeholder=\"Nom et Pr\u00e9nom *\" aria-label=\"Nom et Pr\u00e9nom *\" data-parsley-errors-container=\".mailpoet_error_1fzwq\" data-parsley-names='[&quot;Veuillez sp\u00e9cifier un nom valide.&quot;,&quot;Les adresses dans les noms ne sont pas autoris\u00e9es, veuillez ajouter votre nom \u00e0 la place.&quot;]' data-parsley-required=\"true\" required aria-required=\"true\" data-parsley-required-message=\"Ce champ est n\u00e9cessaire.\"\/><span class=\"mailpoet_error_1fzwq\"><\/span><\/div>\n<\/div>\n<div class=\"mailpoet_form_column\" style=\"padding:5px 5px 5px 5px;;\"><div class=\"mailpoet_paragraph \"><style>input[name=\"data[form_field_NjNkZGZkZmJjZTQ0X2xhc3RfbmFtZQ==]\"]::placeholder{color:#38527a;opacity: 1;}<\/style><input type=\"text\" autocomplete=\"family-name\" class=\"mailpoet_text\" id=\"form_last_name_1\" name=\"data[form_field_NjNkZGZkZmJjZTQ0X2xhc3RfbmFtZQ==]\" title=\"Organisation\" value=\"\" style=\"width:100%;box-sizing:border-box;background-color:#e8fcf8;border-style:solid;border-radius:10px !important;border-width:1px;border-color:#313131;padding:5px;margin: 0 auto 0 0;font-family:&#039;Montserrat&#039;;font-size:16px;line-height:1.5;height:auto;color:#38527a;\" data-automation-id=\"form_last_name\"  placeholder=\"Organisation *\" aria-label=\"Organisation *\" data-parsley-errors-container=\".mailpoet_error_1nz2i\" data-parsley-names='[&quot;Veuillez sp\u00e9cifier un nom valide.&quot;,&quot;Les adresses dans les noms ne sont pas autoris\u00e9es, veuillez ajouter votre nom \u00e0 la place.&quot;]' data-parsley-required=\"true\" required aria-required=\"true\" data-parsley-required-message=\"Ce champ est n\u00e9cessaire.\"\/><span class=\"mailpoet_error_1nz2i\"><\/span><\/div>\n<\/div>\n<div class=\"mailpoet_form_column mailpoet_vertically_align_center\" style=\"padding:5px 5px 5px 5px;;\"><div class=\"mailpoet_paragraph \"><style>input[name=\"data[form_field_OGQxZDExZmNkMjE2X2VtYWls]\"]::placeholder{color:#38527a;opacity: 1;}<\/style><input type=\"email\" autocomplete=\"email\" class=\"mailpoet_text\" id=\"form_email_1\" name=\"data[form_field_OGQxZDExZmNkMjE2X2VtYWls]\" title=\"Adresse e-mail\" value=\"\" style=\"width:100%;box-sizing:border-box;background-color:#e8fcf8;border-style:solid;border-radius:10px !important;border-width:1px;border-color:#38527a;padding:5px;margin: 0 auto 0 0;font-family:&#039;Montserrat&#039;;font-size:16px;line-height:1.5;height:auto;color:#38527a;\" data-automation-id=\"form_email\"  placeholder=\"Adresse e-mail *\" aria-label=\"Adresse e-mail *\" data-parsley-errors-container=\".mailpoet_error_13x2l\" data-parsley-required=\"true\" required aria-required=\"true\" data-parsley-minlength=\"6\" data-parsley-maxlength=\"150\" data-parsley-type-message=\"Cette valeur doit \u00eatre un e-mail valide.\" data-parsley-required-message=\"Ce champ est n\u00e9cessaire.\"\/><span class=\"mailpoet_error_13x2l\"><\/span><\/div>\n<\/div>\n<\/div><\/div>\n<div class='mailpoet_form_columns_container'><div class=\"mailpoet_form_columns mailpoet_paragraph mailpoet_stack_on_mobile\"><div class=\"mailpoet_form_column\" style=\"flex-basis:100%;\"><div class=\"mailpoet_paragraph \"><input type=\"submit\" class=\"mailpoet_submit\" value=\"SUBSCRIBE\" data-automation-id=\"subscribe-submit-button\" data-font-family='Montserrat' style=\"width:100%;box-sizing:border-box;background-color:#097988;border-style:solid;border-radius:40px !important;border-width:0px;padding:12px;margin: 0 auto 0 0;font-family:&#039;Montserrat&#039;;font-size:18px;line-height:1.5;height:auto;color:#ffffff;border-color:transparent;font-weight:bold;\" \/><span class=\"mailpoet_form_loading\"><span class=\"mailpoet_bounce1\"><\/span><span class=\"mailpoet_bounce2\"><\/span><span class=\"mailpoet_bounce3\"><\/span><\/span><\/div>\n<\/div>\n<\/div><\/div>\n\n      <div class=\"mailpoet_message\">\n        <p class=\"mailpoet_validate_success\"\n                style=\"display:none;\"\n                >Vous avez bien \u00e9t\u00e9 inscrit \u00e0 notre newsletter\u00a0!\n        <\/p>\n        <p class=\"mailpoet_validate_error\"\n                style=\"display:none;\"\n                >        <\/p>\n      <\/div>\n    <\/form>\n\n      <\/div>\n\n  <\/p>\t\t\t\t\t\t\t\t<\/div>\n\t\t\t\t<\/div>\n\t\t\t\t\t<\/div>\n\t\t<\/div>\n\t\t\t\t\t<\/div>\n\t\t<\/section>\n\t\t\t\t<\/div>\n\t\t","protected":false},"excerpt":{"rendered":"<p>\u00a0 Minist\u00e8re de l&rsquo;industrie Phamaceutique\u00a0 \u00a0\u00a0Adresse: Boite postale N\u00b0 150, Sidi hassen Ch\u00e9raga\u00a0T\u00e9l: +213. 23\u00a0 36 09 86\u00a0 \u00a0 \u00a0 \u00a0+213. 23 36 09 84\u00a0Email:\u00a0communication@miph.gov.dzyoutube :\u00a0Minist\u00e8re de l&rsquo;Industrie\u00a0 \u00a0Pharmaceutique (MIP)X: idustrie_pharm\u00a0 Direction Adresse \u00e9lectronique professionnelle \/ T\u00e9l Direction de la Promotion de la Production pharmaceutique, de l\u2019Exportation et de la Recherche dppp@miph.gov.dz 023.36.06.97 Direction de [&hellip;]<\/p>\n","protected":false},"author":1,"featured_media":0,"parent":0,"menu_order":0,"comment_status":"closed","ping_status":"closed","template":"","meta":{"footnotes":""},"class_list":["post-90","page","type-page","status-publish","hentry"],"_links":{"self":[{"href":"https:\/\/www.miph.gov.dz\/fr\/wp-json\/wp\/v2\/pages\/90","targetHints":{"allow":["GET"]}}],"collection":[{"href":"https:\/\/www.miph.gov.dz\/fr\/wp-json\/wp\/v2\/pages"}],"about":[{"href":"https:\/\/www.miph.gov.dz\/fr\/wp-json\/wp\/v2\/types\/page"}],"author":[{"embeddable":true,"href":"https:\/\/www.miph.gov.dz\/fr\/wp-json\/wp\/v2\/users\/1"}],"replies":[{"embeddable":true,"href":"https:\/\/www.miph.gov.dz\/fr\/wp-json\/wp\/v2\/comments?post=90"}],"version-history":[{"count":310,"href":"https:\/\/www.miph.gov.dz\/fr\/wp-json\/wp\/v2\/pages\/90\/revisions"}],"predecessor-version":[{"id":23753,"href":"https:\/\/www.miph.gov.dz\/fr\/wp-json\/wp\/v2\/pages\/90\/revisions\/23753"}],"wp:attachment":[{"href":"https:\/\/www.miph.gov.dz\/fr\/wp-json\/wp\/v2\/media?parent=90"}],"curies":[{"name":"wp","href":"https:\/\/api.w.org\/{rel}","templated":true}]}}