{"id":8598,"date":"2022-06-21T16:01:53","date_gmt":"2022-06-21T15:01:53","guid":{"rendered":"https:\/\/www.miph.gov.dz\/fr\/?page_id=8598"},"modified":"2026-04-09T14:26:55","modified_gmt":"2026-04-09T13:26:55","slug":"etablissements-pharmaceutiques","status":"publish","type":"page","link":"https:\/\/www.miph.gov.dz\/fr\/etablissements-pharmaceutiques\/","title":{"rendered":"Etablissements pharmaceutiques"},"content":{"rendered":"<p><img decoding=\"async\" class=\"aligncenter\" title=\"1736-1441376958-pharma-geek-shutterstock\" src=\"https:\/\/www.miph.gov.dz\/fr\/wp-content\/uploads\/elementor\/thumbs\/1736-1441376958-pharma-geek-shutterstock-pqn9zm811dbc7i4icxlfmful2ar4kbg2cn6x1h260q.jpg\" alt=\"1736-1441376958-pharma-geek-shutterstock\" \/><\/p>\n<h4><a href=\"https:\/\/www.miph.gov.dz\/fr\/wp-content\/uploads\/2021\/06\/10-De%CC%81cret-exe%CC%81cutif-n%C2%B0-21-82-du-11-Rajab-1442-correspondant-au-23-fe%CC%81vrier-2021-relatif-aux-e%CC%81tablissements-pharmaceutiques-et-les-conditions-de-leur-agre%CC%81ment.-1.pdf\"><b><img decoding=\"async\" src=\"https:\/\/www.miph.gov.dz\/fr\/wp-content\/uploads\/2021\/06\/icone_pdf-e1625411984596.png\" alt=\"\" width=\"29\" height=\"29\" \/> D\u00e9cret ex\u00e9cutif n\u00b0 21-82 du 11 Rajab 1442 correspondant au 23 f\u00e9vrier 2021 relatif aux \u00e9tablissements pharmaceutiques et les conditions de leur agr\u00e9ment.<\/b><\/a><\/h4>\n<p><strong>Les \u00e9tablissements pharmaceutiques titulaires d\u2019un agr\u00e9ment en cours de validit\u00e9, sont les suivants :<\/strong><\/p>\n<ul>\n<li><a href=\"https:\/\/www.miph.gov.dz\/fr\/wp-content\/uploads\/2026\/04\/AGREMENT-DE-FABRICATION-09-04-2026.pdf\" target=\"_blank\" rel=\"noopener\">Les \u00e9tablissements pharmaceutiques de fabrication.<\/a>(actualis\u00e9e le :09\/04\/2026 &#8211; en mise \u00e0 jour continue).<\/li>\n<li><a href=\"https:\/\/www.miph.gov.dz\/fr\/wp-content\/uploads\/2026\/04\/AGREMENT-EXPLOITATION-09-04-2026.pdf\" target=\"_blank\" rel=\"noopener\">Les \u00e9tablissements pharmaceutiques d&rsquo;exploitation<\/a>(actualis\u00e9e le :09\/04\/2026- en mise \u00e0 jour continue).<\/li>\n<li><a href=\"https:\/\/www.miph.gov.dz\/fr\/wp-content\/uploads\/2026\/04\/AGREMENT-DIMPORTATION-09-04-2026.pdf\" target=\"_blank\" rel=\"noopener\">Les \u00e9tablissements pharmaceutiques d&rsquo;importation<\/a>(actualis\u00e9e le :09\/04\/2026- en mise \u00e0 jour continue)<\/li>\n<li><a href=\"https:\/\/www.miph.gov.dz\/fr\/wp-content\/uploads\/2026\/04\/AGREMENT-DE-DISTRIBUTION-EN-GROS-09-04-2026.pdf\" target=\"_blank\" rel=\"noopener\">Les \u00e9tablissements pharmaceutiques de distribution en gros<\/a> (actualis\u00e9e le :09\/04\/2026- en mise \u00e0 jour) continue).<\/li>\n<li><a href=\"https:\/\/www.miph.gov.dz\/fr\/wp-content\/uploads\/2026\/04\/AGREMENT-DE-PROMOTION-09-04-2026.pdf\" target=\"_blank\" rel=\"noopener\">soci\u00e9t\u00e9 sp\u00e9cialis\u00e9e dans l&rsquo;information m\u00e9dicale et scientifique<\/a> (actualis\u00e9e le :09\/04\/2026- en mise \u00e0 jour) continue).<\/li>\n<\/ul>\n<ul>\n<li><span style=\"color: #048b9a;\"><a style=\"color: #048b9a;\" href=\"http:\/\/41.111.153.170\/ged\"><strong>Consultation des licences .<\/strong><\/a><\/span><\/li>\n<\/ul>\n<ul>\n<li><strong style=\"color: #048b9a; transition-property: all;\"><img decoding=\"async\" class=\"size-full wp-image-963 alignleft\" src=\"https:\/\/www.miph.gov.dz\/fr\/wp-content\/uploads\/2021\/06\/icone_pdf-e1625411984596.png\" alt=\"\" width=\"29\" height=\"29\" \/><\/strong><a style=\"color: #048b9a;\" href=\"https:\/\/www.miph.gov.dz\/fr\/wp-content\/uploads\/2026\/01\/Mise-en-demeur.pdf\" target=\"_blank\" rel=\"noopener\"><strong>LISTE DES ETABLISSEMENTS MIS EN DEMEUR <\/strong><\/a>(publi\u00e9e le 19 \/01\/2026)<\/li>\n<\/ul>\n<p><span style=\"color: #048b9a;\"><strong>LISTE DES ETABLISSEMENTS PHARMACEUTIQUES CONCERNES PAR LE RETRAIT D&rsquo;AGREMENT:<\/strong><\/span><\/p>\n<ul>\n<li style=\"list-style-type: none;\">\n<ul>\n<li style=\"list-style-type: none;\">\n<ul>\n<li><a href=\"https:\/\/www.miph.gov.dz\/fr\/wp-content\/uploads\/2026\/01\/Retrait.pdf\" target=\"_blank\" rel=\"noopener\"><span style=\"color: #048b9a;\"><strong><strong style=\"color: #048b9a; transition-property: all;\"><img decoding=\"async\" class=\"size-full wp-image-963 alignleft\" src=\"https:\/\/www.miph.gov.dz\/fr\/wp-content\/uploads\/2021\/06\/icone_pdf-e1625411984596.png\" alt=\"\" width=\"29\" height=\"29\" \/><\/strong><\/strong><\/span><\/a><strong><a href=\"https:\/\/www.miph.gov.dz\/fr\/wp-content\/uploads\/2026\/02\/retrait-dagrement.pdf\">Liste publi\u00e9e le 01 \/02\/2026<\/a><\/strong><\/li>\n<\/ul>\n<\/li>\n<\/ul>\n<\/li>\n<\/ul>\n<ul>\n<li style=\"list-style-type: none;\">\n<ul>\n<li style=\"list-style-type: none;\">\n<ul>\n<li><a href=\"https:\/\/www.miph.gov.dz\/fr\/wp-content\/uploads\/2026\/01\/Retrait.pdf\" target=\"_blank\" rel=\"noopener\"><span style=\"color: #048b9a;\"><strong><strong style=\"color: #048b9a; transition-property: all;\"><img decoding=\"async\" class=\"size-full wp-image-963 alignleft\" src=\"https:\/\/www.miph.gov.dz\/fr\/wp-content\/uploads\/2021\/06\/icone_pdf-e1625411984596.png\" alt=\"\" width=\"29\" height=\"29\" \/><\/strong><\/strong><\/span><\/a><strong><a href=\"https:\/\/www.miph.gov.dz\/fr\/wp-content\/uploads\/2026\/01\/Retrait.pdf\">Liste publi\u00e9e le 19 \/01\/2026<\/a><\/strong><\/li>\n<\/ul>\n<\/li>\n<\/ul>\n<\/li>\n<\/ul>\n<p>&nbsp;<\/p>\n<ul>\n<li style=\"list-style-type: none;\"><\/li>\n<\/ul>\n<p>&nbsp;<\/p>\n","protected":false},"excerpt":{"rendered":"<p>D\u00e9cret ex\u00e9cutif n\u00b0 21-82 du 11 Rajab 1442 correspondant au 23 f\u00e9vrier 2021 relatif aux \u00e9tablissements pharmaceutiques et les conditions de leur agr\u00e9ment. Les \u00e9tablissements pharmaceutiques titulaires d\u2019un agr\u00e9ment en cours de validit\u00e9, sont les suivants : Les \u00e9tablissements pharmaceutiques de fabrication.(actualis\u00e9e le :09\/04\/2026 &#8211; en mise \u00e0 jour continue). Les \u00e9tablissements pharmaceutiques d&rsquo;exploitation(actualis\u00e9e le [&hellip;]<\/p>\n","protected":false},"author":1,"featured_media":0,"parent":0,"menu_order":0,"comment_status":"closed","ping_status":"closed","template":"","meta":{"footnotes":""},"class_list":["post-8598","page","type-page","status-publish","hentry"],"_links":{"self":[{"href":"https:\/\/www.miph.gov.dz\/fr\/wp-json\/wp\/v2\/pages\/8598","targetHints":{"allow":["GET"]}}],"collection":[{"href":"https:\/\/www.miph.gov.dz\/fr\/wp-json\/wp\/v2\/pages"}],"about":[{"href":"https:\/\/www.miph.gov.dz\/fr\/wp-json\/wp\/v2\/types\/page"}],"author":[{"embeddable":true,"href":"https:\/\/www.miph.gov.dz\/fr\/wp-json\/wp\/v2\/users\/1"}],"replies":[{"embeddable":true,"href":"https:\/\/www.miph.gov.dz\/fr\/wp-json\/wp\/v2\/comments?post=8598"}],"version-history":[{"count":440,"href":"https:\/\/www.miph.gov.dz\/fr\/wp-json\/wp\/v2\/pages\/8598\/revisions"}],"predecessor-version":[{"id":23746,"href":"https:\/\/www.miph.gov.dz\/fr\/wp-json\/wp\/v2\/pages\/8598\/revisions\/23746"}],"wp:attachment":[{"href":"https:\/\/www.miph.gov.dz\/fr\/wp-json\/wp\/v2\/media?parent=8598"}],"curies":[{"name":"wp","href":"https:\/\/api.w.org\/{rel}","templated":true}]}}