{"id":7380,"date":"2022-04-19T10:49:15","date_gmt":"2022-04-19T09:49:15","guid":{"rendered":"https:\/\/www.miph.gov.dz\/fr\/?page_id=7380"},"modified":"2022-04-19T12:13:14","modified_gmt":"2022-04-19T11:13:14","slug":"mission-hommes-daffaires-algeriens-en-ouganda","status":"publish","type":"page","link":"https:\/\/www.miph.gov.dz\/fr\/mission-hommes-daffaires-algeriens-en-ouganda\/","title":{"rendered":"ALGEX organise une mission pour des hommes d&rsquo;affaires alg\u00e9riens en Ouganda"},"content":{"rendered":"\t\t<div data-elementor-type=\"wp-page\" data-elementor-id=\"7380\" class=\"elementor elementor-7380\">\n\t\t\t\t\t\t<section class=\"elementor-section elementor-top-section elementor-element elementor-element-c53e144 elementor-section-boxed elementor-section-height-default elementor-section-height-default\" data-id=\"c53e144\" data-element_type=\"section\">\n\t\t\t\t\t\t<div class=\"elementor-container elementor-column-gap-default\">\n\t\t\t\t\t<div class=\"elementor-column elementor-col-100 elementor-top-column elementor-element elementor-element-7c70fe0\" data-id=\"7c70fe0\" data-element_type=\"column\">\n\t\t\t<div class=\"elementor-widget-wrap elementor-element-populated\">\n\t\t\t\t\t\t<div class=\"elementor-element elementor-element-fb53bc8 elementor-widget elementor-widget-spacer\" data-id=\"fb53bc8\" data-element_type=\"widget\" data-widget_type=\"spacer.default\">\n\t\t\t\t<div class=\"elementor-widget-container\">\n\t\t\t\t\t\t\t<div class=\"elementor-spacer\">\n\t\t\t<div class=\"elementor-spacer-inner\"><\/div>\n\t\t<\/div>\n\t\t\t\t\t\t<\/div>\n\t\t\t\t<\/div>\n\t\t\t\t\t<\/div>\n\t\t<\/div>\n\t\t\t\t\t<\/div>\n\t\t<\/section>\n\t\t\t\t<section class=\"elementor-section elementor-top-section elementor-element elementor-element-9490fec elementor-section-boxed elementor-section-height-default elementor-section-height-default elementor-invisible\" data-id=\"9490fec\" data-element_type=\"section\" data-settings=\"{&quot;animation&quot;:&quot;fadeInLeft&quot;}\">\n\t\t\t\t\t\t<div class=\"elementor-container elementor-column-gap-default\">\n\t\t\t\t\t<div class=\"elementor-column elementor-col-50 elementor-top-column elementor-element elementor-element-976e6b7\" data-id=\"976e6b7\" data-element_type=\"column\">\n\t\t\t<div class=\"elementor-widget-wrap elementor-element-populated\">\n\t\t\t\t\t\t<div class=\"elementor-element elementor-element-d25f23a elementor-widget__width-initial elementor-invisible elementor-widget elementor-widget-image\" data-id=\"d25f23a\" data-element_type=\"widget\" data-settings=\"{&quot;_animation&quot;:&quot;zoomIn&quot;}\" data-widget_type=\"image.default\">\n\t\t\t\t<div class=\"elementor-widget-container\">\n\t\t\t\t\t\t\t\t\t\t\t\t\t\t\t<img fetchpriority=\"high\" decoding=\"async\" width=\"775\" height=\"251\" src=\"https:\/\/www.miph.gov.dz\/fr\/wp-content\/uploads\/2022\/04\/7a5796939c6ac0dde162bfc405fdcfa3_XL.jpg\" class=\"attachment-full size-full wp-image-7362\" alt=\"\" srcset=\"https:\/\/www.miph.gov.dz\/fr\/wp-content\/uploads\/2022\/04\/7a5796939c6ac0dde162bfc405fdcfa3_XL.jpg 775w, https:\/\/www.miph.gov.dz\/fr\/wp-content\/uploads\/2022\/04\/7a5796939c6ac0dde162bfc405fdcfa3_XL-300x97.jpg 300w, https:\/\/www.miph.gov.dz\/fr\/wp-content\/uploads\/2022\/04\/7a5796939c6ac0dde162bfc405fdcfa3_XL-768x249.jpg 768w\" sizes=\"(max-width: 775px) 100vw, 775px\" \/>\t\t\t\t\t\t\t\t\t\t\t\t\t\t\t<\/div>\n\t\t\t\t<\/div>\n\t\t\t\t\t<\/div>\n\t\t<\/div>\n\t\t\t\t<div class=\"elementor-column elementor-col-50 elementor-top-column elementor-element elementor-element-a9da1bd\" data-id=\"a9da1bd\" data-element_type=\"column\">\n\t\t\t<div class=\"elementor-widget-wrap elementor-element-populated\">\n\t\t\t\t\t\t<div class=\"elementor-element elementor-element-7544241 elementor-widget__width-initial elementor-widget elementor-widget-text-editor\" data-id=\"7544241\" data-element_type=\"widget\" data-widget_type=\"text-editor.default\">\n\t\t\t\t<div class=\"elementor-widget-container\">\n\t\t\t\t\t\t\t\t\t<p style=\"text-align: justify;\">ALGEX organise une mission pour des hommes d&rsquo;affaires alg\u00e9riens en Ouganda <strong>du 18 au 21 mai 2022 <\/strong>en vue d&rsquo;explorer les opportunit\u00e9s disponibles dans le march\u00e9 ougandais<\/p>\t\t\t\t\t\t\t\t<\/div>\n\t\t\t\t<\/div>\n\t\t\t\t\t<\/div>\n\t\t<\/div>\n\t\t\t\t\t<\/div>\n\t\t<\/section>\n\t\t\t\t<section class=\"elementor-section elementor-top-section elementor-element elementor-element-80e020b elementor-section-boxed elementor-section-height-default elementor-section-height-default\" data-id=\"80e020b\" data-element_type=\"section\">\n\t\t\t\t\t\t<div class=\"elementor-container elementor-column-gap-default\">\n\t\t\t\t\t<div class=\"elementor-column elementor-col-100 elementor-top-column elementor-element elementor-element-6a3e3f3\" data-id=\"6a3e3f3\" data-element_type=\"column\">\n\t\t\t<div class=\"elementor-widget-wrap elementor-element-populated\">\n\t\t\t\t\t\t<div class=\"elementor-element elementor-element-6fe9a39 elementor-widget elementor-widget-spacer\" data-id=\"6fe9a39\" data-element_type=\"widget\" data-widget_type=\"spacer.default\">\n\t\t\t\t<div class=\"elementor-widget-container\">\n\t\t\t\t\t\t\t<div class=\"elementor-spacer\">\n\t\t\t<div class=\"elementor-spacer-inner\"><\/div>\n\t\t<\/div>\n\t\t\t\t\t\t<\/div>\n\t\t\t\t<\/div>\n\t\t\t\t\t<\/div>\n\t\t<\/div>\n\t\t\t\t\t<\/div>\n\t\t<\/section>\n\t\t\t\t<section class=\"elementor-section elementor-top-section elementor-element elementor-element-24ce1df elementor-section-boxed elementor-section-height-default elementor-section-height-default elementor-invisible\" data-id=\"24ce1df\" data-element_type=\"section\" data-settings=\"{&quot;animation&quot;:&quot;zoomInUp&quot;}\">\n\t\t\t\t\t\t<div class=\"elementor-container elementor-column-gap-default\">\n\t\t\t\t\t<div class=\"elementor-column elementor-col-100 elementor-top-column elementor-element elementor-element-efb6f9c\" data-id=\"efb6f9c\" data-element_type=\"column\">\n\t\t\t<div class=\"elementor-widget-wrap elementor-element-populated\">\n\t\t\t\t\t\t<div class=\"elementor-element elementor-element-6bcfff4 elementor-widget elementor-widget-text-editor\" data-id=\"6bcfff4\" data-element_type=\"widget\" data-widget_type=\"text-editor.default\">\n\t\t\t\t<div class=\"elementor-widget-container\">\n\t\t\t\t\t\t\t\t\t<div class=\"itemIntroText col-xs-hidden selectionShareable\"><div class=\"itemFullText\"><p dir=\"rtl\" style=\"text-align: right;\">\u062a\u062d\u062a \u0627\u0634\u0631\u0627\u0641 \u0648\u0632\u0627\u0631\u0629 \u0627\u0644\u062a\u062c\u0627\u0631\u0629 \u0648\u062a\u0631\u0642\u064a\u0629 \u0627\u0644\u0635\u0627\u062f\u0631\u0627\u062a \u062a\u0646\u0638\u0645 \u0627\u0644\u063a\u0631\u0641\u0629 \u0627\u0644\u062c\u0632\u0627\u0626\u0631\u064a\u0629 \u0644\u0644\u062a\u062c\u0627\u0631\u0629 \u0648\u0627\u0644\u0635\u0646\u0627\u0639\u0629 \u0628\u0627\u0644\u062a\u0639\u0627\u0648\u0646 \u0645\u0639 \u0627\u0644\u0648\u0643\u0627\u0644\u0629 \u00ab\u00a0\u0623\u0644\u062c\u0643\u0633\u00a0\u00bb <strong>\u0645\u0647\u0645\u0629 \u0644\u0631\u062c\u0627\u0644 \u0623\u0639\u0645\u0627\u0644 \u062c\u0632\u0627\u0626\u0631\u064a\u064a\u0646 \u0627\u0644\u0649 \u0623\u0648\u063a\u0646\u062f\u0627<\/strong>\u00a0\u0641\u064a \u0627\u0644\u0641\u062a\u0631\u0629 \u0627\u0644\u0645\u0645\u062a\u062f\u0629 \u0645\u0646 18<strong>\u00a0\u0627\u0644\u0649 21 \u0645\u0627\u064a\u00a0 2022<\/strong>\u00a0\u0648\u0630\u0644\u0643 \u0641\u064a \u0627\u0637\u0627\u0631 \u062a\u0646\u0634\u064a\u0637 \u0627\u0644\u0639\u0644\u0627\u0642\u0627\u062a \u0627\u0644\u0627\u0642\u062a\u0635\u0627\u062f\u064a\u0629 \u0648 \u0627\u0644\u062a\u062c\u0627\u0631\u064a\u0629 \u0628\u064a\u0646 \u0627\u0644\u062c\u0632\u0627\u0626\u0631 \u0648 \u0623\u0648\u063a\u0646\u062f\u0627 \u0648 \u062a\u062d\u062f\u064a\u062f \u0645\u064a\u0627\u062f\u064a\u0646 \u0627\u0644\u062a\u0639\u0627\u0648\u0646 \u0648 \u0627\u0644\u0634\u0631\u0627\u0643\u0629\u00a0 \u0628\u064a\u0646 \u0631\u062c\u0627\u0644 \u0623\u0639\u0645\u0627\u0644 \u0627\u0644\u0628\u0644\u062f\u064a\u0646\u00a0\u00a0 \u0648 \u0627\u0633\u062a\u0643\u0634\u0627\u0641 \u0627\u0644\u0641\u0631\u0635 \u0627\u0644\u0645\u062a\u0627\u062d\u0629 \u0641\u064a \u0627\u0644\u0633\u0648\u0642 \u0627\u0644\u0623\u0648\u063a\u0646\u062f\u064a.<br \/>\u062a\u062a\u0645\u062b\u0644 \u0627\u0644\u0642\u0637\u0627\u0639\u0627\u062a \u0627\u0644\u0627\u0642\u062a\u0635\u0627\u062f\u064a\u0629 \u0627\u0644\u0645\u0639\u0646\u064a\u0629 \u0628\u0647\u0630\u0647 \u0627\u0644\u0645\u0647\u0645\u0629 \u0641\u064a: \u0627\u0644\u0635\u0646\u0627\u0639\u0627\u062a \u0627\u0644\u0635\u064a\u062f\u0644\u0627\u0646\u064a\u0629\u066c \u0627\u0644\u0635\u0646\u0627\u0639\u0627\u062a \u0627\u0644\u063a\u0630\u0627\u0626\u064a\u0629 \u066c\u0627\u0644\u0635\u0646\u0627\u0639\u0627\u062a \u0627\u0644\u0627\u0644\u0643\u062a\u0631\u0648\u0646\u064a\u0629 \u0648 \u0627\u0644\u0647\u0648\u0627\u062a\u0641 \u0627\u0644\u0646\u0642\u0627\u0644\u0629 \u066c\u0627\u0644\u062a\u062c\u0647\u064a\u0632\u0627\u062a \u0627\u0644\u0641\u0644\u0627\u062d\u064a\u0629 \u066c\u0627\u0644\u0645\u062d\u0631\u0648\u0642\u0627\u062a \u0648 \u0627\u0644\u0645\u0627\u0644\u064a\u0629.<br \/>\u0648 \u0639\u0644\u064a\u0647\u066c \u064a\u062a\u0639\u064a\u0646 \u0639\u0644\u0649 \u0627\u0644\u0645\u0624\u0633\u0633\u0627\u062a \u0627\u0644\u062c\u0632\u0627\u0626\u0631\u064a\u0629 \u0627\u0644\u0645\u0639\u0646\u064a\u0629 \u0628\u0627\u0644\u0642\u0637\u0627\u0639\u0627\u062a \u0627\u0644\u0627\u0642\u062a\u0635\u0627\u062f\u064a\u0629 \u0627\u0644\u0645\u0630\u0643\u0648\u0631\u0629 \u0648 \u0627\u0644\u0645\u0647\u062a\u0645\u0629 \u0628\u0627\u0644\u0645\u0634\u0627\u0631\u0643\u0629 \u0645\u0644\u0626 \u0627\u0644\u0627\u0633\u062a\u0645\u0627\u0631\u0629 \u0645\u0646 \u062e\u0644\u0627\u0644 \u0627\u0644\u0646\u0642\u0631 \u0639\u0644\u0649\u00a0<a href=\"https:\/\/www.algex.dz\/ar\/2022-04-18-09-58-32\/view\/form\" target=\"_blank\" rel=\"noopener\">\u0627\u0644\u0631\u0627\u0628\u0637 \u0627\u0644\u062a\u0627\u0644\u064a<\/a>\u00a0\u0648 \u0630\u0644\u0643\u00a0<strong>\u0642\u0628\u0644 \u062a\u0627\u0631\u064a\u062e \u0627\u0644\u062e\u0645\u064a\u0633 28 \u0623\u0641\u0631\u064a\u0644 2022<\/strong>\u00a0.<br \/><strong>\u062a\u062c\u062f\u0631 \u0627\u0644\u0627\u0634\u0627\u0631\u0629 \u0628\u0623\u0646 \u062a\u0643\u0627\u0644\u064a\u0641 \u062a\u0630\u0643\u0631\u0629 \u0627\u0644\u0633\u0641\u0631\u00a0 \u0648 \u0627\u0644\u0627\u064a\u0648\u0627\u0621 \u062a\u0642\u0639 \u0639\u0644\u0649 \u0639\u0627\u062a\u0642 \u0627\u0644\u0645\u0624\u0633\u0633\u0629 \u0627\u0644\u0645\u0634\u0627\u0631\u0643\u0629.<\/strong><span style=\"color: var( --e-global-color-secondary ); font-family: var( --e-global-typography-text-font-family ), Sans-serif; font-weight: var( --e-global-typography-text-font-weight ); text-align: left;\">\u00a0<\/span><\/p><\/div><\/div>\t\t\t\t\t\t\t\t<\/div>\n\t\t\t\t<\/div>\n\t\t\t\t\t<\/div>\n\t\t<\/div>\n\t\t\t\t\t<\/div>\n\t\t<\/section>\n\t\t\t\t<section class=\"elementor-section elementor-top-section elementor-element elementor-element-aa5190a elementor-section-boxed elementor-section-height-default elementor-section-height-default\" data-id=\"aa5190a\" data-element_type=\"section\">\n\t\t\t\t\t\t<div class=\"elementor-container elementor-column-gap-default\">\n\t\t\t\t\t<div class=\"elementor-column elementor-col-100 elementor-top-column elementor-element elementor-element-ece17a7\" data-id=\"ece17a7\" data-element_type=\"column\">\n\t\t\t<div class=\"elementor-widget-wrap elementor-element-populated\">\n\t\t\t\t\t\t<div class=\"elementor-element elementor-element-92c27f6 elementor-widget-divider--view-line elementor-invisible elementor-widget elementor-widget-divider\" data-id=\"92c27f6\" data-element_type=\"widget\" data-settings=\"{&quot;_animation&quot;:&quot;fadeIn&quot;}\" data-widget_type=\"divider.default\">\n\t\t\t\t<div class=\"elementor-widget-container\">\n\t\t\t\t\t\t\t<div class=\"elementor-divider\">\n\t\t\t<span class=\"elementor-divider-separator\">\n\t\t\t\t\t\t<\/span>\n\t\t<\/div>\n\t\t\t\t\t\t<\/div>\n\t\t\t\t<\/div>\n\t\t\t\t\t<\/div>\n\t\t<\/div>\n\t\t\t\t\t<\/div>\n\t\t<\/section>\n\t\t\t\t<section class=\"elementor-section elementor-top-section elementor-element elementor-element-7241803 elementor-section-boxed elementor-section-height-default elementor-section-height-default elementor-invisible\" data-id=\"7241803\" data-element_type=\"section\" data-settings=\"{&quot;animation&quot;:&quot;zoomInUp&quot;}\">\n\t\t\t\t\t\t<div class=\"elementor-container elementor-column-gap-default\">\n\t\t\t\t\t<div class=\"elementor-column elementor-col-100 elementor-top-column elementor-element elementor-element-e005c13\" data-id=\"e005c13\" data-element_type=\"column\">\n\t\t\t<div class=\"elementor-widget-wrap elementor-element-populated\">\n\t\t\t\t\t\t<div class=\"elementor-element elementor-element-2931137 elementor-widget elementor-widget-text-editor\" data-id=\"2931137\" data-element_type=\"widget\" data-widget_type=\"text-editor.default\">\n\t\t\t\t<div class=\"elementor-widget-container\">\n\t\t\t\t\t\t\t\t\t<div class=\"itemIntroText col-xs-hidden selectionShareable\"><div class=\"itemFullText\"><blockquote><p style=\"text-align: justify;\"><strong>La Chambre alg\u00e9rienne de commerce et d&rsquo;industrie (CACI) organise en collaboration avec l&rsquo;Agence nationale de promotion du commerce ext\u00e9rieur (ALGEX) une mission pour des hommes d&rsquo;affaires alg\u00e9riens en Ouganda du 18 au 21 mai prochain en vue d&rsquo;explorer les opportunit\u00e9s disponibles dans le march\u00e9 ougandais.\u00a0<\/strong><\/p><\/blockquote><p><span style=\"text-align: justify;\">Sous la supervision du minist\u00e8re du Commerce et de la Promotion des exportations, la <strong>CACI<\/strong> et<strong> ALGEX<\/strong> organisent une mission des hommes d&rsquo;affaires alg\u00e9riens en<strong> Ouganda<\/strong>.<\/span><\/p><\/div><\/div><div class=\"itemFullText selectionShareable\"><p style=\"text-align: justify;\">Cette action, s&rsquo;inscrit dans le cadre de l&rsquo;animation des relations \u00e9conomiques et commerciales alg\u00e9ro-ougandaises, de d\u00e9finition des domaines de coop\u00e9ration et de partenariat entre les hommes d&rsquo;affaires des deux pays outre l&rsquo;exploration des opportunit\u00e9s sur le march\u00e9 ougandais\u00a0\u00bb.<\/p><p style=\"text-align: justify;\">Plusieurs secteurs \u00e9conomiques sont concern\u00e9s par cette missions \u00e0 savoir <strong>l&rsquo;industrie pharmaceutique, l&rsquo;agroalimentaire, l&rsquo;\u00e9lectronique, la t\u00e9l\u00e9phonie mobile, les \u00e9quipements agricoles, les hydrocarbures et les finance<\/strong>.<\/p><p style=\"text-align: justify;\">A cet effet, les entreprises Alg\u00e9riennes relevant des secteurs \u00e9conomiques cit\u00e9es supra, int\u00e9r\u00e9ss\u00e9s par la participation \u00e0 cette rencontre, sont invit\u00e9es \u00e0 remplir le formulaire\u00a0 disponible sur le <strong><a href=\"https:\/\/www.algex.dz\/ar\/2022-04-18-09-58-32\/view\/form\">lien suivant,<\/a><\/strong> avant la date du <strong>28 Avril 2022.<\/strong><\/p><p style=\"text-align: justify;\"><strong>Aussi, il est \u00e0 noter que les frais du billet d&rsquo;avion et d&rsquo;h\u00e9bergement sont \u00e0 la charge de l&rsquo;entreprise participante.<\/strong><\/p><\/div>\t\t\t\t\t\t\t\t<\/div>\n\t\t\t\t<\/div>\n\t\t\t\t\t<\/div>\n\t\t<\/div>\n\t\t\t\t\t<\/div>\n\t\t<\/section>\n\t\t\t\t<section class=\"elementor-section elementor-top-section elementor-element elementor-element-2f459f4 elementor-section-boxed elementor-section-height-default elementor-section-height-default\" data-id=\"2f459f4\" data-element_type=\"section\">\n\t\t\t\t\t\t<div class=\"elementor-container elementor-column-gap-default\">\n\t\t\t\t\t<div class=\"elementor-column elementor-col-100 elementor-top-column elementor-element elementor-element-ffccb3c\" data-id=\"ffccb3c\" data-element_type=\"column\">\n\t\t\t<div class=\"elementor-widget-wrap elementor-element-populated\">\n\t\t\t\t\t\t\t<\/div>\n\t\t<\/div>\n\t\t\t\t\t<\/div>\n\t\t<\/section>\n\t\t\t\t<\/div>\n\t\t","protected":false},"excerpt":{"rendered":"<p>ALGEX organise une mission pour des hommes d&rsquo;affaires alg\u00e9riens en Ouganda du 18 au 21 mai 2022 en vue d&rsquo;explorer les opportunit\u00e9s disponibles dans le march\u00e9 ougandais \u062a\u062d\u062a \u0627\u0634\u0631\u0627\u0641 \u0648\u0632\u0627\u0631\u0629 \u0627\u0644\u062a\u062c\u0627\u0631\u0629 \u0648\u062a\u0631\u0642\u064a\u0629 \u0627\u0644\u0635\u0627\u062f\u0631\u0627\u062a \u062a\u0646\u0638\u0645 \u0627\u0644\u063a\u0631\u0641\u0629 \u0627\u0644\u062c\u0632\u0627\u0626\u0631\u064a\u0629 \u0644\u0644\u062a\u062c\u0627\u0631\u0629 \u0648\u0627\u0644\u0635\u0646\u0627\u0639\u0629 \u0628\u0627\u0644\u062a\u0639\u0627\u0648\u0646 \u0645\u0639 \u0627\u0644\u0648\u0643\u0627\u0644\u0629 \u00ab\u00a0\u0623\u0644\u062c\u0643\u0633\u00a0\u00bb \u0645\u0647\u0645\u0629 \u0644\u0631\u062c\u0627\u0644 \u0623\u0639\u0645\u0627\u0644 \u062c\u0632\u0627\u0626\u0631\u064a\u064a\u0646 \u0627\u0644\u0649 \u0623\u0648\u063a\u0646\u062f\u0627\u00a0\u0641\u064a \u0627\u0644\u0641\u062a\u0631\u0629 \u0627\u0644\u0645\u0645\u062a\u062f\u0629 \u0645\u0646 18\u00a0\u0627\u0644\u0649 21 \u0645\u0627\u064a\u00a0 2022\u00a0\u0648\u0630\u0644\u0643 [&hellip;]<\/p>\n","protected":false},"author":1,"featured_media":0,"parent":0,"menu_order":0,"comment_status":"closed","ping_status":"closed","template":"","meta":{"footnotes":""},"class_list":["post-7380","page","type-page","status-publish","hentry"],"_links":{"self":[{"href":"https:\/\/www.miph.gov.dz\/fr\/wp-json\/wp\/v2\/pages\/7380","targetHints":{"allow":["GET"]}}],"collection":[{"href":"https:\/\/www.miph.gov.dz\/fr\/wp-json\/wp\/v2\/pages"}],"about":[{"href":"https:\/\/www.miph.gov.dz\/fr\/wp-json\/wp\/v2\/types\/page"}],"author":[{"embeddable":true,"href":"https:\/\/www.miph.gov.dz\/fr\/wp-json\/wp\/v2\/users\/1"}],"replies":[{"embeddable":true,"href":"https:\/\/www.miph.gov.dz\/fr\/wp-json\/wp\/v2\/comments?post=7380"}],"version-history":[{"count":49,"href":"https:\/\/www.miph.gov.dz\/fr\/wp-json\/wp\/v2\/pages\/7380\/revisions"}],"predecessor-version":[{"id":7444,"href":"https:\/\/www.miph.gov.dz\/fr\/wp-json\/wp\/v2\/pages\/7380\/revisions\/7444"}],"wp:attachment":[{"href":"https:\/\/www.miph.gov.dz\/fr\/wp-json\/wp\/v2\/media?parent=7380"}],"curies":[{"name":"wp","href":"https:\/\/api.w.org\/{rel}","templated":true}]}}