{"id":695,"date":"2021-06-17T11:50:30","date_gmt":"2021-06-17T10:50:30","guid":{"rendered":"https:\/\/www.miph.gov.dz\/fr\/?page_id=695"},"modified":"2026-03-30T09:48:18","modified_gmt":"2026-03-30T08:48:18","slug":"decisions","status":"publish","type":"page","link":"https:\/\/www.miph.gov.dz\/fr\/textes-juridiques\/decisions\/","title":{"rendered":"D\u00e9cisions &#8211; Decisions\u00a0"},"content":{"rendered":"<p><img decoding=\"async\" class=\"alignnone wp-image-963\" src=\"https:\/\/www.miph.gov.dz\/fr\/wp-content\/uploads\/2021\/06\/icone_pdf.png\" alt=\"\" width=\"29\" height=\"29\" \/> D\u00e9cision N\u00b007du 18 Ramadhan 1447 correspondant au 08 mars 2026 ,portant d\u00e9signation des membres du comit\u00e9 d&rsquo;expert multidisciplinaires\u00a0 charg\u00e9 d&rsquo;\u00e9mettre un avis sur la liste des m\u00e9dicaments essentiels<\/p>\n<hr \/>\n<p><a href=\"https:\/\/www.miph.gov.dz\/fr\/wp-content\/uploads\/2026\/03\/psycotrope-fr.pdf\" target=\"_blank\" rel=\"noopener\"><img decoding=\"async\" class=\"alignnone wp-image-963\" src=\"https:\/\/www.miph.gov.dz\/fr\/wp-content\/uploads\/2021\/06\/icone_pdf.png\" alt=\"\" width=\"29\" height=\"29\" \/> D\u00e9cision N\u00b008 du 07 Chaoual 1447 correspondant au 26 mars 2026 ,portant d\u00e9signation des membres de la commission nationale des substances et m\u00e9dicaments ayant des propri\u00e9t\u00e9s psychotropes\u00a0\u00a0<\/a><\/p>\n<hr \/>\n<p><a href=\"https:\/\/www.miph.gov.dz\/fr\/wp-content\/uploads\/2026\/01\/decision-03-fr.pdf\" target=\"_blank\" rel=\"noopener\"><img decoding=\"async\" class=\"alignnone wp-image-963\" src=\"https:\/\/www.miph.gov.dz\/fr\/wp-content\/uploads\/2021\/06\/icone_pdf.png\" alt=\"\" width=\"29\" height=\"29\" \/>\u00a0D\u00e9cision N\u00b003 du 29 Rajab 1447 correspondant au\u00a0 18 Janvier 2026 ,fixant la composition, l&rsquo;organisation et fonctionnement de la commission technique charg\u00e9e de l&rsquo;examen des demandes d&rsquo;agr\u00e9ment relatives aux \u00e9tablissements pharmaceutiques de fabrication, ainsi que la liste des inspecteurs<\/a><\/p>\n<p style=\"text-align: center;\"><a href=\"https:\/\/www.miph.gov.dz\/fr\/wp-content\/uploads\/2026\/01\/liste-fr.pdf\"><strong>Annexe: liste des inspecteurs charg\u00e9s de l&rsquo;\u00e9valuation technique et de l&rsquo;inspection des sites de fabrication\u00a0<\/strong><\/a><\/p>\n<hr \/>\n<p><img decoding=\"async\" class=\"alignnone wp-image-963\" src=\"https:\/\/www.miph.gov.dz\/fr\/wp-content\/uploads\/2021\/06\/icone_pdf.png\" alt=\"\" width=\"29\" height=\"29\" \/> <a href=\"https:\/\/www.miph.gov.dz\/fr\/wp-content\/uploads\/2026\/01\/cellule-de-veille-juridique-FR.pdf\" target=\"_blank\" rel=\"noopener\">D\u00e9cision N\u00b002 du 14 Janvier 2026 correspondant au 25 Rajab 1447, portant cr\u00e9ation, missions, composition et fonctionnement de la cellule de veille juridique du minist\u00e8re de l&rsquo;industrie pharmaceutique<\/a><\/p>\n<hr \/>\n<p><a href=\"https:\/\/www.miph.gov.dz\/fr\/wp-content\/uploads\/2025\/11\/decision46-fr.pdf\" target=\"_blank\" rel=\"noopener\" data-wp-editing=\"1\"><img decoding=\"async\" class=\"alignnone wp-image-963\" src=\"https:\/\/www.miph.gov.dz\/fr\/wp-content\/uploads\/2021\/06\/icone_pdf.png\" alt=\"\" width=\"29\" height=\"29\" \/> D\u00e9cision N\u00b046 du 30 Octobre 2025 correspondant au 08 Joumada El oula 1447, modifiant la d\u00e9cision n\u00b0 57 du 05 Mai 2024 portant d\u00e9signation du pr\u00e9sident et des membres du comit\u00e9 d&rsquo;experts cliniciens des produits pharmaceutiques et des dispositifs m\u00e9dicaux \u00e0 usage de la m\u00e9decine humaine\u00a0<\/a><\/p>\n<hr \/>\n<p><img decoding=\"async\" class=\"alignnone wp-image-963\" src=\"https:\/\/www.miph.gov.dz\/fr\/wp-content\/uploads\/2021\/06\/icone_pdf.png\" alt=\"\" width=\"29\" height=\"29\" \/><a href=\"https:\/\/www.miph.gov.dz\/fr\/wp-content\/uploads\/2025\/10\/decision-44-FR.pdf\" target=\"_blank\" rel=\"noopener\"> D\u00e9cision N\u00b044 du 28 Septembre 2025 correspondant au 06 Rabie\u00a0 El thani 1447, fixant la liste des autorit\u00e9s de r\u00e9glementation nationales et r\u00e9gionales et des organisations r\u00e9gionales et internationales comp\u00e9tentes dans le domaine pharmaceutique et de la sant\u00e9 reconnues au niveau national.\u00a0<\/a><\/p>\n<p style=\"text-align: center;\"><a href=\"https:\/\/www.miph.gov.dz\/fr\/wp-content\/uploads\/2025\/10\/Liste-des-autorites-de-reglementation-FR.pdf\"><strong>Liste des autorit\u00e9s de r\u00e9glementation\u00a0<\/strong><\/a><\/p>\n<hr \/>\n<p><img decoding=\"async\" class=\"alignnone wp-image-963\" src=\"https:\/\/www.miph.gov.dz\/fr\/wp-content\/uploads\/2021\/06\/icone_pdf.png\" alt=\"\" width=\"29\" height=\"29\" \/> <a href=\"https:\/\/www.miph.gov.dz\/fr\/wp-content\/uploads\/2025\/09\/experts-cliniciens-fr.pdf\" target=\"_blank\" rel=\"noopener\">D\u00e9cision N\u00b043 du 25 Septembre 2025 correspondant au 03 Rabie\u00a0 El thani 1447,\u00a0modifiant et compl\u00e9tant la N\u00b0 73 du 15 Aout 2024 fixant la liste des sp\u00e9cialistes m\u00e9dicales et chirurgicales et les experts cliniciens membres des groupes du comit\u00e9 d&rsquo;experts cliniciens des produits pharmaceutiques et des dispositifs m\u00e9dicaux \u00e0 usage de la m\u00e9decine humaine.<\/a><\/p>\n<p style=\"text-align: center;\"><a href=\"https:\/\/www.miph.gov.dz\/fr\/wp-content\/uploads\/2025\/10\/liste-expert-cliniciens-fr.pdf\" target=\"_blank\" rel=\"noopener\"><strong>liste des experts cliniciens\u00a0<\/strong><\/a><\/p>\n<hr \/>\n<p><img decoding=\"async\" class=\"alignnone wp-image-963\" src=\"https:\/\/www.miph.gov.dz\/fr\/wp-content\/uploads\/2021\/06\/icone_pdf.png\" alt=\"\" width=\"29\" height=\"29\" \/> <a href=\"https:\/\/miph.gov.dz\/wp-content\/uploads\/2025\/09\/aftias-2-ar.pdf\" target=\"_blank\" rel=\"noopener\">D\u00e9cision n\u00b0 42 du 24 Septembre 2025 portant cr\u00e9ation du comit\u00e9 de pilotage du projet inscrit dans le cadre l\u2019Initiative Aide pour le commerce pour les Etats arabes (AfTIAS 2.0) Intitul\u00e9 \u00ab Renforcement de la comp\u00e9titivit\u00e9 du secteur de l\u2019industrie pharmaceutique en Alg\u00e9rie \u00bb, et de fixer ses missions, sa composition et son fonctionnement<\/a><\/p>\n<hr \/>\n<p><img decoding=\"async\" class=\"alignnone wp-image-963\" src=\"https:\/\/www.miph.gov.dz\/fr\/wp-content\/uploads\/2021\/06\/icone_pdf.png\" alt=\"\" width=\"29\" height=\"29\" \/> <a href=\"https:\/\/www.miph.gov.dz\/fr\/wp-content\/uploads\/2026\/02\/decision-des-points-focaux.pdf\" target=\"_blank\" rel=\"noopener\">D\u00e9cision N\u00b0415 du 21 Septembre 2025 portant d\u00e9signation des points focaux charg\u00e9s de la coordination du projet d&rsquo;\u00e9valuation du syst\u00e8me r\u00e9glementaire national en vue d&rsquo;atteinte le niveau de maturit\u00e9 3 de l&rsquo;OMS<\/a><\/p>\n<hr \/>\n<p><img decoding=\"async\" class=\"alignnone wp-image-963\" src=\"https:\/\/www.miph.gov.dz\/fr\/wp-content\/uploads\/2021\/06\/icone_pdf.png\" alt=\"\" width=\"29\" height=\"29\" \/> <a href=\"https:\/\/miph.gov.dz\/wp-content\/uploads\/2025\/09\/dispositif-dalerte.pdf\" target=\"_blank\" rel=\"noopener\">D\u00e9cision N\u00b041 du 09 Septembre 2025 correspondant au 16 Rabie\u00a0 El Aoual 1447 , portant d\u00e9signation du pr\u00e9sident et des membres du dispositif de surveillance et de veille sur la disponibilit\u00e9 des produits pharmaceutiques<\/a>.<\/p>\n<hr \/>\n<p><img decoding=\"async\" class=\"alignnone wp-image-963\" src=\"https:\/\/www.miph.gov.dz\/fr\/wp-content\/uploads\/2021\/06\/icone_pdf.png\" alt=\"\" width=\"29\" height=\"29\" \/> <a href=\"https:\/\/miph.gov.dz\/wp-content\/uploads\/2025\/09\/Conseil-scientifique-ANPP.pdf\" target=\"_blank\" rel=\"noopener\">D\u00e9cision N\u00b040 du 02 Septembre 2025 correspondant au 09 Rabie\u00a0 El Aoual 1447 , portant d\u00e9signation des membres du conseil scientifique de l\u2019Agence Nationale des Produits Pharmaceutique\u00a0<\/a>.<\/p>\n<hr \/>\n<p><img decoding=\"async\" class=\"alignnone wp-image-963\" src=\"https:\/\/www.miph.gov.dz\/fr\/wp-content\/uploads\/2021\/06\/icone_pdf.png\" alt=\"\" width=\"29\" height=\"29\" \/> <a href=\"https:\/\/miph.gov.dz\/wp-content\/uploads\/2025\/09\/miph-crea.pdf\">D\u00e9cision n\u00b0 020 du 4 juin 2025 portant cr\u00e9ation d\u2019un groupe de travail compos\u00e9 de repr\u00e9sentants du Conseil alg\u00e9rien pour le renouveau \u00e9conomique et du minist\u00e8re de l\u2019Industrie pharmaceutique, et fixant ses missions, sa composition et son fonctionnement.<\/a><\/p>\n<hr \/>\n<p><img decoding=\"async\" class=\"alignnone wp-image-963\" src=\"https:\/\/www.miph.gov.dz\/fr\/wp-content\/uploads\/2021\/06\/icone_pdf.png\" alt=\"\" width=\"29\" height=\"29\" \/><a href=\"https:\/\/miph.gov.dz\/wp-content\/uploads\/2025\/09\/groupe-de-travail-regl.pdf\">D\u00e9cision n\u00b0 001 du 6 mars 2025 relative \u00e0 la cr\u00e9ation d\u2019un groupe de travail charg\u00e9 de la r\u00e9vision des textes l\u00e9gislatifs et r\u00e9glementaires du secteur pharmaceutique<\/a>.<\/p>\n<hr \/>\n<p><img decoding=\"async\" class=\"alignnone wp-image-963\" src=\"https:\/\/www.miph.gov.dz\/fr\/wp-content\/uploads\/2021\/06\/icone_pdf.png\" alt=\"\" width=\"29\" height=\"29\" \/> <a href=\"https:\/\/www.miph.gov.dz\/fr\/wp-content\/uploads\/2022\/05\/\u0645\u0642\u0631\u0631-\u0631\u0642\u0645-46-\u0627\u0644\u0645\u0624\u0631\u062e-\u0641\u064a-14-\u062c\u0648\u0627\u0646-2021-\u064a\u062a\u0636\u0645\u0646-\u062a\u0639\u064a\u064a\u0646-\u062e\u0628\u064a\u0631-\u0644\u062a\u0642\u064a\u064a\u0645-\u0627\u0644\u0645\u0624\u0633\u0633\u0627\u062a-\u0627\u0644\u0635\u064a\u062f\u0644\u0627\u0646\u064a\u0629-\u0644\u0644\u062a\u0635\u0646\u064a\u0639.pdf\">D\u00e9cision\u00a0<\/a><a style=\"font-family: var( --e-global-typography-text-font-family ), Sans-serif; font-weight: var( --e-global-typography-text-font-weight ); background-color: #ffffff;\" href=\"https:\/\/www.miph.gov.dz\/fr\/wp-content\/uploads\/2022\/05\/\u0645\u0642\u0631\u0631-\u0631\u0642\u0645-46-\u0627\u0644\u0645\u0624\u0631\u062e-\u0641\u064a-14-\u062c\u0648\u0627\u0646-2021-\u064a\u062a\u0636\u0645\u0646-\u062a\u0639\u064a\u064a\u0646-\u062e\u0628\u064a\u0631-\u0644\u062a\u0642\u064a\u064a\u0645-\u0627\u0644\u0645\u0624\u0633\u0633\u0627\u062a-\u0627\u0644\u0635\u064a\u062f\u0644\u0627\u0646\u064a\u0629-\u0644\u0644\u062a\u0635\u0646\u064a\u0639.pdf\">N\u00b0 46 du14 juin 2021 portant la d\u00e9signation d&rsquo;un expert pour l&rsquo;\u00e9valuation des \u00e9tablissements pharmaceutique de fabrication<\/a><a style=\"font-family: var( --e-global-typography-text-font-family ), Sans-serif; font-weight: var( --e-global-typography-text-font-weight ); background-color: #ffffff;\" href=\"https:\/\/www.miph.gov.dz\/fr\/wp-content\/uploads\/2022\/05\/\u0645\u0642\u0631\u0631-\u0631\u0642\u0645-45-\u0627\u0644\u0645\u0624\u0631\u062e-\u0641\u064a-09-\u062c\u0648\u0627\u0646-2021-\u064a\u062a\u0636\u0645\u0646-\u062a\u0639\u064a\u064a\u0646-\u062e\u0628\u064a\u0631-\u0644\u062a\u0642\u064a\u064a\u0645-\u0627\u0644\u0645\u0624\u0633\u0633\u0627\u062a-\u0627\u0644\u0635\u064a\u062f\u0644\u0627\u0646\u064a\u0629-\u0644\u0644\u062a\u0635\u0646\u064a\u0639.pdf\">.<\/a><\/p>\n<hr \/>\n<p><img decoding=\"async\" class=\"alignnone wp-image-963\" src=\"https:\/\/www.miph.gov.dz\/fr\/wp-content\/uploads\/2021\/06\/icone_pdf.png\" alt=\"\" width=\"29\" height=\"29\" \/> <a href=\"https:\/\/www.miph.gov.dz\/fr\/wp-content\/uploads\/2022\/05\/\u0645\u0642\u0631\u0631-\u0631\u0642\u0645-45-\u0627\u0644\u0645\u0624\u0631\u062e-\u0641\u064a-09-\u062c\u0648\u0627\u0646-2021-\u064a\u062a\u0636\u0645\u0646-\u062a\u0639\u064a\u064a\u0646-\u062e\u0628\u064a\u0631-\u0644\u062a\u0642\u064a\u064a\u0645-\u0627\u0644\u0645\u0624\u0633\u0633\u0627\u062a-\u0627\u0644\u0635\u064a\u062f\u0644\u0627\u0646\u064a\u0629-\u0644\u0644\u062a\u0635\u0646\u064a\u0639.pdf\">D\u00e9cision N\u00b0 45 du 09 juin 2021 portant la d\u00e9signation d&rsquo;un expert pour l&rsquo;\u00e9valuation des \u00e9tablissements pharmaceutique de fabrication.<\/a><\/p>\n<hr \/>\n<p><img decoding=\"async\" class=\"alignnone wp-image-963\" src=\"https:\/\/www.miph.gov.dz\/fr\/wp-content\/uploads\/2021\/06\/icone_pdf.png\" alt=\"\" width=\"29\" height=\"29\" \/> <a href=\"https:\/\/www.miph.gov.dz\/fr\/wp-content\/uploads\/2022\/05\/DECISI1.pdf\">D\u00e9cision N\u00b0 32 du 2 Chaabane 1442 correspondant au 15 mars 2021 fixant la liste des sp\u00e9cialit\u00e9s m\u00e9dicales et chirurgicales et les experts cliniciens membres des groupes du comite d&rsquo;experts cliniciens des produits pharmaceutique et dispositifs m\u00e9dicaux a usage de la m\u00e9decine humaine .<\/a><\/p>\n<hr \/>\n<p><img decoding=\"async\" class=\"alignnone wp-image-963\" src=\"https:\/\/www.miph.gov.dz\/fr\/wp-content\/uploads\/2021\/06\/icone_pdf.png\" alt=\"\" width=\"29\" height=\"29\" \/> <a href=\"https:\/\/www.miph.gov.dz\/fr\/wp-content\/uploads\/2022\/05\/DECISI2.pdf\">D\u00e9cision N\u00b0 30\u00a0 du Aouel Chaabane 1442 correspondant au 14 mars 2021 portant d\u00e9signation du pr\u00e9sident et des membres du comite d experts cliniciens des produits pharmaceutiques et dispositifs m\u00e9dicaux a usage de la m\u00e9decine humaine.<\/a><\/p>\n<hr \/>\n<p><img decoding=\"async\" class=\"alignnone wp-image-963\" src=\"https:\/\/www.miph.gov.dz\/fr\/wp-content\/uploads\/2021\/06\/icone_pdf.png\" alt=\"\" width=\"29\" height=\"29\" \/><a href=\"https:\/\/www.miph.gov.dz\/fr\/wp-content\/uploads\/2021\/06\/Decision-15-VF.pdf\">D\u00e9cision n\u00b015 du 16 f\u00e9vrier 2021 fixant la liste des pays comparateurs au niveau r\u00e9gional et international<\/a><\/p>\n<hr \/>\n<p><img decoding=\"async\" class=\"alignnone wp-image-963\" src=\"https:\/\/www.miph.gov.dz\/fr\/wp-content\/uploads\/2021\/06\/icone_pdf.png\" alt=\"\" width=\"29\" height=\"29\" \/><a href=\"https:\/\/www.miph.gov.dz\/fr\/wp-content\/uploads\/2021\/06\/Decision-38-VF.pdf\">D\u00e9cision n\u00b0 38 modifiant et compl\u00e9tant la d\u00e9cision n\u00b0 13 du 28 Janvier 2021 portant cr\u00e9ation d\u2019un Observatoire sur la disponibilit\u00e9 des produits pharmaceutiques<\/a><\/p>\n<hr \/>\n<p><img decoding=\"async\" class=\"alignnone wp-image-963\" src=\"https:\/\/www.miph.gov.dz\/fr\/wp-content\/uploads\/2021\/06\/icone_pdf.png\" alt=\"\" width=\"29\" height=\"29\" \/><a href=\"https:\/\/www.miph.gov.dz\/fr\/wp-content\/uploads\/2021\/06\/Scan20210627122005-1.pdf\">D\u00e9cision n\u00b0 13 du 28 Janvier 2021 portant cr\u00e9ation d\u2019un observatoire sur la disponibilit\u00e9 des produits pharmaceutiques<\/a><\/p>\n","protected":false},"excerpt":{"rendered":"<p>D\u00e9cision N\u00b007du 18 Ramadhan 1447 correspondant au 08 mars 2026 ,portant d\u00e9signation des membres du comit\u00e9 d&rsquo;expert multidisciplinaires\u00a0 charg\u00e9 d&rsquo;\u00e9mettre un avis sur la liste des m\u00e9dicaments essentiels D\u00e9cision N\u00b008 du 07 Chaoual 1447 correspondant au 26 mars 2026 ,portant d\u00e9signation des membres de la commission nationale des substances et m\u00e9dicaments ayant des propri\u00e9t\u00e9s psychotropes\u00a0\u00a0 [&hellip;]<\/p>\n","protected":false},"author":1,"featured_media":0,"parent":371,"menu_order":0,"comment_status":"closed","ping_status":"closed","template":"","meta":{"footnotes":""},"class_list":["post-695","page","type-page","status-publish","hentry"],"_links":{"self":[{"href":"https:\/\/www.miph.gov.dz\/fr\/wp-json\/wp\/v2\/pages\/695","targetHints":{"allow":["GET"]}}],"collection":[{"href":"https:\/\/www.miph.gov.dz\/fr\/wp-json\/wp\/v2\/pages"}],"about":[{"href":"https:\/\/www.miph.gov.dz\/fr\/wp-json\/wp\/v2\/types\/page"}],"author":[{"embeddable":true,"href":"https:\/\/www.miph.gov.dz\/fr\/wp-json\/wp\/v2\/users\/1"}],"replies":[{"embeddable":true,"href":"https:\/\/www.miph.gov.dz\/fr\/wp-json\/wp\/v2\/comments?post=695"}],"version-history":[{"count":47,"href":"https:\/\/www.miph.gov.dz\/fr\/wp-json\/wp\/v2\/pages\/695\/revisions"}],"predecessor-version":[{"id":24075,"href":"https:\/\/www.miph.gov.dz\/fr\/wp-json\/wp\/v2\/pages\/695\/revisions\/24075"}],"up":[{"embeddable":true,"href":"https:\/\/www.miph.gov.dz\/fr\/wp-json\/wp\/v2\/pages\/371"}],"wp:attachment":[{"href":"https:\/\/www.miph.gov.dz\/fr\/wp-json\/wp\/v2\/media?parent=695"}],"curies":[{"name":"wp","href":"https:\/\/api.w.org\/{rel}","templated":true}]}}