{"id":22814,"date":"2026-01-22T14:17:28","date_gmt":"2026-01-22T13:17:28","guid":{"rendered":"https:\/\/www.miph.gov.dz\/fr\/?page_id=22814"},"modified":"2026-03-03T14:42:32","modified_gmt":"2026-03-03T13:42:32","slug":"nomenclature-nationale-des-produits-pharmaceutiques","status":"publish","type":"page","link":"https:\/\/www.miph.gov.dz\/fr\/nomenclature-nationale-des-produits-pharmaceutiques\/","title":{"rendered":"NOMENCLATURE NATIONALE DES PRODUITS PHARMACEUTIQUES"},"content":{"rendered":"\t\t<div data-elementor-type=\"wp-page\" data-elementor-id=\"22814\" class=\"elementor elementor-22814\">\n\t\t\t\t\t\t<section class=\"elementor-section elementor-top-section elementor-element elementor-element-541b750c elementor-section-boxed elementor-section-height-default elementor-section-height-default\" data-id=\"541b750c\" data-element_type=\"section\">\n\t\t\t\t\t\t<div class=\"elementor-container elementor-column-gap-default\">\n\t\t\t\t\t<div class=\"elementor-column elementor-col-100 elementor-top-column elementor-element elementor-element-1dee7fec\" data-id=\"1dee7fec\" data-element_type=\"column\">\n\t\t\t<div class=\"elementor-widget-wrap elementor-element-populated\">\n\t\t\t\t\t\t<div class=\"elementor-element elementor-element-1ca9d848 elementor-widget elementor-widget-text-editor\" data-id=\"1ca9d848\" data-element_type=\"widget\" data-widget_type=\"text-editor.default\">\n\t\t\t\t<div class=\"elementor-widget-container\">\n\t\t\t\t\t\t\t\t\t<h3><img fetchpriority=\"high\" decoding=\"async\" class=\"aligncenter wp-image-15332\" src=\"https:\/\/www.miph.gov.dz\/fr\/wp-content\/uploads\/2023\/10\/contexte-pharmacologie-produits-pharmaceutiques-espace-copie-illustration-ia-generative_839051-1682.jpg\" sizes=\"(max-width: 521px) 100vw, 521px\" srcset=\"https:\/\/www.miph.gov.dz\/fr\/wp-content\/uploads\/2023\/10\/contexte-pharmacologie-produits-pharmaceutiques-espace-copie-illustration-ia-generative_839051-1682.jpg 626w, https:\/\/www.miph.gov.dz\/fr\/wp-content\/uploads\/2023\/10\/contexte-pharmacologie-produits-pharmaceutiques-espace-copie-illustration-ia-generative_839051-1682-300x172.jpg 300w\" alt=\"\" width=\"521\" height=\"298\" \/><\/h3><h3><strong><img decoding=\"async\" class=\"emoji\" role=\"img\" draggable=\"false\" src=\"https:\/\/s.w.org\/images\/core\/emoji\/15.1.0\/svg\/1f4d5.svg\" alt=\"\ud83d\udcd5\" \/> VERSIONS DE LA <\/strong><strong>NOMENCLATURE NATIONALE DES PRODUITS PHARMACEUTIQUES A USAGE DE LA MEDECINE HUMAINE:<\/strong><\/h3>\t\t\t\t\t\t\t\t<\/div>\n\t\t\t\t<\/div>\n\t\t\t\t\t<\/div>\n\t\t<\/div>\n\t\t\t\t\t<\/div>\n\t\t<\/section>\n\t\t\t\t<section class=\"elementor-section elementor-top-section elementor-element elementor-element-032b42b elementor-section-boxed elementor-section-height-default elementor-section-height-default\" data-id=\"032b42b\" data-element_type=\"section\">\n\t\t\t\t\t\t<div class=\"elementor-container elementor-column-gap-default\">\n\t\t\t\t\t<div class=\"elementor-column elementor-col-100 elementor-top-column elementor-element elementor-element-23f986b\" data-id=\"23f986b\" data-element_type=\"column\">\n\t\t\t<div class=\"elementor-widget-wrap elementor-element-populated\">\n\t\t\t\t\t\t<div class=\"elementor-element elementor-element-bfe435c elementor-widget elementor-widget-accordion\" data-id=\"bfe435c\" data-element_type=\"widget\" data-widget_type=\"accordion.default\">\n\t\t\t\t<div class=\"elementor-widget-container\">\n\t\t\t\t\t\t\t<div class=\"elementor-accordion\">\n\t\t\t\t\t\t\t<div class=\"elementor-accordion-item\">\n\t\t\t\t\t<div id=\"elementor-tab-title-2011\" class=\"elementor-tab-title\" data-tab=\"1\" role=\"button\" aria-controls=\"elementor-tab-content-2011\" aria-expanded=\"false\">\n\t\t\t\t\t\t\t\t\t\t\t\t\t<span class=\"elementor-accordion-icon elementor-accordion-icon-left\" aria-hidden=\"true\">\n\t\t\t\t\t\t\t\t\t\t\t\t\t\t\t<span class=\"elementor-accordion-icon-closed\"><i class=\"fas fa-angle-double-down\"><\/i><\/span>\n\t\t\t\t\t\t\t\t<span class=\"elementor-accordion-icon-opened\"><i class=\"fas fa-angle-double-up\"><\/i><\/span>\n\t\t\t\t\t\t\t\t\t\t\t\t\t\t<\/span>\n\t\t\t\t\t\t\t\t\t\t\t\t<a class=\"elementor-accordion-title\" tabindex=\"0\">2026<\/a>\n\t\t\t\t\t<\/div>\n\t\t\t\t\t<div id=\"elementor-tab-content-2011\" class=\"elementor-tab-content elementor-clearfix\" data-tab=\"1\" role=\"region\" aria-labelledby=\"elementor-tab-title-2011\"><h3><a href=\"https:\/\/www.miph.gov.dz\/fr\/wp-content\/uploads\/2026\/03\/NOMENCLATURE-VERSION-FEVRIER-2026-.xlsx\"> Version F\u00e9vrier 2026<\/a><\/h3><\/div>\n\t\t\t\t<\/div>\n\t\t\t\t\t\t\t<div class=\"elementor-accordion-item\">\n\t\t\t\t\t<div id=\"elementor-tab-title-2012\" class=\"elementor-tab-title\" data-tab=\"2\" role=\"button\" aria-controls=\"elementor-tab-content-2012\" aria-expanded=\"false\">\n\t\t\t\t\t\t\t\t\t\t\t\t\t<span class=\"elementor-accordion-icon elementor-accordion-icon-left\" aria-hidden=\"true\">\n\t\t\t\t\t\t\t\t\t\t\t\t\t\t\t<span class=\"elementor-accordion-icon-closed\"><i class=\"fas fa-angle-double-down\"><\/i><\/span>\n\t\t\t\t\t\t\t\t<span class=\"elementor-accordion-icon-opened\"><i class=\"fas fa-angle-double-up\"><\/i><\/span>\n\t\t\t\t\t\t\t\t\t\t\t\t\t\t<\/span>\n\t\t\t\t\t\t\t\t\t\t\t\t<a class=\"elementor-accordion-title\" tabindex=\"0\">2025<\/a>\n\t\t\t\t\t<\/div>\n\t\t\t\t\t<div id=\"elementor-tab-content-2012\" class=\"elementor-tab-content elementor-clearfix\" data-tab=\"2\" role=\"region\" aria-labelledby=\"elementor-tab-title-2012\"><h3><a href=\"https:\/\/www.miph.gov.dz\/fr\/wp-content\/uploads\/2026\/01\/NOMENCLATURE-VERSION-DECEMBRE-2025.xlsx\">&#8211; Version D\u00e9cembre 2025<\/a><\/h3><ul><li style=\"list-style-type: none;\"><ul><li><h6><a href=\"https:\/\/www.miph.gov.dz\/fr\/wp-content\/uploads\/2026\/01\/nomenclature-non-renouveles.xlsx\">Liste des produits pharmaceutiques \u00e0 usage de la m\u00e9decine humaine qui n&rsquo;ont pas fait l&rsquo;objet de renouvellement<\/a><\/h6><\/li><li><h6><a href=\"https:\/\/www.miph.gov.dz\/fr\/wp-content\/uploads\/2026\/01\/nomenclature-retrait.xlsx\">liste des produits pharmaceutiques \u00e0 usage de la m\u00e9decine humaine faisant l&rsquo;objet de retrait<\/a><\/h6><\/li><\/ul><\/li><\/ul><h3><a href=\"https:\/\/miph.gov.dz\/wp-content\/uploads\/2025\/12\/NOMENCLATURE-VERSION-NOVEMBRE-2025.xlsx\">\u2013 Version Novembre 2025<\/a><\/h3><h3><a href=\"https:\/\/miph.gov.dz\/wp-content\/uploads\/2025\/11\/NOMENCLATURE-VERSION-OCTOBRE-2025.xlsx\">\u2013 Version Octobre 2025<\/a><\/h3><h3><a href=\"https:\/\/www.miph.gov.dz\/fr\/wp-content\/uploads\/2025\/10\/NOMENCLATURE-VERSION-SEPTEMBRE-2025.xlsx\">\u2013 Version Septembre 2025<\/a><\/h3><h3><a href=\"https:\/\/www.miph.gov.dz\/fr\/note-aux-operateurs-pharmaceutiques-relative-aux-programmes-previsionnels-dimportation-exercice-2026\" target=\"_blank\" rel=\"noopener\">\u2013 Version Ao\u00fbt 2025<\/a><\/h3><h3><a href=\"https:\/\/www.miph.gov.dz\/fr\/wp-content\/uploads\/2025\/08\/NOMENCLATURE-VERSION-JUILLET-2025.xlsx\" target=\"_blank\" rel=\"noopener\">\u2013\u00a0<\/a><a href=\"https:\/\/www.miph.gov.dz\/fr\/wp-content\/uploads\/2025\/08\/NOMENCLATURE-VERSION-JUILLET-2025.xlsx\" target=\"_blank\" rel=\"noopener\">Version Juillet 2025<\/a><\/h3><h3><a href=\"https:\/\/www.miph.gov.dz\/fr\/wp-content\/uploads\/2025\/06\/NOMENCLATURE-VERSION-MAI-2025.xlsx\" target=\"_blank\" rel=\"noopener\">\u2013 Version Mai 2025<\/a><\/h3><h3><a href=\"https:\/\/www.miph.gov.dz\/fr\/wp-content\/uploads\/2025\/04\/NOMENCLATURE-VERSION-MARS-2025.xlsx\" target=\"_blank\" rel=\"noopener\">\u2013 Version Mars 2025<\/a><\/h3><\/div>\n\t\t\t\t<\/div>\n\t\t\t\t\t\t\t<div class=\"elementor-accordion-item\">\n\t\t\t\t\t<div id=\"elementor-tab-title-2013\" class=\"elementor-tab-title\" data-tab=\"3\" role=\"button\" aria-controls=\"elementor-tab-content-2013\" aria-expanded=\"false\">\n\t\t\t\t\t\t\t\t\t\t\t\t\t<span class=\"elementor-accordion-icon elementor-accordion-icon-left\" aria-hidden=\"true\">\n\t\t\t\t\t\t\t\t\t\t\t\t\t\t\t<span class=\"elementor-accordion-icon-closed\"><i class=\"fas fa-angle-double-down\"><\/i><\/span>\n\t\t\t\t\t\t\t\t<span class=\"elementor-accordion-icon-opened\"><i class=\"fas fa-angle-double-up\"><\/i><\/span>\n\t\t\t\t\t\t\t\t\t\t\t\t\t\t<\/span>\n\t\t\t\t\t\t\t\t\t\t\t\t<a class=\"elementor-accordion-title\" tabindex=\"0\">2024<\/a>\n\t\t\t\t\t<\/div>\n\t\t\t\t\t<div id=\"elementor-tab-content-2013\" class=\"elementor-tab-content elementor-clearfix\" data-tab=\"3\" role=\"region\" aria-labelledby=\"elementor-tab-title-2013\"><h3><a href=\"https:\/\/www.miph.gov.dz\/fr\/wp-content\/uploads\/2025\/04\/nomenclature-DECEMBRE-2024.xlsx\" target=\"_blank\" rel=\"noopener\">\u2013 Version D\u00e9cembre 2024<\/a><\/h3><h3><a href=\"https:\/\/www.miph.gov.dz\/fr\/wp-content\/uploads\/2024\/09\/version-AOUT-2024.xlsx\" target=\"_blank\" rel=\"noopener\">\u2013 Version Ao\u00fbt 2024<\/a><\/h3><\/div>\n\t\t\t\t<\/div>\n\t\t\t\t\t\t\t\t<\/div>\n\t\t\t\t\t\t<\/div>\n\t\t\t\t<\/div>\n\t\t\t\t\t<\/div>\n\t\t<\/div>\n\t\t\t\t\t<\/div>\n\t\t<\/section>\n\t\t\t\t<section class=\"elementor-section elementor-top-section elementor-element elementor-element-1b4d99c elementor-section-boxed elementor-section-height-default elementor-section-height-default\" data-id=\"1b4d99c\" data-element_type=\"section\">\n\t\t\t\t\t\t<div class=\"elementor-container elementor-column-gap-default\">\n\t\t\t\t\t<div class=\"elementor-column elementor-col-100 elementor-top-column elementor-element elementor-element-03b7506\" data-id=\"03b7506\" data-element_type=\"column\">\n\t\t\t<div class=\"elementor-widget-wrap elementor-element-populated\">\n\t\t\t\t\t\t<div class=\"elementor-element elementor-element-070b2b3 elementor-widget__width-initial elementor-invisible elementor-widget elementor-widget-image\" data-id=\"070b2b3\" data-element_type=\"widget\" data-settings=\"{&quot;_animation&quot;:&quot;zoomIn&quot;}\" data-widget_type=\"image.default\">\n\t\t\t\t<div class=\"elementor-widget-container\">\n\t\t\t\t\t\t\t\t\t\t\t\t\t\t\t<img decoding=\"async\" width=\"150\" height=\"150\" src=\"https:\/\/www.miph.gov.dz\/fr\/wp-content\/uploads\/2026\/02\/ff8ddeb7733f212b1c3fe4b08b86323c9aaa491065482ec045840de6259a7c70-150x150.jpg\" class=\"elementor-animation-grow attachment-thumbnail size-thumbnail wp-image-23502\" alt=\"\" srcset=\"https:\/\/www.miph.gov.dz\/fr\/wp-content\/uploads\/2026\/02\/ff8ddeb7733f212b1c3fe4b08b86323c9aaa491065482ec045840de6259a7c70-150x150.jpg 150w, https:\/\/www.miph.gov.dz\/fr\/wp-content\/uploads\/2026\/02\/ff8ddeb7733f212b1c3fe4b08b86323c9aaa491065482ec045840de6259a7c70-75x75.jpg 75w, https:\/\/www.miph.gov.dz\/fr\/wp-content\/uploads\/2026\/02\/ff8ddeb7733f212b1c3fe4b08b86323c9aaa491065482ec045840de6259a7c70-45x45.jpg 45w\" sizes=\"(max-width: 150px) 100vw, 150px\" \/>\t\t\t\t\t\t\t\t\t\t\t\t\t\t\t<\/div>\n\t\t\t\t<\/div>\n\t\t\t\t<div class=\"elementor-element elementor-element-96bb1ef elementor-widget elementor-widget-heading\" data-id=\"96bb1ef\" data-element_type=\"widget\" data-widget_type=\"heading.default\">\n\t\t\t\t<div class=\"elementor-widget-container\">\n\t\t\t\t\t<h1 class=\"elementor-heading-title elementor-size-medium\"><a href=\"https:\/\/gate.miph.gov.dz\/signalement_nomenclature\/\">Liste des produits pharmaceutiques enregistr\u00e9s en Alg\u00e9rie \/ Ann\u00e9es  <\/a><\/h1>\t\t\t\t<\/div>\n\t\t\t\t<\/div>\n\t\t\t\t<div class=\"elementor-element elementor-element-db9a612 elementor-widget elementor-widget-text-editor\" data-id=\"db9a612\" data-element_type=\"widget\" data-widget_type=\"text-editor.default\">\n\t\t\t\t<div class=\"elementor-widget-container\">\n\t\t\t\t\t\t\t\t\t<ul><li style=\"list-style-type: none;\"><ul><li style=\"text-align: justify;\"><strong><a href=\"https:\/\/www.miph.gov.dz\/fr\/wp-content\/uploads\/2026\/02\/2025.xlsx\">Liste des produits pharmaceutiques enregistr\u00e9s en Alg\u00e9rie\/ 2025<\/a><\/strong><\/li><\/ul><\/li><\/ul><ul><li style=\"list-style-type: none;\"><ul><li><strong><a href=\"https:\/\/www.miph.gov.dz\/fr\/wp-content\/uploads\/2026\/02\/2024.xlsx\">Liste des produits pharmaceutiques enregistr\u00e9s en Alg\u00e9rie \/2024<\/a><\/strong><\/li><\/ul><\/li><\/ul><ul><li style=\"list-style-type: none;\"><ul><li><strong><a href=\"https:\/\/www.miph.gov.dz\/fr\/wp-content\/uploads\/2026\/02\/2023.xlsx\">Liste des produits pharmaceutiques enregistr\u00e9s en Alg\u00e9rie\/ 2023<\/a><\/strong><\/li><\/ul><\/li><\/ul><ul><li style=\"list-style-type: none;\"><ul><li><strong><a href=\"https:\/\/www.miph.gov.dz\/fr\/wp-content\/uploads\/2026\/02\/2022.xlsx\">Liste des produits pharmaceutiques enregistr\u00e9s en Alg\u00e9rie \/2022<\/a><\/strong><\/li><\/ul><\/li><\/ul><ul><li style=\"list-style-type: none;\"><ul><li><strong><a href=\"https:\/\/www.miph.gov.dz\/fr\/wp-content\/uploads\/2026\/02\/2021.xlsx\">Liste des produits pharmaceutiques enregistr\u00e9s en Alg\u00e9rie \/2021<\/a><\/strong><\/li><\/ul><\/li><\/ul>\t\t\t\t\t\t\t\t<\/div>\n\t\t\t\t<\/div>\n\t\t\t\t\t<\/div>\n\t\t<\/div>\n\t\t\t\t\t<\/div>\n\t\t<\/section>\n\t\t\t\t<section class=\"elementor-section elementor-top-section elementor-element elementor-element-73952be elementor-section-boxed elementor-section-height-default elementor-section-height-default\" data-id=\"73952be\" data-element_type=\"section\">\n\t\t\t\t\t\t<div class=\"elementor-container elementor-column-gap-default\">\n\t\t\t\t\t<div class=\"elementor-column elementor-col-100 elementor-top-column elementor-element elementor-element-e7bc712\" data-id=\"e7bc712\" data-element_type=\"column\">\n\t\t\t<div class=\"elementor-widget-wrap elementor-element-populated\">\n\t\t\t\t\t\t<div class=\"elementor-element elementor-element-d0304dc elementor-widget__width-initial elementor-invisible elementor-widget elementor-widget-image\" data-id=\"d0304dc\" data-element_type=\"widget\" data-settings=\"{&quot;_animation&quot;:&quot;zoomIn&quot;}\" data-widget_type=\"image.default\">\n\t\t\t\t<div class=\"elementor-widget-container\">\n\t\t\t\t\t\t\t\t\t\t\t\t\t\t\t\t<a href=\"http:\/\/portail.miph.gov.dz\/signalement-nomenclature\">\n\t\t\t\t\t\t\t<img decoding=\"async\" width=\"150\" height=\"150\" src=\"https:\/\/www.miph.gov.dz\/fr\/wp-content\/uploads\/2023\/12\/formulaire-1-150x150.png\" class=\"elementor-animation-grow attachment-parallax-one-post-thumbnail-latest-news size-parallax-one-post-thumbnail-latest-news wp-image-15656\" alt=\"\" srcset=\"https:\/\/www.miph.gov.dz\/fr\/wp-content\/uploads\/2023\/12\/formulaire-1-150x150.png 150w, https:\/\/www.miph.gov.dz\/fr\/wp-content\/uploads\/2023\/12\/formulaire-1-300x300.png 300w, https:\/\/www.miph.gov.dz\/fr\/wp-content\/uploads\/2023\/12\/formulaire-1-1024x1024.png 1024w, https:\/\/www.miph.gov.dz\/fr\/wp-content\/uploads\/2023\/12\/formulaire-1-768x768.png 768w, https:\/\/www.miph.gov.dz\/fr\/wp-content\/uploads\/2023\/12\/formulaire-1-1536x1536.png 1536w, https:\/\/www.miph.gov.dz\/fr\/wp-content\/uploads\/2023\/12\/formulaire-1-2048x2048.png 2048w, https:\/\/www.miph.gov.dz\/fr\/wp-content\/uploads\/2023\/12\/formulaire-1-75x75.png 75w, https:\/\/www.miph.gov.dz\/fr\/wp-content\/uploads\/2023\/12\/formulaire-1-1320x1320.png 1320w, https:\/\/www.miph.gov.dz\/fr\/wp-content\/uploads\/2023\/12\/formulaire-1-45x45.png 45w\" sizes=\"(max-width: 150px) 100vw, 150px\" \/>\t\t\t\t\t\t\t\t<\/a>\n\t\t\t\t\t\t\t\t\t\t\t\t\t\t\t<\/div>\n\t\t\t\t<\/div>\n\t\t\t\t<div class=\"elementor-element elementor-element-f29b2ca elementor-widget elementor-widget-heading\" data-id=\"f29b2ca\" data-element_type=\"widget\" data-widget_type=\"heading.default\">\n\t\t\t\t<div class=\"elementor-widget-container\">\n\t\t\t\t\t<h6 class=\"elementor-heading-title elementor-size-small\"><a href=\"https:\/\/gate.miph.gov.dz\/signalement_nomenclature\/\">Formulaire de signalement des \u00e9carts et omissions dans la nomenclature<br>  Nationale des produits pharmaceutiques \u00e0 usage de la m\u00e9decine humaine <\/a><\/h6>\t\t\t\t<\/div>\n\t\t\t\t<\/div>\n\t\t\t\t<div class=\"elementor-element elementor-element-c541e2c elementor-widget elementor-widget-text-editor\" data-id=\"c541e2c\" data-element_type=\"widget\" data-widget_type=\"text-editor.default\">\n\t\t\t\t<div class=\"elementor-widget-container\">\n\t\t\t\t\t\t\t\t\t<p style=\"text-align: justify;\"><img loading=\"lazy\" decoding=\"async\" class=\"alignleft wp-image-9964 \" src=\"https:\/\/www.miph.gov.dz\/fr\/wp-content\/uploads\/2022\/09\/news-268x168.png\" alt=\"\" width=\"102\" height=\"64\" \/><span style=\"color: #000000;\">Les \u00e9tablissements pharmaceutiques sont pri\u00e9s de transmettre leurs observations concernant la nomenclature de leurs produits pharmaceutiques dans un d\u00e9lai d\u2019un mois \u00e0 compter de la date de publication de la derni\u00e8re version de la Nomenclature Nationale des produits pharmaceutiques \u00e0 usage de la m\u00e9decine humaine.<\/span><\/p>\t\t\t\t\t\t\t\t<\/div>\n\t\t\t\t<\/div>\n\t\t\t\t\t<\/div>\n\t\t<\/div>\n\t\t\t\t\t<\/div>\n\t\t<\/section>\n\t\t\t\t<\/div>\n\t\t","protected":false},"excerpt":{"rendered":"<p>VERSIONS DE LA NOMENCLATURE NATIONALE DES PRODUITS PHARMACEUTIQUES A USAGE DE LA MEDECINE HUMAINE: 2026 Version F\u00e9vrier 2026 2025 &#8211; Version D\u00e9cembre 2025 Liste des produits pharmaceutiques \u00e0 usage de la m\u00e9decine humaine qui n&rsquo;ont pas fait l&rsquo;objet de renouvellement liste des produits pharmaceutiques \u00e0 usage de la m\u00e9decine humaine faisant l&rsquo;objet de retrait \u2013 [&hellip;]<\/p>\n","protected":false},"author":2,"featured_media":0,"parent":0,"menu_order":0,"comment_status":"closed","ping_status":"closed","template":"","meta":{"footnotes":""},"class_list":["post-22814","page","type-page","status-publish","hentry"],"_links":{"self":[{"href":"https:\/\/www.miph.gov.dz\/fr\/wp-json\/wp\/v2\/pages\/22814","targetHints":{"allow":["GET"]}}],"collection":[{"href":"https:\/\/www.miph.gov.dz\/fr\/wp-json\/wp\/v2\/pages"}],"about":[{"href":"https:\/\/www.miph.gov.dz\/fr\/wp-json\/wp\/v2\/types\/page"}],"author":[{"embeddable":true,"href":"https:\/\/www.miph.gov.dz\/fr\/wp-json\/wp\/v2\/users\/2"}],"replies":[{"embeddable":true,"href":"https:\/\/www.miph.gov.dz\/fr\/wp-json\/wp\/v2\/comments?post=22814"}],"version-history":[{"count":61,"href":"https:\/\/www.miph.gov.dz\/fr\/wp-json\/wp\/v2\/pages\/22814\/revisions"}],"predecessor-version":[{"id":23800,"href":"https:\/\/www.miph.gov.dz\/fr\/wp-json\/wp\/v2\/pages\/22814\/revisions\/23800"}],"wp:attachment":[{"href":"https:\/\/www.miph.gov.dz\/fr\/wp-json\/wp\/v2\/media?parent=22814"}],"curies":[{"name":"wp","href":"https:\/\/api.w.org\/{rel}","templated":true}]}}