{"id":19126,"date":"2025-09-03T13:34:15","date_gmt":"2025-09-03T12:34:15","guid":{"rendered":"https:\/\/www.miph.gov.dz\/fr\/?page_id=19126"},"modified":"2025-09-03T13:36:42","modified_gmt":"2025-09-03T12:36:42","slug":"liste-des-medicaments-enregistres-en-algerie","status":"publish","type":"page","link":"https:\/\/www.miph.gov.dz\/fr\/liste-des-medicaments-enregistres-en-algerie\/","title":{"rendered":"liste des m\u00e9dicaments enregistr\u00e9s en Alg\u00e9rie"},"content":{"rendered":"<p><img decoding=\"async\" class=\"size-full wp-image-959 alignleft\" src=\"https:\/\/www.miph.gov.dz\/fr\/wp-content\/uploads\/2021\/06\/excel-e1629202082435.png\" alt=\"\" width=\"29\" height=\"29\" \/>\u00a0<a href=\"https:\/\/www.miph.gov.dz\/fr\/wp-content\/uploads\/2025\/09\/liste-des-medicaments-enrgistres-2025.xlsx\">liste des m\u00e9dicaments enrgistr\u00e9s-2025<\/a><\/p>\n<p>&nbsp;<\/p>\n<p><img decoding=\"async\" class=\"size-full wp-image-959 alignleft\" src=\"https:\/\/www.miph.gov.dz\/fr\/wp-content\/uploads\/2021\/06\/excel-e1629202082435.png\" alt=\"\" width=\"29\" height=\"29\" \/>\u00a0<a href=\"https:\/\/www.miph.gov.dz\/fr\/wp-content\/uploads\/2025\/09\/liste-des-medicaments-enrgistres-2024.xlsx\">liste des m\u00e9dicaments enrgistr\u00e9s-2024<\/a><\/p>\n<p>&nbsp;<\/p>\n<p><img decoding=\"async\" class=\"size-full wp-image-959 alignleft\" src=\"https:\/\/www.miph.gov.dz\/fr\/wp-content\/uploads\/2021\/06\/excel-e1629202082435.png\" alt=\"\" width=\"29\" height=\"29\" \/>\u00a0<a href=\"https:\/\/www.miph.gov.dz\/fr\/wp-content\/uploads\/2025\/09\/liste-des-medicaments-enrgistres-2023.xlsx\">liste des m\u00e9dicaments enrgistr\u00e9s-2023<\/a><\/p>\n","protected":false},"excerpt":{"rendered":"<p>\u00a0liste des m\u00e9dicaments enrgistr\u00e9s-2025 &nbsp; \u00a0liste des m\u00e9dicaments enrgistr\u00e9s-2024 &nbsp; \u00a0liste des m\u00e9dicaments enrgistr\u00e9s-2023<\/p>\n","protected":false},"author":2,"featured_media":0,"parent":0,"menu_order":0,"comment_status":"closed","ping_status":"closed","template":"","meta":{"footnotes":""},"class_list":["post-19126","page","type-page","status-publish","hentry"],"_links":{"self":[{"href":"https:\/\/www.miph.gov.dz\/fr\/wp-json\/wp\/v2\/pages\/19126","targetHints":{"allow":["GET"]}}],"collection":[{"href":"https:\/\/www.miph.gov.dz\/fr\/wp-json\/wp\/v2\/pages"}],"about":[{"href":"https:\/\/www.miph.gov.dz\/fr\/wp-json\/wp\/v2\/types\/page"}],"author":[{"embeddable":true,"href":"https:\/\/www.miph.gov.dz\/fr\/wp-json\/wp\/v2\/users\/2"}],"replies":[{"embeddable":true,"href":"https:\/\/www.miph.gov.dz\/fr\/wp-json\/wp\/v2\/comments?post=19126"}],"version-history":[{"count":3,"href":"https:\/\/www.miph.gov.dz\/fr\/wp-json\/wp\/v2\/pages\/19126\/revisions"}],"predecessor-version":[{"id":19132,"href":"https:\/\/www.miph.gov.dz\/fr\/wp-json\/wp\/v2\/pages\/19126\/revisions\/19132"}],"wp:attachment":[{"href":"https:\/\/www.miph.gov.dz\/fr\/wp-json\/wp\/v2\/media?parent=19126"}],"curies":[{"name":"wp","href":"https:\/\/api.w.org\/{rel}","templated":true}]}}