{"id":17888,"date":"2025-05-11T10:02:00","date_gmt":"2025-05-11T09:02:00","guid":{"rendered":"https:\/\/www.miph.gov.dz\/fr\/?page_id=17888"},"modified":"2025-09-11T16:14:41","modified_gmt":"2025-09-11T15:14:41","slug":"plateforme%d8%aa%d8%a8%d8%a7%d8%af%d9%84","status":"publish","type":"page","link":"https:\/\/www.miph.gov.dz\/fr\/plateforme%d8%aa%d8%a8%d8%a7%d8%af%d9%84\/","title":{"rendered":"Plateforme \u00ab\u00a0\u062a\u0628\u0627\u062f\u0644\u00a0\u00bb"},"content":{"rendered":"\t\t<div data-elementor-type=\"wp-page\" data-elementor-id=\"17888\" class=\"elementor elementor-17888\">\n\t\t\t\t\t\t<section class=\"elementor-section elementor-top-section elementor-element elementor-element-a2ad792 elementor-section-boxed elementor-section-height-default elementor-section-height-default\" data-id=\"a2ad792\" data-element_type=\"section\">\n\t\t\t\t\t\t<div class=\"elementor-container elementor-column-gap-default\">\n\t\t\t\t\t<div class=\"elementor-column elementor-col-100 elementor-top-column elementor-element elementor-element-19a0051\" data-id=\"19a0051\" data-element_type=\"column\">\n\t\t\t<div class=\"elementor-widget-wrap elementor-element-populated\">\n\t\t\t\t\t\t<div class=\"elementor-element elementor-element-00317c0 elementor-widget elementor-widget-image\" data-id=\"00317c0\" data-element_type=\"widget\" data-widget_type=\"image.default\">\n\t\t\t\t<div class=\"elementor-widget-container\">\n\t\t\t\t\t\t\t\t\t\t\t\t\t\t\t\t<a href=\"http:\/\/portail.miph.gov.dz\/tabadol\/index_all\">\n\t\t\t\t\t\t\t<img fetchpriority=\"high\" decoding=\"async\" width=\"700\" height=\"467\" src=\"https:\/\/www.miph.gov.dz\/fr\/wp-content\/uploads\/2024\/02\/tabadol-FR.jpg\" class=\"attachment-large size-large wp-image-16376\" alt=\"\" srcset=\"https:\/\/www.miph.gov.dz\/fr\/wp-content\/uploads\/2024\/02\/tabadol-FR.jpg 700w, https:\/\/www.miph.gov.dz\/fr\/wp-content\/uploads\/2024\/02\/tabadol-FR-300x200.jpg 300w\" sizes=\"(max-width: 700px) 100vw, 700px\" \/>\t\t\t\t\t\t\t\t<\/a>\n\t\t\t\t\t\t\t\t\t\t\t\t\t\t\t<\/div>\n\t\t\t\t<\/div>\n\t\t\t\t\t<\/div>\n\t\t<\/div>\n\t\t\t\t\t<\/div>\n\t\t<\/section>\n\t\t\t\t<section class=\"elementor-section elementor-top-section elementor-element elementor-element-18a0eda elementor-section-boxed elementor-section-height-default elementor-section-height-default\" data-id=\"18a0eda\" data-element_type=\"section\">\n\t\t\t\t\t\t<div class=\"elementor-container elementor-column-gap-default\">\n\t\t\t\t\t<div class=\"elementor-column elementor-col-100 elementor-top-column elementor-element elementor-element-b1eaa6a\" data-id=\"b1eaa6a\" data-element_type=\"column\">\n\t\t\t<div class=\"elementor-widget-wrap elementor-element-populated\">\n\t\t\t\t\t\t<div class=\"elementor-element elementor-element-9cfb766 elementor-widget elementor-widget-text-editor\" data-id=\"9cfb766\" data-element_type=\"widget\" data-widget_type=\"text-editor.default\">\n\t\t\t\t<div class=\"elementor-widget-container\">\n\t\t\t\t\t\t\t\t\t<p>\u00a0<\/p><p>Ce service est disponible tous les jours ouvrables de la semaine, entre 09h00 et 15h00, nous vous invitons \u00e0 prendre vos dispositions afin de soumettre vos demande d&rsquo;agr\u00e9ments dans les d\u00e9lais impartis et pendant les heures d&rsquo;ouverture<\/p><p style=\"text-align: center;\"><a href=\"https:\/\/gate.miph.gov.dz\/tabadol\/index.php\" target=\"_blank\" rel=\"noopener\"><strong>Acc\u00e8s \u00e0 la plateforme\u00a0<\/strong><\/a><\/p>\t\t\t\t\t\t\t\t<\/div>\n\t\t\t\t<\/div>\n\t\t\t\t\t<\/div>\n\t\t<\/div>\n\t\t\t\t\t<\/div>\n\t\t<\/section>\n\t\t\t\t<\/div>\n\t\t","protected":false},"excerpt":{"rendered":"<p>\u00a0 Ce service est disponible tous les jours ouvrables de la semaine, entre 09h00 et 15h00, nous vous invitons \u00e0 prendre vos dispositions afin de soumettre vos demande d&rsquo;agr\u00e9ments dans les d\u00e9lais impartis et pendant les heures d&rsquo;ouverture Acc\u00e8s \u00e0 la plateforme\u00a0<\/p>\n","protected":false},"author":2,"featured_media":0,"parent":0,"menu_order":0,"comment_status":"closed","ping_status":"closed","template":"","meta":{"footnotes":""},"class_list":["post-17888","page","type-page","status-publish","hentry"],"_links":{"self":[{"href":"https:\/\/www.miph.gov.dz\/fr\/wp-json\/wp\/v2\/pages\/17888","targetHints":{"allow":["GET"]}}],"collection":[{"href":"https:\/\/www.miph.gov.dz\/fr\/wp-json\/wp\/v2\/pages"}],"about":[{"href":"https:\/\/www.miph.gov.dz\/fr\/wp-json\/wp\/v2\/types\/page"}],"author":[{"embeddable":true,"href":"https:\/\/www.miph.gov.dz\/fr\/wp-json\/wp\/v2\/users\/2"}],"replies":[{"embeddable":true,"href":"https:\/\/www.miph.gov.dz\/fr\/wp-json\/wp\/v2\/comments?post=17888"}],"version-history":[{"count":21,"href":"https:\/\/www.miph.gov.dz\/fr\/wp-json\/wp\/v2\/pages\/17888\/revisions"}],"predecessor-version":[{"id":19658,"href":"https:\/\/www.miph.gov.dz\/fr\/wp-json\/wp\/v2\/pages\/17888\/revisions\/19658"}],"wp:attachment":[{"href":"https:\/\/www.miph.gov.dz\/fr\/wp-json\/wp\/v2\/media?parent=17888"}],"curies":[{"name":"wp","href":"https:\/\/api.w.org\/{rel}","templated":true}]}}