{"id":17846,"date":"2025-05-11T09:20:54","date_gmt":"2025-05-11T08:20:54","guid":{"rendered":"https:\/\/www.miph.gov.dz\/fr\/?page_id=17846"},"modified":"2025-09-11T16:08:50","modified_gmt":"2025-09-11T15:08:50","slug":"la-plateforme-%d8%aa%d8%a8%d8%a7%d8%af%d9%84-%d8%a5%d9%86%d8%aa%d8%a7%d8%ac","status":"publish","type":"page","link":"https:\/\/www.miph.gov.dz\/fr\/la-plateforme-%d8%aa%d8%a8%d8%a7%d8%af%d9%84-%d8%a5%d9%86%d8%aa%d8%a7%d8%ac\/","title":{"rendered":"La plateforme \u00a0\u00bb \u062a\u0628\u0627\u062f\u0644-\u0625\u0646\u062a\u0627\u062c \u00ab\u00a0"},"content":{"rendered":"\t\t<div data-elementor-type=\"wp-page\" data-elementor-id=\"17846\" class=\"elementor elementor-17846\">\n\t\t\t\t\t\t<section class=\"elementor-section elementor-top-section elementor-element elementor-element-c36f5ec elementor-section-boxed elementor-section-height-default elementor-section-height-default\" data-id=\"c36f5ec\" data-element_type=\"section\">\n\t\t\t\t\t\t<div class=\"elementor-container elementor-column-gap-default\">\n\t\t\t\t\t<div class=\"elementor-column elementor-col-100 elementor-top-column elementor-element elementor-element-a2225be\" data-id=\"a2225be\" data-element_type=\"column\">\n\t\t\t<div class=\"elementor-widget-wrap elementor-element-populated\">\n\t\t\t\t\t\t<div class=\"elementor-element elementor-element-dabb309 elementor-widget elementor-widget-image\" data-id=\"dabb309\" data-element_type=\"widget\" data-widget_type=\"image.default\">\n\t\t\t\t<div class=\"elementor-widget-container\">\n\t\t\t\t\t\t\t\t\t\t\t\t\t\t\t<img decoding=\"async\" src=\"https:\/\/www.miph.gov.dz\/fr\/wp-content\/uploads\/elementor\/thumbs\/tabadol-intadj-FR-qko3u0mcychle87ehq8tvy2rt6lzjzbfj7s3fkjria.jpg\" title=\"tabadol-intadj-FR\" alt=\"tabadol-intadj-FR\" loading=\"lazy\" \/>\t\t\t\t\t\t\t\t\t\t\t\t\t\t\t<\/div>\n\t\t\t\t<\/div>\n\t\t\t\t\t<\/div>\n\t\t<\/div>\n\t\t\t\t\t<\/div>\n\t\t<\/section>\n\t\t\t\t<section class=\"elementor-section elementor-top-section elementor-element elementor-element-4aa7b50 elementor-section-boxed elementor-section-height-default elementor-section-height-default\" data-id=\"4aa7b50\" data-element_type=\"section\">\n\t\t\t\t\t\t<div class=\"elementor-container elementor-column-gap-default\">\n\t\t\t\t\t<div class=\"elementor-column elementor-col-100 elementor-top-column elementor-element elementor-element-69d2c259\" data-id=\"69d2c259\" data-element_type=\"column\">\n\t\t\t<div class=\"elementor-widget-wrap elementor-element-populated\">\n\t\t\t\t\t\t<div class=\"elementor-element elementor-element-1bfcf092 elementor-widget elementor-widget-text-editor\" data-id=\"1bfcf092\" data-element_type=\"widget\" data-widget_type=\"text-editor.default\">\n\t\t\t\t<div class=\"elementor-widget-container\">\n\t\t\t\t\t\t\t\t\t<p>\u00a0<\/p><p>Ce service est disponible tous les jours ouvrables de la semaine, entre 09h00 et 15h00, nous vous invitons \u00e0 prendre vos dispositions afin de soumettre vos demande d&rsquo;agr\u00e9ments dans les d\u00e9lais impartis et pendant les heures d&rsquo;ouverture<\/p><p style=\"text-align: center;\"><strong><a href=\"https:\/\/gate.miph.gov.dz\/tabadol_intaj\/\" target=\"_blank\" rel=\"noopener\">Acc\u00e8s \u00e0 la plateforme\u00a0<\/a><\/strong><\/p>\t\t\t\t\t\t\t\t<\/div>\n\t\t\t\t<\/div>\n\t\t\t\t\t<\/div>\n\t\t<\/div>\n\t\t\t\t\t<\/div>\n\t\t<\/section>\n\t\t\t\t<\/div>\n\t\t","protected":false},"excerpt":{"rendered":"<p>\u00a0 Ce service est disponible tous les jours ouvrables de la semaine, entre 09h00 et 15h00, nous vous invitons \u00e0 prendre vos dispositions afin de soumettre vos demande d&rsquo;agr\u00e9ments dans les d\u00e9lais impartis et pendant les heures d&rsquo;ouverture Acc\u00e8s \u00e0 la plateforme\u00a0<\/p>\n","protected":false},"author":2,"featured_media":0,"parent":0,"menu_order":0,"comment_status":"closed","ping_status":"closed","template":"","meta":{"footnotes":""},"class_list":["post-17846","page","type-page","status-publish","hentry"],"_links":{"self":[{"href":"https:\/\/www.miph.gov.dz\/fr\/wp-json\/wp\/v2\/pages\/17846","targetHints":{"allow":["GET"]}}],"collection":[{"href":"https:\/\/www.miph.gov.dz\/fr\/wp-json\/wp\/v2\/pages"}],"about":[{"href":"https:\/\/www.miph.gov.dz\/fr\/wp-json\/wp\/v2\/types\/page"}],"author":[{"embeddable":true,"href":"https:\/\/www.miph.gov.dz\/fr\/wp-json\/wp\/v2\/users\/2"}],"replies":[{"embeddable":true,"href":"https:\/\/www.miph.gov.dz\/fr\/wp-json\/wp\/v2\/comments?post=17846"}],"version-history":[{"count":18,"href":"https:\/\/www.miph.gov.dz\/fr\/wp-json\/wp\/v2\/pages\/17846\/revisions"}],"predecessor-version":[{"id":19646,"href":"https:\/\/www.miph.gov.dz\/fr\/wp-json\/wp\/v2\/pages\/17846\/revisions\/19646"}],"wp:attachment":[{"href":"https:\/\/www.miph.gov.dz\/fr\/wp-json\/wp\/v2\/media?parent=17846"}],"curies":[{"name":"wp","href":"https:\/\/api.w.org\/{rel}","templated":true}]}}