{"id":17426,"date":"2025-04-03T14:50:19","date_gmt":"2025-04-03T13:50:19","guid":{"rendered":"https:\/\/www.miph.gov.dz\/fr\/?page_id=17426"},"modified":"2025-04-06T11:41:21","modified_gmt":"2025-04-06T10:41:21","slug":"sitemap","status":"publish","type":"page","link":"https:\/\/www.miph.gov.dz\/fr\/sitemap\/","title":{"rendered":"Sitemap"},"content":{"rendered":"<p><a href=\"https:\/\/www.miph.gov.dz\/fr\/organigramme\/\"><strong>Organigramme<\/strong><\/a><\/p>\n<p><strong><a href=\"https:\/\/www.miph.gov.dz\/fr\/textes-juridiques\/recueil-des-textes-juridique-du-ministere-de-lindustrie-pharmaceutique\/\">Textes l\u00e9gislatifs et r\u00e9glementaires<\/a><\/strong><\/p>\n<ul>\n<li><a href=\"https:\/\/www.miph.gov.dz\/fr\/textes-juridiques\/conventions-et-accords-internationaux-0\/\">Conventions et accords internationaux<\/a><\/li>\n<li><a href=\"https:\/\/www.miph.gov.dz\/fr\/textes-juridiques\/lois-et-ordonnances-0\/\">Lois et ordonnances<\/a><\/li>\n<li><a href=\"https:\/\/www.miph.gov.dz\/fr\/textes-juridiques\/decrets\/\">D\u00e9crets<\/a><\/li>\n<li><a href=\"https:\/\/www.miph.gov.dz\/fr\/textes-juridiques\/arretes\/\">Arr\u00eat\u00e9s<\/a><\/li>\n<li><a href=\"https:\/\/www.miph.gov.dz\/fr\/textes-juridiques\/decisions\/\">D\u00e9cisions<\/a><\/li>\n<li><a href=\"https:\/\/www.miph.gov.dz\/fr\/bulletin-officiel\/\">Bulletins officiels<\/a><\/li>\n<\/ul>\n<p><span style=\"color: #000000;\"><strong>Etablissements sous tutelle<\/strong><\/span><\/p>\n<ul>\n<li><a href=\"https:\/\/www.saidalgroup.dz\/\">Groupe Saidal<\/a><\/li>\n<li><a href=\"https:\/\/anpp.dz\/\">Agence Nationale des Produits Pharmaceutiques<\/a><\/li>\n<\/ul>\n<p><a href=\"https:\/\/www.miph.gov.dz\/fr\/dossier-a-fournir-pour-lobtention-dun-agrement\/\"><strong>Obtenir un agr\u00e9ment<\/strong><\/a><\/p>\n<p><a href=\"https:\/\/www.miph.gov.dz\/fr\/category\/notes-et-informations\/\"><strong>Notes et informations<\/strong><\/a><\/p>\n<p><a href=\"https:\/\/www.miph.gov.dz\/fr\/telechargements\/\"><strong>T\u00e9l\u00e9chargements<\/strong><\/a><\/p>\n<p><a href=\"https:\/\/www.miph.gov.dz\/fr\/contact\/\"><strong>Contact<\/strong><\/a><\/p>\n<p><a href=\"https:\/\/www.miph.gov.dz\/\"><strong>\u0627\u0644\u0646\u0633\u062e\u0629 \u0627\u0644\u0639\u0631\u0628\u064a<\/strong><strong><u>\u0629<\/u><\/strong><\/a><\/p>\n<p><strong><u>Plateformes<\/u><\/strong><\/p>\n<ul>\n<li><a href=\"http:\/\/portail.miph.gov.dz\/tabadol_intaj\/\">La plateforme \u00a0\u00bb \u062a\u0628\u0627\u062f\u0644-\u0625\u0646\u062a\u0627\u062c \u00ab\u00a0<\/a><\/li>\n<li><a href=\"https:\/\/stock.miph.gov.dz\/\"> La plateforme \u00ab\u00a0\u0631\u0624\u064a\u0629\u00a0\u00bb<\/a><\/li>\n<li><a href=\"http:\/\/portail.miph.gov.dz\/tabadol\">La plateforme \u00ab\u00a0\u062a\u0628\u0627\u062f\u0644 \u00ab\u00a0<\/a><\/li>\n<\/ul>\n<p><a href=\"https:\/\/www.miph.gov.dz\/fr\/les-services-en-ligne\"><strong>Les Services en ligne<\/strong><\/a><\/p>\n<p><strong><u>La politique de l&rsquo;industrie pharmaceutique en Alg\u00e9rie\u00a0 <\/u><\/strong><\/p>\n<ul>\n<li><a href=\"https:\/\/www.miph.gov.dz\/fr\/dossier-a-fournir-pour-lobtention-dun-agrement\">Comment obtenir un agr\u00e9ment d&rsquo;un \u00e9tablissement pharmaceutique<\/a><\/li>\n<li><a href=\"https:\/\/www.miph.gov.dz\/fr\/etudes-cliniques\/\">Etudes Cliniques<\/a><\/li>\n<li><a href=\"https:\/\/www.miph.gov.dz\/fr\/promotion-des-exportations\/\">Promotion des exportations<\/a><\/li>\n<li><a href=\"https:\/\/www.miph.gov.dz\/fr\/etablissements-pharmaceutiques\/\">Etablissements pharmaceutiques<\/a><\/li>\n<li><a href=\"https:\/\/www.miph.gov.dz\/fr\/wp-content\/uploads\/2022\/11\/veille-strategique.pdf\"><u>Veille strat\u00e9gique<\/u><\/a><\/li>\n<li><a href=\"https:\/\/www.miph.gov.dz\/fr\/lobservatoire-de-veille-sur-la-disponibilite-des-produis-pharmaceutiques\">L&rsquo;Observatoire National de veille sur la Disponibilit\u00e9 des Produits Pharmaceutiques<\/a><\/li>\n<li><u>La r\u00e9gulation et des activit\u00e9s pharmaceutiques<\/u><\/li>\n<li><a href=\"https:\/\/www.miph.gov.dz\/fr\/la-serialisation\/\">La s\u00e9rialisation des m\u00e9dicaments<\/a><\/li>\n<\/ul>\n<p><strong><u>Le plan d&rsquo;action<\/u><\/strong><\/p>\n<ul>\n<li>AXE 1 : Garantir la disponibilit\u00e9 continue des produits pharmaceutiques, notamment les m\u00e9dicaments essentiels\u200b<\/li>\n<li>AXE 2 : Mise en place des outils et un dispositif r\u00e9glementaire garant de la qualit\u00e9, de l\u2019efficacit\u00e9 et de la s\u00e9curit\u00e9<\/li>\n<li><a href=\"https:\/\/www.miph.gov.dz\/fr\/promotion-des-investissements\">AXE 3 : \u00c9riger l\u2019industrie pharmaceutique nationale en secteur cr\u00e9ateur de richesses et de la promotion des investissements<\/a><\/li>\n<li>AXE 4 : Garantir l\u2019accessibilit\u00e9 \u00e9conomique aux produits pharmaceutiques \u00e0 tous les citoyens<\/li>\n<\/ul>\n<p><a href=\"https:\/\/www.miph.gov.dz\/fr\/wp-content\/uploads\/2025\/03\/DECEMBRE-2024.xlsx\"><strong>La nomenclature Nationale des produits pharmaceutiques \u00e0 usage de la m\u00e9decine humaine<\/strong><\/a><\/p>\n<p><strong><u><br \/>\n<\/u><\/strong><a href=\"http:\/\/portail.miph.gov.dz\/signalement-nomenclature\"><strong>Formulaire de signalement des \u00e9carts et omissions dans la nomenclature<br \/>\nNationale des produits pharmaceutiques \u00e0 usage de la m\u00e9decine humaine<\/strong><\/a><\/p>\n<p><strong><a href=\"https:\/\/www.miph.gov.dz\/fr\/category\/actualite\/\">News &#8211; Espace M\u00e9dia<\/a><\/strong><\/p>\n<p><strong><a href=\"https:\/\/www.miph.gov.dz\/fr\/videotheque\/\">Vid\u00e9oth\u00e8que<\/a><\/strong><\/p>\n<p><strong><u>R\u00e9seaux sociaux <\/u><\/strong><\/p>\n<ul>\n<li><a href=\"https:\/\/www.facebook.com\/profile.php?id=61572964022476\"><strong>Facebook<\/strong><\/a><\/li>\n<li><a href=\"https:\/\/www.youtube.com\/channel\/UCmZq6r59sMmL1kPrS_sBD0g\"><strong>YouTube<\/strong><\/a><\/li>\n<li><a href=\"https:\/\/twitter.com\/industrie_pharm\"><strong>Twitter<\/strong><\/a><\/li>\n<\/ul>\n<p><strong>Activit\u00e9s<\/strong><\/p>\n<ul>\n<li><a href=\"https:\/\/www.miph.gov.dz\/fr\/category\/actualite\/\">Actualit\u00e9<\/a><\/li>\n<li><a href=\"https:\/\/www.miph.gov.dz\/fr\/evenements\/\">Ev\u00e8nements<\/a><\/li>\n<\/ul>\n","protected":false},"excerpt":{"rendered":"<p>Organigramme Textes l\u00e9gislatifs et r\u00e9glementaires Conventions et accords internationaux Lois et ordonnances D\u00e9crets Arr\u00eat\u00e9s D\u00e9cisions Bulletins officiels Etablissements sous tutelle Groupe Saidal Agence Nationale des Produits Pharmaceutiques Obtenir un agr\u00e9ment Notes et informations T\u00e9l\u00e9chargements Contact \u0627\u0644\u0646\u0633\u062e\u0629 \u0627\u0644\u0639\u0631\u0628\u064a\u0629 Plateformes La plateforme \u00a0\u00bb \u062a\u0628\u0627\u062f\u0644-\u0625\u0646\u062a\u0627\u062c \u00ab\u00a0 La plateforme \u00ab\u00a0\u0631\u0624\u064a\u0629\u00a0\u00bb La plateforme \u00ab\u00a0\u062a\u0628\u0627\u062f\u0644 \u00ab\u00a0 Les Services en ligne La [&hellip;]<\/p>\n","protected":false},"author":2,"featured_media":0,"parent":0,"menu_order":0,"comment_status":"closed","ping_status":"closed","template":"","meta":{"footnotes":""},"class_list":["post-17426","page","type-page","status-publish","hentry"],"_links":{"self":[{"href":"https:\/\/www.miph.gov.dz\/fr\/wp-json\/wp\/v2\/pages\/17426","targetHints":{"allow":["GET"]}}],"collection":[{"href":"https:\/\/www.miph.gov.dz\/fr\/wp-json\/wp\/v2\/pages"}],"about":[{"href":"https:\/\/www.miph.gov.dz\/fr\/wp-json\/wp\/v2\/types\/page"}],"author":[{"embeddable":true,"href":"https:\/\/www.miph.gov.dz\/fr\/wp-json\/wp\/v2\/users\/2"}],"replies":[{"embeddable":true,"href":"https:\/\/www.miph.gov.dz\/fr\/wp-json\/wp\/v2\/comments?post=17426"}],"version-history":[{"count":3,"href":"https:\/\/www.miph.gov.dz\/fr\/wp-json\/wp\/v2\/pages\/17426\/revisions"}],"predecessor-version":[{"id":17454,"href":"https:\/\/www.miph.gov.dz\/fr\/wp-json\/wp\/v2\/pages\/17426\/revisions\/17454"}],"wp:attachment":[{"href":"https:\/\/www.miph.gov.dz\/fr\/wp-json\/wp\/v2\/media?parent=17426"}],"curies":[{"name":"wp","href":"https:\/\/api.w.org\/{rel}","templated":true}]}}