{"id":15552,"date":"2023-11-29T09:24:02","date_gmt":"2023-11-29T08:24:02","guid":{"rendered":"https:\/\/www.miph.gov.dz\/fr\/?page_id=15552"},"modified":"2026-04-07T16:29:28","modified_gmt":"2026-04-07T15:29:28","slug":"avis-de-consultation","status":"publish","type":"page","link":"https:\/\/www.miph.gov.dz\/fr\/avis-de-consultation\/","title":{"rendered":"Avis de consultations"},"content":{"rendered":"\t\t<div data-elementor-type=\"wp-page\" data-elementor-id=\"15552\" class=\"elementor elementor-15552\">\n\t\t\t\t\t\t<section class=\"elementor-section elementor-top-section elementor-element elementor-element-765a218 elementor-section-boxed elementor-section-height-default elementor-section-height-default\" data-id=\"765a218\" data-element_type=\"section\">\n\t\t\t\t\t\t<div class=\"elementor-container elementor-column-gap-default\">\n\t\t\t\t\t<div class=\"elementor-column elementor-col-100 elementor-top-column elementor-element elementor-element-0c54acc\" data-id=\"0c54acc\" data-element_type=\"column\">\n\t\t\t<div class=\"elementor-widget-wrap elementor-element-populated\">\n\t\t\t\t\t\t<div class=\"elementor-element elementor-element-4bc1736 elementor-widget elementor-widget-spacer\" data-id=\"4bc1736\" data-element_type=\"widget\" data-widget_type=\"spacer.default\">\n\t\t\t\t<div class=\"elementor-widget-container\">\n\t\t\t\t\t\t\t<div class=\"elementor-spacer\">\n\t\t\t<div class=\"elementor-spacer-inner\"><\/div>\n\t\t<\/div>\n\t\t\t\t\t\t<\/div>\n\t\t\t\t<\/div>\n\t\t\t\t\t<\/div>\n\t\t<\/div>\n\t\t\t\t\t<\/div>\n\t\t<\/section>\n\t\t\t\t<section class=\"elementor-section elementor-top-section elementor-element elementor-element-5777cf9 elementor-section-boxed elementor-section-height-default elementor-section-height-default\" data-id=\"5777cf9\" data-element_type=\"section\">\n\t\t\t\t\t\t<div class=\"elementor-container elementor-column-gap-default\">\n\t\t\t\t\t<div class=\"elementor-column elementor-col-50 elementor-top-column elementor-element elementor-element-8524742\" data-id=\"8524742\" data-element_type=\"column\">\n\t\t\t<div class=\"elementor-widget-wrap elementor-element-populated\">\n\t\t\t\t\t\t<div class=\"elementor-element elementor-element-9db5275 elementor-widget__width-initial elementor-widget elementor-widget-image\" data-id=\"9db5275\" data-element_type=\"widget\" data-widget_type=\"image.default\">\n\t\t\t\t<div class=\"elementor-widget-container\">\n\t\t\t\t\t\t\t\t\t\t\t\t\t\t\t<img fetchpriority=\"high\" decoding=\"async\" width=\"301\" height=\"168\" src=\"https:\/\/www.miph.gov.dz\/fr\/wp-content\/uploads\/2022\/09\/news.png\" class=\"attachment-large size-large wp-image-9964\" alt=\"\" \/>\t\t\t\t\t\t\t\t\t\t\t\t\t\t\t<\/div>\n\t\t\t\t<\/div>\n\t\t\t\t<div class=\"elementor-element elementor-element-8757794 elementor-widget__width-initial elementor-invisible elementor-widget elementor-widget-heading\" data-id=\"8757794\" data-element_type=\"widget\" data-settings=\"{&quot;_animation&quot;:&quot;zoomIn&quot;}\" data-widget_type=\"heading.default\">\n\t\t\t\t<div class=\"elementor-widget-container\">\n\t\t\t\t\t<h4 class=\"elementor-heading-title elementor-size-default\"><a href=\"https:\/\/www.miph.gov.dz\/fr\/wp-content\/uploads\/2026\/03\/Consultation-N\u00b06.pdf\">Avis de consultation N\u00b0 06\/MIPH\/2026<br><br>Relative au d\u00e9veloppement de la plateforme ROAYA<\/a><\/h4>\t\t\t\t<\/div>\n\t\t\t\t<\/div>\n\t\t\t\t\t<\/div>\n\t\t<\/div>\n\t\t\t\t<div class=\"elementor-column elementor-col-50 elementor-top-column elementor-element elementor-element-89a11cf\" data-id=\"89a11cf\" data-element_type=\"column\">\n\t\t\t<div class=\"elementor-widget-wrap elementor-element-populated\">\n\t\t\t\t\t\t<div class=\"elementor-element elementor-element-bd94667 elementor-widget elementor-widget-heading\" data-id=\"bd94667\" data-element_type=\"widget\" data-widget_type=\"heading.default\">\n\t\t\t\t<div class=\"elementor-widget-container\">\n\t\t\t\t\t<p class=\"elementor-heading-title elementor-size-default\"><br>Publi\u00e9 le  29\/03\/2026<br>date limite du d\u00e9p\u00f4t des offres: 02\/04\/2026 \u00e0 13h00<\/p>\t\t\t\t<\/div>\n\t\t\t\t<\/div>\n\t\t\t\t<div class=\"elementor-element elementor-element-b424514 elementor-widget elementor-widget-heading\" data-id=\"b424514\" data-element_type=\"widget\" data-widget_type=\"heading.default\">\n\t\t\t\t<div class=\"elementor-widget-container\">\n\t\t\t\t\t<p class=\"elementor-heading-title elementor-size-default\"><a href=\"https:\/\/www.miph.gov.dz\/fr\/wp-content\/uploads\/2026\/04\/attribution.pdf\"><b>Avis d'attribution provisoire<\/b><\/a><\/p>\t\t\t\t<\/div>\n\t\t\t\t<\/div>\n\t\t\t\t\t<\/div>\n\t\t<\/div>\n\t\t\t\t\t<\/div>\n\t\t<\/section>\n\t\t\t\t<section class=\"elementor-section elementor-top-section elementor-element elementor-element-d3f8a36 elementor-section-boxed elementor-section-height-default elementor-section-height-default\" data-id=\"d3f8a36\" data-element_type=\"section\">\n\t\t\t\t\t\t<div class=\"elementor-container elementor-column-gap-default\">\n\t\t\t\t\t<div class=\"elementor-column elementor-col-100 elementor-top-column elementor-element elementor-element-88cca46\" data-id=\"88cca46\" data-element_type=\"column\">\n\t\t\t<div class=\"elementor-widget-wrap elementor-element-populated\">\n\t\t\t\t\t\t<div class=\"elementor-element elementor-element-9fdcb80 elementor-widget elementor-widget-spacer\" data-id=\"9fdcb80\" data-element_type=\"widget\" data-widget_type=\"spacer.default\">\n\t\t\t\t<div class=\"elementor-widget-container\">\n\t\t\t\t\t\t\t<div class=\"elementor-spacer\">\n\t\t\t<div class=\"elementor-spacer-inner\"><\/div>\n\t\t<\/div>\n\t\t\t\t\t\t<\/div>\n\t\t\t\t<\/div>\n\t\t\t\t\t<\/div>\n\t\t<\/div>\n\t\t\t\t\t<\/div>\n\t\t<\/section>\n\t\t\t\t<section class=\"elementor-section elementor-top-section elementor-element elementor-element-39fa47a elementor-section-boxed elementor-section-height-default elementor-section-height-default\" data-id=\"39fa47a\" data-element_type=\"section\">\n\t\t\t\t\t\t<div class=\"elementor-container elementor-column-gap-default\">\n\t\t\t\t\t<div class=\"elementor-column elementor-col-50 elementor-top-column elementor-element elementor-element-d6ceb0c\" data-id=\"d6ceb0c\" data-element_type=\"column\">\n\t\t\t<div class=\"elementor-widget-wrap elementor-element-populated\">\n\t\t\t\t\t\t<div class=\"elementor-element elementor-element-76bbeb0 elementor-widget__width-initial elementor-invisible elementor-widget elementor-widget-heading\" data-id=\"76bbeb0\" data-element_type=\"widget\" data-settings=\"{&quot;_animation&quot;:&quot;zoomIn&quot;}\" data-widget_type=\"heading.default\">\n\t\t\t\t<div class=\"elementor-widget-container\">\n\t\t\t\t\t<h4 class=\"elementor-heading-title elementor-size-default\"><a href=\"https:\/\/miph.gov.dz\/wp-content\/uploads\/2026\/03\/2026-03-15-35.pdf\">Avis de consultation N\u00b0 05\/MIPH\/2026<br><br>Relative \u00e0 l'op\u00e9ration intitul\u00e9e \"Am\u00e9lioration du syst\u00e8me GED et gestion des archives\" <\/a><\/h4>\t\t\t\t<\/div>\n\t\t\t\t<\/div>\n\t\t\t\t\t<\/div>\n\t\t<\/div>\n\t\t\t\t<div class=\"elementor-column elementor-col-50 elementor-top-column elementor-element elementor-element-1e66c8d\" data-id=\"1e66c8d\" data-element_type=\"column\">\n\t\t\t<div class=\"elementor-widget-wrap elementor-element-populated\">\n\t\t\t\t\t\t<div class=\"elementor-element elementor-element-ed7fd37 elementor-widget elementor-widget-heading\" data-id=\"ed7fd37\" data-element_type=\"widget\" data-widget_type=\"heading.default\">\n\t\t\t\t<div class=\"elementor-widget-container\">\n\t\t\t\t\t<p class=\"elementor-heading-title elementor-size-default\"><br>Publi\u00e9 le  16\/03\/2026<br>date limite du d\u00e9p\u00f4t des offres: 30\/03\/2026 \u00e0 13h00<\/p>\t\t\t\t<\/div>\n\t\t\t\t<\/div>\n\t\t\t\t<div class=\"elementor-element elementor-element-0df5741 elementor-widget elementor-widget-heading\" data-id=\"0df5741\" data-element_type=\"widget\" data-widget_type=\"heading.default\">\n\t\t\t\t<div class=\"elementor-widget-container\">\n\t\t\t\t\t<p class=\"elementor-heading-title elementor-size-default\"><a href=\"https:\/\/www.miph.gov.dz\/fr\/wp-content\/uploads\/2026\/04\/attribution-GED.pdf\"><b>Avis d'attribution provisoire<\/b><\/a><\/p>\t\t\t\t<\/div>\n\t\t\t\t<\/div>\n\t\t\t\t\t<\/div>\n\t\t<\/div>\n\t\t\t\t\t<\/div>\n\t\t<\/section>\n\t\t\t\t<section class=\"elementor-section elementor-top-section elementor-element elementor-element-f5ee684 elementor-section-boxed elementor-section-height-default elementor-section-height-default\" data-id=\"f5ee684\" data-element_type=\"section\">\n\t\t\t\t\t\t<div class=\"elementor-container elementor-column-gap-default\">\n\t\t\t\t\t<div class=\"elementor-column elementor-col-100 elementor-top-column elementor-element elementor-element-d6aba5b\" data-id=\"d6aba5b\" data-element_type=\"column\">\n\t\t\t<div class=\"elementor-widget-wrap elementor-element-populated\">\n\t\t\t\t\t\t<div class=\"elementor-element elementor-element-392062a elementor-widget elementor-widget-spacer\" data-id=\"392062a\" data-element_type=\"widget\" data-widget_type=\"spacer.default\">\n\t\t\t\t<div class=\"elementor-widget-container\">\n\t\t\t\t\t\t\t<div class=\"elementor-spacer\">\n\t\t\t<div class=\"elementor-spacer-inner\"><\/div>\n\t\t<\/div>\n\t\t\t\t\t\t<\/div>\n\t\t\t\t<\/div>\n\t\t\t\t\t<\/div>\n\t\t<\/div>\n\t\t\t\t\t<\/div>\n\t\t<\/section>\n\t\t\t\t<section class=\"elementor-section elementor-top-section elementor-element elementor-element-a7514e8 elementor-section-boxed elementor-section-height-default elementor-section-height-default\" data-id=\"a7514e8\" data-element_type=\"section\">\n\t\t\t\t\t\t<div class=\"elementor-container elementor-column-gap-default\">\n\t\t\t\t\t<div class=\"elementor-column elementor-col-50 elementor-top-column elementor-element elementor-element-14ca020\" data-id=\"14ca020\" data-element_type=\"column\">\n\t\t\t<div class=\"elementor-widget-wrap elementor-element-populated\">\n\t\t\t\t\t\t<div class=\"elementor-element elementor-element-8a74b84 elementor-widget__width-initial elementor-invisible elementor-widget elementor-widget-heading\" data-id=\"8a74b84\" data-element_type=\"widget\" data-settings=\"{&quot;_animation&quot;:&quot;zoomIn&quot;}\" data-widget_type=\"heading.default\">\n\t\t\t\t<div class=\"elementor-widget-container\">\n\t\t\t\t\t<h4 class=\"elementor-heading-title elementor-size-default\"><a href=\"https:\/\/www.miph.gov.dz\/fr\/wp-content\/uploads\/2026\/03\/Consultation-N\u00b004-MIPH2026-Acquisition-de-materiels.pdf\">Avis de consultation N\u00b0 04\/MIPH\/2026<br><br>RELATIVE \u00c0 L\u2019ACQUISITION DE\nMATERIELS ET ACCESSOIRES INFORMATIQUES<\/a><\/h4>\t\t\t\t<\/div>\n\t\t\t\t<\/div>\n\t\t\t\t\t<\/div>\n\t\t<\/div>\n\t\t\t\t<div class=\"elementor-column elementor-col-50 elementor-top-column elementor-element elementor-element-0dbb5f7\" data-id=\"0dbb5f7\" data-element_type=\"column\">\n\t\t\t<div class=\"elementor-widget-wrap elementor-element-populated\">\n\t\t\t\t\t\t<div class=\"elementor-element elementor-element-c158837 elementor-widget elementor-widget-heading\" data-id=\"c158837\" data-element_type=\"widget\" data-widget_type=\"heading.default\">\n\t\t\t\t<div class=\"elementor-widget-container\">\n\t\t\t\t\t<p class=\"elementor-heading-title elementor-size-default\"><br>Publi\u00e9 le  04\/03\/2026<br>date limite du d\u00e9p\u00f4t des offres: 08\/03\/2026 \u00e0 12h00<\/p>\t\t\t\t<\/div>\n\t\t\t\t<\/div>\n\t\t\t\t\t<\/div>\n\t\t<\/div>\n\t\t\t\t\t<\/div>\n\t\t<\/section>\n\t\t\t\t<section class=\"elementor-section elementor-top-section elementor-element elementor-element-5cef237 elementor-section-boxed elementor-section-height-default elementor-section-height-default\" data-id=\"5cef237\" data-element_type=\"section\">\n\t\t\t\t\t\t<div class=\"elementor-container elementor-column-gap-default\">\n\t\t\t\t\t<div class=\"elementor-column elementor-col-100 elementor-top-column elementor-element elementor-element-f4114dd\" data-id=\"f4114dd\" data-element_type=\"column\">\n\t\t\t<div class=\"elementor-widget-wrap elementor-element-populated\">\n\t\t\t\t\t\t<div class=\"elementor-element elementor-element-1275aaf elementor-widget elementor-widget-spacer\" data-id=\"1275aaf\" data-element_type=\"widget\" data-widget_type=\"spacer.default\">\n\t\t\t\t<div class=\"elementor-widget-container\">\n\t\t\t\t\t\t\t<div class=\"elementor-spacer\">\n\t\t\t<div class=\"elementor-spacer-inner\"><\/div>\n\t\t<\/div>\n\t\t\t\t\t\t<\/div>\n\t\t\t\t<\/div>\n\t\t\t\t\t<\/div>\n\t\t<\/div>\n\t\t\t\t\t<\/div>\n\t\t<\/section>\n\t\t\t\t<section class=\"elementor-section elementor-top-section elementor-element elementor-element-9a37a2b elementor-section-boxed elementor-section-height-default elementor-section-height-default\" data-id=\"9a37a2b\" data-element_type=\"section\">\n\t\t\t\t\t\t<div class=\"elementor-container elementor-column-gap-default\">\n\t\t\t\t\t<div class=\"elementor-column elementor-col-50 elementor-top-column elementor-element elementor-element-6c6729b\" data-id=\"6c6729b\" data-element_type=\"column\">\n\t\t\t<div class=\"elementor-widget-wrap elementor-element-populated\">\n\t\t\t\t\t\t<div class=\"elementor-element elementor-element-8214543 elementor-widget__width-initial elementor-invisible elementor-widget elementor-widget-heading\" data-id=\"8214543\" data-element_type=\"widget\" data-settings=\"{&quot;_animation&quot;:&quot;zoomIn&quot;}\" data-widget_type=\"heading.default\">\n\t\t\t\t<div class=\"elementor-widget-container\">\n\t\t\t\t\t<h4 class=\"elementor-heading-title elementor-size-default\"><a href=\"https:\/\/www.miph.gov.dz\/fr\/wp-content\/uploads\/2025\/10\/CONSULTATION-N4.pdf\">Avis de consultation N\u00b0 04\/MIPH\/2025<br><br>Acquisition des billets d'avion pour les destinations internationales<\/a><\/h4>\t\t\t\t<\/div>\n\t\t\t\t<\/div>\n\t\t\t\t\t<\/div>\n\t\t<\/div>\n\t\t\t\t<div class=\"elementor-column elementor-col-50 elementor-top-column elementor-element elementor-element-9f75b94\" data-id=\"9f75b94\" data-element_type=\"column\">\n\t\t\t<div class=\"elementor-widget-wrap elementor-element-populated\">\n\t\t\t\t\t\t<div class=\"elementor-element elementor-element-b4ee094 elementor-widget elementor-widget-heading\" data-id=\"b4ee094\" data-element_type=\"widget\" data-widget_type=\"heading.default\">\n\t\t\t\t<div class=\"elementor-widget-container\">\n\t\t\t\t\t<p class=\"elementor-heading-title elementor-size-default\"><br>Publi\u00e9 le  27\/10\/2025<br>date limite du d\u00e9p\u00f4t des offres: 02\/11\/2025 \u00e0 12h00<\/p>\t\t\t\t<\/div>\n\t\t\t\t<\/div>\n\t\t\t\t\t<\/div>\n\t\t<\/div>\n\t\t\t\t\t<\/div>\n\t\t<\/section>\n\t\t\t\t<section class=\"elementor-section elementor-top-section elementor-element elementor-element-1d16a89 elementor-section-boxed elementor-section-height-default elementor-section-height-default\" data-id=\"1d16a89\" data-element_type=\"section\">\n\t\t\t\t\t\t<div class=\"elementor-container elementor-column-gap-default\">\n\t\t\t\t\t<div class=\"elementor-column elementor-col-100 elementor-top-column elementor-element elementor-element-1db9850\" data-id=\"1db9850\" data-element_type=\"column\">\n\t\t\t<div class=\"elementor-widget-wrap elementor-element-populated\">\n\t\t\t\t\t\t<div class=\"elementor-element elementor-element-c2b0758 elementor-widget elementor-widget-spacer\" data-id=\"c2b0758\" data-element_type=\"widget\" data-widget_type=\"spacer.default\">\n\t\t\t\t<div class=\"elementor-widget-container\">\n\t\t\t\t\t\t\t<div class=\"elementor-spacer\">\n\t\t\t<div class=\"elementor-spacer-inner\"><\/div>\n\t\t<\/div>\n\t\t\t\t\t\t<\/div>\n\t\t\t\t<\/div>\n\t\t\t\t\t<\/div>\n\t\t<\/div>\n\t\t\t\t\t<\/div>\n\t\t<\/section>\n\t\t\t\t<section class=\"elementor-section elementor-top-section elementor-element elementor-element-f801bff elementor-section-boxed elementor-section-height-default elementor-section-height-default\" data-id=\"f801bff\" data-element_type=\"section\">\n\t\t\t\t\t\t<div class=\"elementor-container elementor-column-gap-default\">\n\t\t\t\t\t<div class=\"elementor-column elementor-col-50 elementor-top-column elementor-element elementor-element-6f205a4\" data-id=\"6f205a4\" data-element_type=\"column\">\n\t\t\t<div class=\"elementor-widget-wrap elementor-element-populated\">\n\t\t\t\t\t\t<div class=\"elementor-element elementor-element-116a390 elementor-widget__width-initial elementor-invisible elementor-widget elementor-widget-heading\" data-id=\"116a390\" data-element_type=\"widget\" data-settings=\"{&quot;_animation&quot;:&quot;zoomIn&quot;}\" data-widget_type=\"heading.default\">\n\t\t\t\t<div class=\"elementor-widget-container\">\n\t\t\t\t\t<h4 class=\"elementor-heading-title elementor-size-default\"><a href=\"https:\/\/www.miph.gov.dz\/fr\/wp-content\/uploads\/2025\/09\/avis-de-consultation-N\u00b02.pdf\">Avis de consultation N\u00b0 02\/MIPH\/2025<\/a><\/h4>\t\t\t\t<\/div>\n\t\t\t\t<\/div>\n\t\t\t\t\t<\/div>\n\t\t<\/div>\n\t\t\t\t<div class=\"elementor-column elementor-col-50 elementor-top-column elementor-element elementor-element-5faae84\" data-id=\"5faae84\" data-element_type=\"column\">\n\t\t\t<div class=\"elementor-widget-wrap elementor-element-populated\">\n\t\t\t\t\t\t<div class=\"elementor-element elementor-element-4717c61 elementor-widget elementor-widget-heading\" data-id=\"4717c61\" data-element_type=\"widget\" data-widget_type=\"heading.default\">\n\t\t\t\t<div class=\"elementor-widget-container\">\n\t\t\t\t\t<p class=\"elementor-heading-title elementor-size-default\">Publi\u00e9 le  15\/09\/2025<br>date limite du d\u00e9p\u00f4t des offres: 22\/09\/2025 \u00e0 12h00<\/p>\t\t\t\t<\/div>\n\t\t\t\t<\/div>\n\t\t\t\t\t<\/div>\n\t\t<\/div>\n\t\t\t\t\t<\/div>\n\t\t<\/section>\n\t\t\t\t<section class=\"elementor-section elementor-top-section elementor-element elementor-element-5f0e5ad elementor-section-boxed elementor-section-height-default elementor-section-height-default\" data-id=\"5f0e5ad\" data-element_type=\"section\">\n\t\t\t\t\t\t<div class=\"elementor-container elementor-column-gap-default\">\n\t\t\t\t\t<div class=\"elementor-column elementor-col-100 elementor-top-column elementor-element elementor-element-c1a7b93\" data-id=\"c1a7b93\" data-element_type=\"column\">\n\t\t\t<div class=\"elementor-widget-wrap elementor-element-populated\">\n\t\t\t\t\t\t<div class=\"elementor-element elementor-element-7c870ec elementor-widget elementor-widget-spacer\" data-id=\"7c870ec\" data-element_type=\"widget\" data-widget_type=\"spacer.default\">\n\t\t\t\t<div class=\"elementor-widget-container\">\n\t\t\t\t\t\t\t<div class=\"elementor-spacer\">\n\t\t\t<div class=\"elementor-spacer-inner\"><\/div>\n\t\t<\/div>\n\t\t\t\t\t\t<\/div>\n\t\t\t\t<\/div>\n\t\t\t\t\t<\/div>\n\t\t<\/div>\n\t\t\t\t\t<\/div>\n\t\t<\/section>\n\t\t\t\t<section class=\"elementor-section elementor-top-section elementor-element elementor-element-494183b elementor-section-boxed elementor-section-height-default elementor-section-height-default\" data-id=\"494183b\" data-element_type=\"section\">\n\t\t\t\t\t\t<div class=\"elementor-container elementor-column-gap-default\">\n\t\t\t\t\t<div class=\"elementor-column elementor-col-50 elementor-top-column elementor-element elementor-element-25b67c6\" data-id=\"25b67c6\" data-element_type=\"column\">\n\t\t\t<div class=\"elementor-widget-wrap elementor-element-populated\">\n\t\t\t\t\t\t<div class=\"elementor-element elementor-element-76feb83 elementor-widget__width-initial elementor-invisible elementor-widget elementor-widget-heading\" data-id=\"76feb83\" data-element_type=\"widget\" data-settings=\"{&quot;_animation&quot;:&quot;zoomIn&quot;}\" data-widget_type=\"heading.default\">\n\t\t\t\t<div class=\"elementor-widget-container\">\n\t\t\t\t\t<h4 class=\"elementor-heading-title elementor-size-default\"><a href=\"https:\/\/www.miph.gov.dz\/fr\/wp-content\/uploads\/2025\/09\/avis-consultztion-N\u00b01-25.pdf\">Avis de consultation N\u00b0 01\/MIPH\/2025<\/a><\/h4>\t\t\t\t<\/div>\n\t\t\t\t<\/div>\n\t\t\t\t\t<\/div>\n\t\t<\/div>\n\t\t\t\t<div class=\"elementor-column elementor-col-50 elementor-top-column elementor-element elementor-element-125e128\" data-id=\"125e128\" data-element_type=\"column\">\n\t\t\t<div class=\"elementor-widget-wrap elementor-element-populated\">\n\t\t\t\t\t\t<div class=\"elementor-element elementor-element-1c61acf elementor-widget elementor-widget-heading\" data-id=\"1c61acf\" data-element_type=\"widget\" data-widget_type=\"heading.default\">\n\t\t\t\t<div class=\"elementor-widget-container\">\n\t\t\t\t\t<p class=\"elementor-heading-title elementor-size-default\">Publi\u00e9 le  20\/08\/2025<br>date limite du d\u00e9p\u00f4t des offres: 27\/08\/2025 \u00e0 14h00<\/p>\t\t\t\t<\/div>\n\t\t\t\t<\/div>\n\t\t\t\t\t<\/div>\n\t\t<\/div>\n\t\t\t\t\t<\/div>\n\t\t<\/section>\n\t\t\t\t<\/div>\n\t\t","protected":false},"excerpt":{"rendered":"<p>Avis de consultation N\u00b0 06\/MIPH\/2026 Relative au d\u00e9veloppement de la plateforme ROAYA Publi\u00e9 le 29\/03\/2026date limite du d\u00e9p\u00f4t des offres: 02\/04\/2026 \u00e0 13h00 Avis d&rsquo;attribution provisoire Avis de consultation N\u00b0 05\/MIPH\/2026 Relative \u00e0 l&rsquo;op\u00e9ration intitul\u00e9e \u00ab\u00a0Am\u00e9lioration du syst\u00e8me GED et gestion des archives\u00a0\u00bb Publi\u00e9 le 16\/03\/2026date limite du d\u00e9p\u00f4t des offres: 30\/03\/2026 \u00e0 13h00 Avis [&hellip;]<\/p>\n","protected":false},"author":2,"featured_media":0,"parent":0,"menu_order":0,"comment_status":"closed","ping_status":"closed","template":"","meta":{"footnotes":""},"class_list":["post-15552","page","type-page","status-publish","hentry"],"_links":{"self":[{"href":"https:\/\/www.miph.gov.dz\/fr\/wp-json\/wp\/v2\/pages\/15552","targetHints":{"allow":["GET"]}}],"collection":[{"href":"https:\/\/www.miph.gov.dz\/fr\/wp-json\/wp\/v2\/pages"}],"about":[{"href":"https:\/\/www.miph.gov.dz\/fr\/wp-json\/wp\/v2\/types\/page"}],"author":[{"embeddable":true,"href":"https:\/\/www.miph.gov.dz\/fr\/wp-json\/wp\/v2\/users\/2"}],"replies":[{"embeddable":true,"href":"https:\/\/www.miph.gov.dz\/fr\/wp-json\/wp\/v2\/comments?post=15552"}],"version-history":[{"count":127,"href":"https:\/\/www.miph.gov.dz\/fr\/wp-json\/wp\/v2\/pages\/15552\/revisions"}],"predecessor-version":[{"id":24222,"href":"https:\/\/www.miph.gov.dz\/fr\/wp-json\/wp\/v2\/pages\/15552\/revisions\/24222"}],"wp:attachment":[{"href":"https:\/\/www.miph.gov.dz\/fr\/wp-json\/wp\/v2\/media?parent=15552"}],"curies":[{"name":"wp","href":"https:\/\/api.w.org\/{rel}","templated":true}]}}