{"id":13103,"date":"2023-01-08T16:43:04","date_gmt":"2023-01-08T15:43:04","guid":{"rendered":"https:\/\/www.miph.gov.dz\/fr\/?page_id=13103"},"modified":"2023-01-08T17:00:06","modified_gmt":"2023-01-08T16:00:06","slug":"mission-dhommes-daffairesau-cameroun","status":"publish","type":"page","link":"https:\/\/www.miph.gov.dz\/fr\/mission-dhommes-daffairesau-cameroun\/","title":{"rendered":"Mission d\u2019hommes d\u2019affaires alg\u00e9riens au Cameroun"},"content":{"rendered":"\t\t<div data-elementor-type=\"wp-page\" data-elementor-id=\"13103\" class=\"elementor elementor-13103\">\n\t\t\t\t\t\t<section class=\"elementor-section elementor-top-section elementor-element elementor-element-c53e144 elementor-section-boxed elementor-section-height-default elementor-section-height-default\" data-id=\"c53e144\" data-element_type=\"section\">\n\t\t\t\t\t\t<div class=\"elementor-container elementor-column-gap-default\">\n\t\t\t\t\t<div class=\"elementor-column elementor-col-100 elementor-top-column elementor-element elementor-element-7c70fe0\" data-id=\"7c70fe0\" data-element_type=\"column\">\n\t\t\t<div class=\"elementor-widget-wrap elementor-element-populated\">\n\t\t\t\t\t\t<div class=\"elementor-element elementor-element-fb53bc8 elementor-widget elementor-widget-spacer\" data-id=\"fb53bc8\" data-element_type=\"widget\" data-widget_type=\"spacer.default\">\n\t\t\t\t<div class=\"elementor-widget-container\">\n\t\t\t\t\t\t\t<div class=\"elementor-spacer\">\n\t\t\t<div class=\"elementor-spacer-inner\"><\/div>\n\t\t<\/div>\n\t\t\t\t\t\t<\/div>\n\t\t\t\t<\/div>\n\t\t\t\t\t<\/div>\n\t\t<\/div>\n\t\t\t\t\t<\/div>\n\t\t<\/section>\n\t\t\t\t<section class=\"elementor-section elementor-top-section elementor-element elementor-element-9490fec elementor-section-boxed elementor-section-height-default elementor-section-height-default elementor-invisible\" data-id=\"9490fec\" data-element_type=\"section\" data-settings=\"{&quot;animation&quot;:&quot;fadeInLeft&quot;}\">\n\t\t\t\t\t\t<div class=\"elementor-container elementor-column-gap-default\">\n\t\t\t\t\t<div class=\"elementor-column elementor-col-50 elementor-top-column elementor-element elementor-element-976e6b7\" data-id=\"976e6b7\" data-element_type=\"column\">\n\t\t\t<div class=\"elementor-widget-wrap elementor-element-populated\">\n\t\t\t\t\t\t<div class=\"elementor-element elementor-element-d25f23a elementor-widget__width-initial elementor-invisible elementor-widget elementor-widget-image\" data-id=\"d25f23a\" data-element_type=\"widget\" data-settings=\"{&quot;_animation&quot;:&quot;zoomIn&quot;}\" data-widget_type=\"image.default\">\n\t\t\t\t<div class=\"elementor-widget-container\">\n\t\t\t\t\t\t\t\t\t\t\t\t\t\t\t<img fetchpriority=\"high\" decoding=\"async\" width=\"709\" height=\"276\" src=\"https:\/\/www.miph.gov.dz\/fr\/wp-content\/uploads\/2023\/01\/alg_cameroun.gif\" class=\"attachment-full size-full wp-image-13095\" alt=\"\" \/>\t\t\t\t\t\t\t\t\t\t\t\t\t\t\t<\/div>\n\t\t\t\t<\/div>\n\t\t\t\t\t<\/div>\n\t\t<\/div>\n\t\t\t\t<div class=\"elementor-column elementor-col-50 elementor-top-column elementor-element elementor-element-a9da1bd\" data-id=\"a9da1bd\" data-element_type=\"column\">\n\t\t\t<div class=\"elementor-widget-wrap elementor-element-populated\">\n\t\t\t\t\t\t<div class=\"elementor-element elementor-element-7544241 elementor-widget__width-initial elementor-widget elementor-widget-text-editor\" data-id=\"7544241\" data-element_type=\"widget\" data-widget_type=\"text-editor.default\">\n\t\t\t\t<div class=\"elementor-widget-container\">\n\t\t\t\t\t\t\t\t\t<p style=\"text-align: justify;\">la Chambre Alg\u00e9rienne de Commerce et d&rsquo;Industrie \u00abCACI\u00a0\u00bb organise conjointement avec la Conf\u00e9d\u00e9ration G\u00e9n\u00e9rale des Entreprises Alg\u00e9riennes \u00abCGEA\u00bb le d\u00e9placement d&rsquo;une d\u00e9l\u00e9gation d&rsquo;op\u00e9rateurs \u00e9conomiques alg\u00e9riens\u00a0<strong>au Cameroun du 22 au 28 Janvier 2023<\/strong><\/p>\t\t\t\t\t\t\t\t<\/div>\n\t\t\t\t<\/div>\n\t\t\t\t\t<\/div>\n\t\t<\/div>\n\t\t\t\t\t<\/div>\n\t\t<\/section>\n\t\t\t\t<section class=\"elementor-section elementor-top-section elementor-element elementor-element-a17b7a5 elementor-section-boxed elementor-section-height-default elementor-section-height-default\" data-id=\"a17b7a5\" data-element_type=\"section\">\n\t\t\t\t\t\t<div class=\"elementor-container elementor-column-gap-default\">\n\t\t\t\t\t<div class=\"elementor-column elementor-col-100 elementor-top-column elementor-element elementor-element-6b4af21\" data-id=\"6b4af21\" data-element_type=\"column\">\n\t\t\t<div class=\"elementor-widget-wrap elementor-element-populated\">\n\t\t\t\t\t\t\t<\/div>\n\t\t<\/div>\n\t\t\t\t\t<\/div>\n\t\t<\/section>\n\t\t\t\t<section class=\"elementor-section elementor-top-section elementor-element elementor-element-24ce1df elementor-section-boxed elementor-section-height-default elementor-section-height-default elementor-invisible\" data-id=\"24ce1df\" data-element_type=\"section\" data-settings=\"{&quot;animation&quot;:&quot;zoomInUp&quot;}\">\n\t\t\t\t\t\t<div class=\"elementor-container elementor-column-gap-default\">\n\t\t\t\t\t<div class=\"elementor-column elementor-col-100 elementor-top-column elementor-element elementor-element-efb6f9c\" data-id=\"efb6f9c\" data-element_type=\"column\">\n\t\t\t<div class=\"elementor-widget-wrap elementor-element-populated\">\n\t\t\t\t\t\t<div class=\"elementor-element elementor-element-b5bc69d elementor-widget elementor-widget-image\" data-id=\"b5bc69d\" data-element_type=\"widget\" data-widget_type=\"image.default\">\n\t\t\t\t<div class=\"elementor-widget-container\">\n\t\t\t\t\t\t\t\t\t\t\t\t\t\t\t<img decoding=\"async\" width=\"709\" height=\"276\" src=\"https:\/\/www.miph.gov.dz\/fr\/wp-content\/uploads\/2023\/01\/alg_cameroun.gif\" class=\"attachment-large size-large wp-image-13095\" alt=\"\" \/>\t\t\t\t\t\t\t\t\t\t\t\t\t\t\t<\/div>\n\t\t\t\t<\/div>\n\t\t\t\t\t<\/div>\n\t\t<\/div>\n\t\t\t\t\t<\/div>\n\t\t<\/section>\n\t\t\t\t<section class=\"elementor-section elementor-top-section elementor-element elementor-element-1f5ab45 elementor-section-boxed elementor-section-height-default elementor-section-height-default\" data-id=\"1f5ab45\" data-element_type=\"section\">\n\t\t\t\t\t\t<div class=\"elementor-container elementor-column-gap-default\">\n\t\t\t\t\t<div class=\"elementor-column elementor-col-100 elementor-top-column elementor-element elementor-element-3df9618\" data-id=\"3df9618\" data-element_type=\"column\">\n\t\t\t<div class=\"elementor-widget-wrap elementor-element-populated\">\n\t\t\t\t\t\t\t<\/div>\n\t\t<\/div>\n\t\t\t\t\t<\/div>\n\t\t<\/section>\n\t\t\t\t<section class=\"elementor-section elementor-top-section elementor-element elementor-element-d1b037a elementor-section-boxed elementor-section-height-default elementor-section-height-default elementor-invisible\" data-id=\"d1b037a\" data-element_type=\"section\" data-settings=\"{&quot;animation&quot;:&quot;zoomInUp&quot;}\">\n\t\t\t\t\t\t<div class=\"elementor-container elementor-column-gap-default\">\n\t\t\t\t\t<div class=\"elementor-column elementor-col-100 elementor-top-column elementor-element elementor-element-b445ac4\" data-id=\"b445ac4\" data-element_type=\"column\">\n\t\t\t<div class=\"elementor-widget-wrap elementor-element-populated\">\n\t\t\t\t\t\t<div class=\"elementor-element elementor-element-222442d elementor-widget elementor-widget-text-editor\" data-id=\"222442d\" data-element_type=\"widget\" data-widget_type=\"text-editor.default\">\n\t\t\t\t<div class=\"elementor-widget-container\">\n\t\t\t\t\t\t\t\t\t<p style=\"text-align: right;\"><strong>\u0628\u0639\u062b\u0629 \u0631\u062c\u0627\u0644 \u0623\u0639\u0645\u0627\u0644 \u062c\u0632\u0627\u0626\u0631\u064a\u064a\u0646 \u0625\u0644\u0649 \u0627\u0644\u0643\u0627\u0645\u064a\u0631\u0648\u0646<\/strong><\/p><p style=\"text-align: right;\">\u0641\u064a \u0625\u0637\u0627\u0631 \u0633\u064a\u0627\u0633\u0629 \u062a\u0642\u0648\u064a\u0629 \u0627\u0644\u062a\u0639\u0627\u0648\u0646 \u0627\u0644\u0627\u0642\u062a\u0635\u0627\u062f\u064a \u0628\u064a\u0646 \u0628\u064a\u0646 \u0627\u0644\u062c\u0632\u0627\u0626\u0631 \u0648\u0627\u0644\u0643\u0627\u0645\u064a\u0631\u0648\u0646\u060c \u062a\u0646\u0638\u0645 \u0627\u0644\u063a\u0631\u0641\u0629 \u0627\u0644\u062c\u0632\u0627\u0626\u0631\u064a\u0629 \u0644\u0644\u062a\u062c\u0627\u0631\u0629 \u0648\u0627\u0644\u0635\u0646\u0627\u0639\u0629 \u0628\u0627\u0644\u062a\u0639\u0627\u0648\u0646 \u0645\u0639 \u0627\u0644\u0643\u0646\u0641\u064a\u062f\u0631\u0627\u0644\u064a\u0629 \u0627\u0644\u0639\u0627\u0645\u0629 \u0644\u0644\u0645\u0624\u0633\u0633\u0627\u062a \u0627\u0644\u062c\u0632\u0627\u0626\u0631\u064a\u0629 \u00ab\u00a0CGEA\u00a0\u00bb \u062a\u0646\u0642\u0644 \u0648\u0641\u062f \u0645\u0646 \u0627\u0644\u0645\u062a\u0639\u0627\u0645\u0644\u064a\u0646 \u0627\u0644\u0627\u0642\u062a\u0635\u0627\u062f\u064a\u064a\u0646 \u0627\u0644\u062c\u0632\u0627\u0626\u0631\u064a\u064a\u0646\u00a0<span dir=\"rtl\" lang=\"AR-SA\"><strong>\u0625\u0644\u0649 \u0627\u0644\u0643\u0627\u0645\u064a\u0631\u0648\u0646 \u0645\u0646 22 \u0627\u0644\u0649 28 \u062c\u0627\u0646\u0641\u064a 2022<\/strong><\/span>\u060c \u0648\u0627\u0644\u0645\u0632\u0645\u0639 \u062a\u0646\u0638\u064a\u0645\u0647 \u0645\u0628\u062f\u0626\u064a\u0627 \u0641\u064a \u0627\u0644\u0641\u062a\u0631\u0629 \u0645\u0646 08 \u0627\u0644\u0649 13 \u062c\u0627\u0646\u0641\u064a 2023<\/p><p style=\"text-align: right;\">\u062a\u0647\u062f\u0641 \u0647\u0630\u0647 \u0627\u0644\u0632\u064a\u0627\u0631\u0629 \u0625\u0644\u0649 \u062a\u0645\u0643\u064a\u0646 \u0627\u0644\u0634\u0631\u0643\u0627\u062a \u0627\u0644\u062c\u0632\u0627\u0626\u0631\u064a\u0629 \u0645\u0646 \u0648\u0644\u0648\u062c \u0633\u0648\u0642 \u0645\u062d\u062a\u0645\u0644\u0629 \u0644\u0625\u0641\u0631\u064a\u0642\u064a\u0627 \u0627\u0644\u0648\u0633\u0637\u0649 \u0627\u0644\u062a\u064a \u062a\u0636\u0645 \u0623\u0643\u062b\u0631 \u0645\u0646 26 \u0645\u0644\u064a\u0648\u0646 \u0646\u0633\u0645\u0629 \u0633\u064a\u0645\u0627 \u0645\u0639 \u0625\u0642\u0627\u0645\u0629 \u0645\u0646\u0637\u0642\u0629 \u0627\u0644\u062a\u062c\u0627\u0631\u0629 \u0627\u0644\u062d\u0631\u0629 \u0627\u0644\u0642\u0627\u0631\u064a\u0629 \u0627\u0644\u0623\u0641\u0631\u064a\u0642\u064a\u0629 (ZLECAF) \u0648\u0627\u0644\u062a\u064a \u062a\u0639\u062f \u0623\u062f\u0627\u0629 \u0631\u0626\u064a\u0633\u064a\u0629 \u0645\u0646 \u0634\u0623\u0646\u0647\u0627 \u0627\u0646 \u062a\u0633\u0627\u0647\u0645 \u0628\u0634\u0643\u0644 \u0641\u0639\u0627\u0644 \u0641\u064a \u062a\u0637\u0648\u064a\u0631 \u0627\u0644\u062a\u062c\u0627\u0631\u0629 \u0627\u0644\u0628\u064a\u0646\u064a\u0629 \u0627\u0644\u0623\u0641\u0631\u064a\u0642\u064a\u0629<\/p><p style=\"text-align: right;\">\u0645\u0646 \u0627\u0644\u0645\u0631\u062a\u0642\u0628 \u0623\u064a\u0636\u0627 \u0627\u0646 \u064a\u062a\u0636\u0645\u0646 \u0628\u0631\u0646\u0627\u0645\u062c \u0627\u0644\u0632\u064a\u0627\u0631\u0629 \u062a\u0646\u0638\u064a\u0645 \u0645\u0646\u062a\u062f\u0649 \u0623\u0639\u0645\u0627\u0644 \u062c\u0632\u0627\u0626\u0631\u064a &#8211;\u00a0 \u0643\u0627\u0645\u064a\u0631\u0648\u0646\u064a \u0648\u0644\u0642\u0627\u0621\u0627\u062a \u0623\u0639\u0645\u0627\u0644 \u062b\u0646\u0627\u0626\u064a\u0629 \u0648\u0643\u0630\u0644\u0643 \u062a\u0631\u062a\u064a\u0628 \u0632\u064a\u0627\u0631\u0627\u062a \u0645\u064a\u062f\u0627\u0646\u064a\u0629 \u0644\u0645\u0648\u0627\u0642\u0639 \u0635\u0646\u0627\u0639\u064a\u0629<\/p><p style=\"text-align: right;\">\u0648\u0639\u0644\u064a\u0647\u060c \u0627\u0644\u0634\u0631\u0643\u0627\u062a \u0627\u0644\u0631\u0627\u063a\u0628\u0629 \u0641\u064a \u0627\u0644\u0645\u0634\u0627\u0631\u0643\u0629 \u0636\u0645\u0646 \u0647\u0630\u0647\u00a0 \u0627\u0644\u0628\u0639\u062b\u0629 \u0627\u0644\u0627\u0642\u062a\u0635\u0627\u062f\u064a\u0629 \u0645\u062f\u0639\u0648\u0629 \u0625\u0644\u0649 \u0627\u0644\u062a\u0633\u062c\u064a\u0644 \u0639\u0628\u0631 \u0627\u0644\u0631\u0627\u0628\u0637 \u0627\u0644\u062a\u0627\u0644\u064a <a href=\"https:\/\/forms.gle\/E4syYjZ6qaV3FoGF6\"><strong>https:\/\/forms.gle\/E4syYjZ6qaV3FoGF6<\/strong><\/a><\/p><p style=\"text-align: right;\">\u200b\u0643\u0645\u0627 \u062a\u062c\u062f\u0631 \u0627\u0644\u0625\u0634\u0627\u0631\u0629 \u0623\u064a\u0636\u0627 \u0625\u0644\u0649 \u0623\u0646\u0647 \u0633\u064a\u062a\u0645 \u0644\u0627\u062d\u0642\u0627 \u0645\u0648\u0627\u0641\u0627\u0629 \u0627\u0644\u0634\u0631\u0643\u0627\u062a \u0627\u0644\u0645\u0633\u062c\u0644\u0629 \u0628\u0627\u0644\u062a\u0631\u062a\u064a\u0628\u0627\u062a \u0627\u0644\u0639\u0645\u0644\u064a\u0629 \u0644\u0644\u0645\u0634\u0627\u0631\u0643\u0629<\/p>\t\t\t\t\t\t\t\t<\/div>\n\t\t\t\t<\/div>\n\t\t\t\t\t<\/div>\n\t\t<\/div>\n\t\t\t\t\t<\/div>\n\t\t<\/section>\n\t\t\t\t<section class=\"elementor-section elementor-top-section elementor-element elementor-element-e100e28 elementor-section-boxed elementor-section-height-default elementor-section-height-default\" data-id=\"e100e28\" data-element_type=\"section\">\n\t\t\t\t\t\t<div class=\"elementor-container elementor-column-gap-default\">\n\t\t\t\t\t<div class=\"elementor-column elementor-col-100 elementor-top-column elementor-element elementor-element-d8b34ec\" data-id=\"d8b34ec\" data-element_type=\"column\">\n\t\t\t<div class=\"elementor-widget-wrap elementor-element-populated\">\n\t\t\t\t\t\t\t<\/div>\n\t\t<\/div>\n\t\t\t\t\t<\/div>\n\t\t<\/section>\n\t\t\t\t<section class=\"elementor-section elementor-top-section elementor-element elementor-element-9ba2b90 elementor-section-boxed elementor-section-height-default elementor-section-height-default elementor-invisible\" data-id=\"9ba2b90\" data-element_type=\"section\" data-settings=\"{&quot;animation&quot;:&quot;zoomInUp&quot;}\">\n\t\t\t\t\t\t<div class=\"elementor-container elementor-column-gap-default\">\n\t\t\t\t\t<div class=\"elementor-column elementor-col-100 elementor-top-column elementor-element elementor-element-69573df\" data-id=\"69573df\" data-element_type=\"column\">\n\t\t\t<div class=\"elementor-widget-wrap elementor-element-populated\">\n\t\t\t\t\t\t<div class=\"elementor-element elementor-element-09f59ff elementor-widget elementor-widget-text-editor\" data-id=\"09f59ff\" data-element_type=\"widget\" data-widget_type=\"text-editor.default\">\n\t\t\t\t<div class=\"elementor-widget-container\">\n\t\t\t\t\t\t\t\t\t<div dir=\"auto\"><div data-name=\"ContentPlaceHolderMain\"><div class=\"contenu\"><div class=\"contenupage\"><div class=\"milieu\"><div data-name=\"Champ de page : Contenu de la page\"><div id=\"ctl00_PlaceHolderMain_ctl07__ControlWrapper_RichHtmlField\" class=\"ms-rtestate-field\" aria-labelledby=\"ctl00_PlaceHolderMain_ctl07_label\"><p>Dans le cadre du renforcement de la coop\u00e9ration \u00e9conomique alg\u00e9ro-camerounaise, la Chambre Alg\u00e9rienne de Commerce et d&rsquo;Industrie \u00abCACI\u00a0\u00bb organise conjointement avec la Conf\u00e9d\u00e9ration G\u00e9n\u00e9rale des Entreprises Alg\u00e9riennes \u00abCGEA\u00bb le d\u00e9placement d&rsquo;une d\u00e9l\u00e9gation d&rsquo;op\u00e9rateurs \u00e9conomiques alg\u00e9riens\u00a0<strong>au Cameroun du 22 au 28 Janvier 2023<\/strong>, initialement pr\u00e9vu du 08 au 13 Janvier 2022.<\/p><p>Cette mission tend \u00e0 permettre aux entreprises alg\u00e9riennes d&rsquo;acc\u00e9der \u00e0 un march\u00e9 potentiel de l&rsquo;Afrique Centrale qui compte plus de 26 millions d&rsquo;habitants notamment avec la mise en place de la Zone de Libre Echange Continentale Africaine (ZLECAF) qui est un instrument cl\u00e9 contribuant efficacement au d\u00e9veloppement des \u00e9changes commerciaux intra-africains.<\/p><p>Le programme de la visite pr\u00e9voit l&rsquo;organisation d&rsquo;un forum d&rsquo;affaires alg\u00e9ro-camerounais, des rencontres d&rsquo;affaires directes \u00ab\u00a0B to B\u00a0\u00bb et de visites des sites industriels.<\/p><p>A cet effet, les entreprises int\u00e9ress\u00e9es pour participer \u00e0 cette mission \u00e9conomique sont invit\u00e9es \u00e0 s&rsquo;inscrire en ligne via le lien :\u00a0<a href=\"https:\/\/forms.gle\/E4syYjZ6qaV3FoGF6\"><strong>https:\/\/forms.gle\/E4syYjZ6qaV3FoGF6<\/strong><\/a><\/p><p>\u200bIl y a lieu de noter que les modalit\u00e9s pratiques de participation seront communiqu\u00e9es ult\u00e9rieurement aux entreprises inscrites.<\/p><\/div><\/div><\/div><\/div><div>\u00a0<\/div><\/div><\/div><div class=\"foot\"><p>\u00a0<\/p><\/div><\/div>\t\t\t\t\t\t\t\t<\/div>\n\t\t\t\t<\/div>\n\t\t\t\t\t<\/div>\n\t\t<\/div>\n\t\t\t\t\t<\/div>\n\t\t<\/section>\n\t\t\t\t<section class=\"elementor-section elementor-top-section elementor-element elementor-element-d72f278 elementor-section-boxed elementor-section-height-default elementor-section-height-default\" data-id=\"d72f278\" data-element_type=\"section\">\n\t\t\t\t\t\t<div class=\"elementor-container elementor-column-gap-default\">\n\t\t\t\t\t<div class=\"elementor-column elementor-col-100 elementor-top-column elementor-element elementor-element-80fca48\" data-id=\"80fca48\" data-element_type=\"column\">\n\t\t\t<div class=\"elementor-widget-wrap elementor-element-populated\">\n\t\t\t\t\t\t\t<\/div>\n\t\t<\/div>\n\t\t\t\t\t<\/div>\n\t\t<\/section>\n\t\t\t\t<\/div>\n\t\t","protected":false},"excerpt":{"rendered":"<p>la Chambre Alg\u00e9rienne de Commerce et d&rsquo;Industrie \u00abCACI\u00a0\u00bb organise conjointement avec la Conf\u00e9d\u00e9ration G\u00e9n\u00e9rale des Entreprises Alg\u00e9riennes \u00abCGEA\u00bb le d\u00e9placement d&rsquo;une d\u00e9l\u00e9gation d&rsquo;op\u00e9rateurs \u00e9conomiques alg\u00e9riens\u00a0au Cameroun du 22 au 28 Janvier 2023 \u0628\u0639\u062b\u0629 \u0631\u062c\u0627\u0644 \u0623\u0639\u0645\u0627\u0644 \u062c\u0632\u0627\u0626\u0631\u064a\u064a\u0646 \u0625\u0644\u0649 \u0627\u0644\u0643\u0627\u0645\u064a\u0631\u0648\u0646 \u0641\u064a \u0625\u0637\u0627\u0631 \u0633\u064a\u0627\u0633\u0629 \u062a\u0642\u0648\u064a\u0629 \u0627\u0644\u062a\u0639\u0627\u0648\u0646 \u0627\u0644\u0627\u0642\u062a\u0635\u0627\u062f\u064a \u0628\u064a\u0646 \u0628\u064a\u0646 \u0627\u0644\u062c\u0632\u0627\u0626\u0631 \u0648\u0627\u0644\u0643\u0627\u0645\u064a\u0631\u0648\u0646\u060c \u062a\u0646\u0638\u0645 \u0627\u0644\u063a\u0631\u0641\u0629 \u0627\u0644\u062c\u0632\u0627\u0626\u0631\u064a\u0629 \u0644\u0644\u062a\u062c\u0627\u0631\u0629 \u0648\u0627\u0644\u0635\u0646\u0627\u0639\u0629 \u0628\u0627\u0644\u062a\u0639\u0627\u0648\u0646 \u0645\u0639 [&hellip;]<\/p>\n","protected":false},"author":2,"featured_media":0,"parent":0,"menu_order":0,"comment_status":"closed","ping_status":"closed","template":"","meta":{"footnotes":""},"class_list":["post-13103","page","type-page","status-publish","hentry"],"_links":{"self":[{"href":"https:\/\/www.miph.gov.dz\/fr\/wp-json\/wp\/v2\/pages\/13103","targetHints":{"allow":["GET"]}}],"collection":[{"href":"https:\/\/www.miph.gov.dz\/fr\/wp-json\/wp\/v2\/pages"}],"about":[{"href":"https:\/\/www.miph.gov.dz\/fr\/wp-json\/wp\/v2\/types\/page"}],"author":[{"embeddable":true,"href":"https:\/\/www.miph.gov.dz\/fr\/wp-json\/wp\/v2\/users\/2"}],"replies":[{"embeddable":true,"href":"https:\/\/www.miph.gov.dz\/fr\/wp-json\/wp\/v2\/comments?post=13103"}],"version-history":[{"count":34,"href":"https:\/\/www.miph.gov.dz\/fr\/wp-json\/wp\/v2\/pages\/13103\/revisions"}],"predecessor-version":[{"id":13144,"href":"https:\/\/www.miph.gov.dz\/fr\/wp-json\/wp\/v2\/pages\/13103\/revisions\/13144"}],"wp:attachment":[{"href":"https:\/\/www.miph.gov.dz\/fr\/wp-json\/wp\/v2\/media?parent=13103"}],"curies":[{"name":"wp","href":"https:\/\/api.w.org\/{rel}","templated":true}]}}