{"id":12715,"date":"2022-12-07T11:20:12","date_gmt":"2022-12-07T10:20:12","guid":{"rendered":"https:\/\/www.miph.gov.dz\/fr\/?page_id=12715"},"modified":"2025-12-17T11:10:31","modified_gmt":"2025-12-17T10:10:31","slug":"plateforme-numerique","status":"publish","type":"page","link":"https:\/\/www.miph.gov.dz\/fr\/plateforme-numerique\/","title":{"rendered":"La plateforme num\u00e9rique"},"content":{"rendered":"\t\t<div data-elementor-type=\"wp-page\" data-elementor-id=\"12715\" class=\"elementor elementor-12715\">\n\t\t\t\t\t\t<section class=\"elementor-section elementor-top-section elementor-element elementor-element-c437cb4 elementor-section-boxed elementor-section-height-default elementor-section-height-default\" data-id=\"c437cb4\" data-element_type=\"section\">\n\t\t\t\t\t\t<div class=\"elementor-container elementor-column-gap-default\">\n\t\t\t\t\t<div class=\"elementor-column elementor-col-100 elementor-top-column elementor-element elementor-element-d3dc62d\" data-id=\"d3dc62d\" data-element_type=\"column\">\n\t\t\t<div class=\"elementor-widget-wrap elementor-element-populated\">\n\t\t\t\t\t\t<div class=\"elementor-element elementor-element-62fa2ae elementor-invisible elementor-widget elementor-widget-image\" data-id=\"62fa2ae\" data-element_type=\"widget\" data-settings=\"{&quot;_animation&quot;:&quot;fadeIn&quot;}\" data-widget_type=\"image.default\">\n\t\t\t\t<div class=\"elementor-widget-container\">\n\t\t\t\t\t\t\t\t\t\t\t\t\t\t\t\t<a href=\"https:\/\/roaya.miph.gov.dz\/\">\n\t\t\t\t\t\t\t<img fetchpriority=\"high\" decoding=\"async\" width=\"730\" height=\"501\" src=\"https:\/\/www.miph.gov.dz\/fr\/wp-content\/uploads\/2024\/02\/plateforme.jpg\" class=\"attachment-large size-large wp-image-16277\" alt=\"\" srcset=\"https:\/\/www.miph.gov.dz\/fr\/wp-content\/uploads\/2024\/02\/plateforme.jpg 837w, https:\/\/www.miph.gov.dz\/fr\/wp-content\/uploads\/2024\/02\/plateforme-300x206.jpg 300w, https:\/\/www.miph.gov.dz\/fr\/wp-content\/uploads\/2024\/02\/plateforme-768x527.jpg 768w\" sizes=\"(max-width: 730px) 100vw, 730px\" \/>\t\t\t\t\t\t\t\t<\/a>\n\t\t\t\t\t\t\t\t\t\t\t\t\t\t\t<\/div>\n\t\t\t\t<\/div>\n\t\t\t\t\t<\/div>\n\t\t<\/div>\n\t\t\t\t\t<\/div>\n\t\t<\/section>\n\t\t\t\t<section class=\"elementor-section elementor-top-section elementor-element elementor-element-61c70bd elementor-section-boxed elementor-section-height-default elementor-section-height-default elementor-invisible\" data-id=\"61c70bd\" data-element_type=\"section\" data-settings=\"{&quot;animation&quot;:&quot;fadeInUp&quot;}\">\n\t\t\t\t\t\t<div class=\"elementor-container elementor-column-gap-default\">\n\t\t\t\t\t<div class=\"elementor-column elementor-col-100 elementor-top-column elementor-element elementor-element-40b9939\" data-id=\"40b9939\" data-element_type=\"column\">\n\t\t\t<div class=\"elementor-widget-wrap elementor-element-populated\">\n\t\t\t\t\t\t<div class=\"elementor-element elementor-element-c22a8bd elementor-widget elementor-widget-text-editor\" data-id=\"c22a8bd\" data-element_type=\"widget\" data-widget_type=\"text-editor.default\">\n\t\t\t\t<div class=\"elementor-widget-container\">\n\t\t\t\t\t\t\t\t\t<p style=\"text-align: justify;\">Syst\u00e8me d\u2019information pharmaceutique nationale qui permet la num\u00e9risation et l\u2019analyse simultan\u00e9e des plannings de livraisons aff\u00e9rents aux programmes d\u2019importation et des programmes de production. Permettant d\u2019assurer une meilleure visibilit\u00e9 des \u00e9tats des stocks des produits pharmaceutiques et anticiper les \u00e9ventuelles ruptures d\u2019approvisionnement. Outil pharmaco-\u00e9conomiques au service d\u2019une veille strat\u00e9gique efficace.<\/p><h5 style=\"text-align: center;\"><strong><a href=\"https:\/\/www.miph.gov.dz\/fr\/canvas-hebdomadaire-de-declaration-des-etats-des-stocks\/\" target=\"_blank\" rel=\"noopener\"><span style=\"color: #ff0000;\">Note N\u00b0<\/span><span style=\"color: #ff0000;\"> 203\/DVS\/MIP\/2021<\/span><\/a><\/strong><\/h5><div>\u00a0<\/div><div><span style=\"color: #000000;\"><b>Ce service est disponible tous les jours ouvrables de la semaine, entre 08h00 et 17h00, nous vous invitons \u00e0 prendre vos dispositions afin de soumettre vos demande d\u2019agr\u00e9ments dans les d\u00e9lais impartis et pendant les heures d\u2019ouverture<\/b><\/span><\/div><div><p style=\"text-align: center;\"><span style=\"font-weight: 600;\"><span style=\"transition-property: all;\"><a href=\"https:\/\/roaya.miph.gov.dz\/\">Acc\u00e8s \u00e0 la plateforme\u00a0<\/a><\/span><\/span><\/p><\/div><div>\u00a0<\/div><div>\u00a0<\/div>\t\t\t\t\t\t\t\t<\/div>\n\t\t\t\t<\/div>\n\t\t\t\t\t<\/div>\n\t\t<\/div>\n\t\t\t\t\t<\/div>\n\t\t<\/section>\n\t\t\t\t<section class=\"elementor-section elementor-top-section elementor-element elementor-element-a720a74 elementor-section-boxed elementor-section-height-default elementor-section-height-default\" data-id=\"a720a74\" data-element_type=\"section\">\n\t\t\t\t\t\t<div class=\"elementor-container elementor-column-gap-default\">\n\t\t\t\t\t<div class=\"elementor-column elementor-col-100 elementor-top-column elementor-element elementor-element-e0bb19f\" data-id=\"e0bb19f\" data-element_type=\"column\">\n\t\t\t<div class=\"elementor-widget-wrap elementor-element-populated\">\n\t\t\t\t\t\t<div class=\"elementor-element elementor-element-b890d01 elementor-widget elementor-widget-heading\" data-id=\"b890d01\" data-element_type=\"widget\" data-widget_type=\"heading.default\">\n\t\t\t\t<div class=\"elementor-widget-container\">\n\t\t\t\t\t<h3 class=\"elementor-heading-title elementor-size-default\"><a href=\"https:\/\/roaya.miph.gov.dz\/\">Acc\u00e8s \u00e0 la plateforme num\u00e9rique des produits pharmaceutique (M\u00e9dicaments) <\/a><\/h3>\t\t\t\t<\/div>\n\t\t\t\t<\/div>\n\t\t\t\t\t<\/div>\n\t\t<\/div>\n\t\t\t\t\t<\/div>\n\t\t<\/section>\n\t\t\t\t<section class=\"elementor-section elementor-top-section elementor-element elementor-element-fdc802a elementor-section-boxed elementor-section-height-default elementor-section-height-default\" data-id=\"fdc802a\" data-element_type=\"section\">\n\t\t\t\t\t\t<div class=\"elementor-container elementor-column-gap-default\">\n\t\t\t\t\t<div class=\"elementor-column elementor-col-100 elementor-top-column elementor-element elementor-element-4cfa39e\" data-id=\"4cfa39e\" data-element_type=\"column\">\n\t\t\t<div class=\"elementor-widget-wrap elementor-element-populated\">\n\t\t\t\t\t\t<div class=\"elementor-element elementor-element-23dd8a6 elementor-widget elementor-widget-image\" data-id=\"23dd8a6\" data-element_type=\"widget\" data-widget_type=\"image.default\">\n\t\t\t\t<div class=\"elementor-widget-container\">\n\t\t\t\t\t\t\t\t\t\t\t\t\t\t\t\t<a href=\"https:\/roaya.miph.gov.dz\/\">\n\t\t\t\t\t\t\t<img decoding=\"async\" width=\"1174\" height=\"633\" src=\"https:\/\/www.miph.gov.dz\/fr\/wp-content\/uploads\/2022\/12\/plateforme-MIPH.jpg\" class=\"attachment-full size-full wp-image-12720\" alt=\"\" srcset=\"https:\/\/www.miph.gov.dz\/fr\/wp-content\/uploads\/2022\/12\/plateforme-MIPH.jpg 1174w, https:\/\/www.miph.gov.dz\/fr\/wp-content\/uploads\/2022\/12\/plateforme-MIPH-300x162.jpg 300w, https:\/\/www.miph.gov.dz\/fr\/wp-content\/uploads\/2022\/12\/plateforme-MIPH-1024x552.jpg 1024w, https:\/\/www.miph.gov.dz\/fr\/wp-content\/uploads\/2022\/12\/plateforme-MIPH-768x414.jpg 768w\" sizes=\"(max-width: 1174px) 100vw, 1174px\" \/>\t\t\t\t\t\t\t\t<\/a>\n\t\t\t\t\t\t\t\t\t\t\t\t\t\t\t<\/div>\n\t\t\t\t<\/div>\n\t\t\t\t\t<\/div>\n\t\t<\/div>\n\t\t\t\t\t<\/div>\n\t\t<\/section>\n\t\t\t\t<section class=\"elementor-section elementor-top-section elementor-element elementor-element-bd60bb8 elementor-section-boxed elementor-section-height-default elementor-section-height-default\" data-id=\"bd60bb8\" data-element_type=\"section\">\n\t\t\t\t\t\t<div class=\"elementor-container elementor-column-gap-default\">\n\t\t\t\t\t<div class=\"elementor-column elementor-col-100 elementor-top-column elementor-element elementor-element-46040ef\" data-id=\"46040ef\" data-element_type=\"column\">\n\t\t\t<div class=\"elementor-widget-wrap elementor-element-populated\">\n\t\t\t\t\t\t<div class=\"elementor-element elementor-element-2df533a elementor-widget elementor-widget-heading\" data-id=\"2df533a\" data-element_type=\"widget\" data-widget_type=\"heading.default\">\n\t\t\t\t<div class=\"elementor-widget-container\">\n\t\t\t\t\t<h4 class=\"elementor-heading-title elementor-size-default\"><h1 class=\"elementor-heading-title elementor-size-default elementor-inline-editing pen\" data-elementor-setting-key=\"title\" data-pen-placeholder=\"\u00c9crivez ici...\" style=\"font-size: 40px;font-family: Roboto, sans-serif;font-weight: 600;line-height: 0.1em;text-align: center\">Guides <\/h1><\/h4>\t\t\t\t<\/div>\n\t\t\t\t<\/div>\n\t\t\t\t<div class=\"elementor-element elementor-element-fc99112 elementor-widget-divider--view-line elementor-widget elementor-widget-divider\" data-id=\"fc99112\" data-element_type=\"widget\" data-widget_type=\"divider.default\">\n\t\t\t\t<div class=\"elementor-widget-container\">\n\t\t\t\t\t\t\t<div class=\"elementor-divider\">\n\t\t\t<span class=\"elementor-divider-separator\">\n\t\t\t\t\t\t<\/span>\n\t\t<\/div>\n\t\t\t\t\t\t<\/div>\n\t\t\t\t<\/div>\n\t\t\t\t\t<\/div>\n\t\t<\/div>\n\t\t\t\t\t<\/div>\n\t\t<\/section>\n\t\t\t\t<section class=\"elementor-section elementor-top-section elementor-element elementor-element-7c43dfa elementor-section-boxed elementor-section-height-default elementor-section-height-default elementor-invisible\" data-id=\"7c43dfa\" data-element_type=\"section\" data-settings=\"{&quot;animation&quot;:&quot;fadeInUp&quot;}\">\n\t\t\t\t\t\t<div class=\"elementor-container elementor-column-gap-default\">\n\t\t\t\t\t<div class=\"elementor-column elementor-col-50 elementor-top-column elementor-element elementor-element-3c56b12\" data-id=\"3c56b12\" data-element_type=\"column\">\n\t\t\t<div class=\"elementor-widget-wrap elementor-element-populated\">\n\t\t\t\t\t\t<div class=\"elementor-element elementor-element-ecdbe75 elementor-invisible elementor-widget elementor-widget-image\" data-id=\"ecdbe75\" data-element_type=\"widget\" data-settings=\"{&quot;_animation&quot;:&quot;zoomIn&quot;}\" data-widget_type=\"image.default\">\n\t\t\t\t<div class=\"elementor-widget-container\">\n\t\t\t\t\t\t\t\t\t\t\t\t\t\t\t\t<a href=\"#\" target=\"_blank\">\n\t\t\t\t\t\t\t<img decoding=\"async\" width=\"1174\" height=\"633\" src=\"https:\/\/www.miph.gov.dz\/fr\/wp-content\/uploads\/2022\/12\/plateforme-MIPH.jpg\" class=\"attachment-full size-full wp-image-12720\" alt=\"\" srcset=\"https:\/\/www.miph.gov.dz\/fr\/wp-content\/uploads\/2022\/12\/plateforme-MIPH.jpg 1174w, https:\/\/www.miph.gov.dz\/fr\/wp-content\/uploads\/2022\/12\/plateforme-MIPH-300x162.jpg 300w, https:\/\/www.miph.gov.dz\/fr\/wp-content\/uploads\/2022\/12\/plateforme-MIPH-1024x552.jpg 1024w, https:\/\/www.miph.gov.dz\/fr\/wp-content\/uploads\/2022\/12\/plateforme-MIPH-768x414.jpg 768w\" sizes=\"(max-width: 1174px) 100vw, 1174px\" \/>\t\t\t\t\t\t\t\t<\/a>\n\t\t\t\t\t\t\t\t\t\t\t\t\t\t\t<\/div>\n\t\t\t\t<\/div>\n\t\t\t\t\t<\/div>\n\t\t<\/div>\n\t\t\t\t<div class=\"elementor-column elementor-col-50 elementor-top-column elementor-element elementor-element-29218ff\" data-id=\"29218ff\" data-element_type=\"column\">\n\t\t\t<div class=\"elementor-widget-wrap elementor-element-populated\">\n\t\t\t\t\t\t<div class=\"elementor-element elementor-element-b55074e elementor-widget__width-initial elementor-widget elementor-widget-text-editor\" data-id=\"b55074e\" data-element_type=\"widget\" data-widget_type=\"text-editor.default\">\n\t\t\t\t<div class=\"elementor-widget-container\">\n\t\t\t\t\t\t\t\t\t<ul><li><a href=\"https:\/\/www.miph.gov.dz\/fr\/wp-content\/uploads\/2022\/03\/guide-plateforme.pdf\">Guide d&rsquo;inscription \u00e0 la plateforme\u00a0<\/a><\/li><li><a href=\"https:\/\/www.miph.gov.dz\/fr\/wp-content\/uploads\/2022\/08\/Guide-plateforme.pdf\"><em>Guide pour\u00a0 l&rsquo;introduction des programmes de r\u00e9alisation et des programmes pr\u00e9visionnels \u00a0d&rsquo;importation\u00a0<\/em><\/a><\/li><li><em><a href=\"https:\/\/www.miph.gov.dz\/fr\/wp-content\/uploads\/2022\/03\/guide-plateforme.pdf\">Guide pour la d\u00e9claration des stocks<\/a><\/em><\/li><\/ul>\t\t\t\t\t\t\t\t<\/div>\n\t\t\t\t<\/div>\n\t\t\t\t\t<\/div>\n\t\t<\/div>\n\t\t\t\t\t<\/div>\n\t\t<\/section>\n\t\t\t\t<section class=\"elementor-section elementor-top-section elementor-element elementor-element-a375ca8 elementor-section-boxed elementor-section-height-default elementor-section-height-default\" data-id=\"a375ca8\" data-element_type=\"section\">\n\t\t\t\t\t\t<div class=\"elementor-container elementor-column-gap-default\">\n\t\t\t\t\t<div class=\"elementor-column elementor-col-100 elementor-top-column elementor-element elementor-element-13a5d78\" data-id=\"13a5d78\" data-element_type=\"column\">\n\t\t\t<div class=\"elementor-widget-wrap elementor-element-populated\">\n\t\t\t\t\t\t<div class=\"elementor-element elementor-element-b962d5d elementor-widget elementor-widget-heading\" data-id=\"b962d5d\" data-element_type=\"widget\" data-widget_type=\"heading.default\">\n\t\t\t\t<div class=\"elementor-widget-container\">\n\t\t\t\t\t<h4 class=\"elementor-heading-title elementor-size-default\"><h1 class=\"elementor-heading-title elementor-size-default elementor-inline-editing pen\" data-elementor-setting-key=\"title\" data-pen-placeholder=\"\u00c9crivez ici...\" style=\"font-size: 40px;font-family: Roboto, sans-serif;font-weight: 600;line-height: 0.1em;text-align: center\">Canevas <\/h1><\/h4>\t\t\t\t<\/div>\n\t\t\t\t<\/div>\n\t\t\t\t<div class=\"elementor-element elementor-element-33cc553 elementor-widget-divider--view-line elementor-widget elementor-widget-divider\" data-id=\"33cc553\" data-element_type=\"widget\" data-widget_type=\"divider.default\">\n\t\t\t\t<div class=\"elementor-widget-container\">\n\t\t\t\t\t\t\t<div class=\"elementor-divider\">\n\t\t\t<span class=\"elementor-divider-separator\">\n\t\t\t\t\t\t<\/span>\n\t\t<\/div>\n\t\t\t\t\t\t<\/div>\n\t\t\t\t<\/div>\n\t\t\t\t\t<\/div>\n\t\t<\/div>\n\t\t\t\t\t<\/div>\n\t\t<\/section>\n\t\t\t\t<section class=\"elementor-section elementor-top-section elementor-element elementor-element-265abab elementor-section-boxed elementor-section-height-default elementor-section-height-default elementor-invisible\" data-id=\"265abab\" data-element_type=\"section\" data-settings=\"{&quot;animation&quot;:&quot;fadeInUp&quot;}\">\n\t\t\t\t\t\t<div class=\"elementor-container elementor-column-gap-default\">\n\t\t\t\t\t<div class=\"elementor-column elementor-col-50 elementor-top-column elementor-element elementor-element-708e2d9\" data-id=\"708e2d9\" data-element_type=\"column\">\n\t\t\t<div class=\"elementor-widget-wrap elementor-element-populated\">\n\t\t\t\t\t\t<div class=\"elementor-element elementor-element-33326ac elementor-invisible elementor-widget elementor-widget-image\" data-id=\"33326ac\" data-element_type=\"widget\" data-settings=\"{&quot;_animation&quot;:&quot;zoomIn&quot;}\" data-widget_type=\"image.default\">\n\t\t\t\t<div class=\"elementor-widget-container\">\n\t\t\t\t\t\t\t\t\t\t\t\t\t\t\t\t<a href=\"#\" target=\"_blank\">\n\t\t\t\t\t\t\t<img decoding=\"async\" src=\"https:\/\/www.miph.gov.dz\/fr\/wp-content\/uploads\/elementor\/thumbs\/pngegg-pyt5h1pckw6w1fs9ty38xhbqbz2q50ldfmenas6v6k.png\" title=\"pngegg\" alt=\"pngegg\" loading=\"lazy\" \/>\t\t\t\t\t\t\t\t<\/a>\n\t\t\t\t\t\t\t\t\t\t\t\t\t\t\t<\/div>\n\t\t\t\t<\/div>\n\t\t\t\t\t<\/div>\n\t\t<\/div>\n\t\t\t\t<div class=\"elementor-column elementor-col-50 elementor-top-column elementor-element elementor-element-f3675b6\" data-id=\"f3675b6\" data-element_type=\"column\">\n\t\t\t<div class=\"elementor-widget-wrap elementor-element-populated\">\n\t\t\t\t\t\t<div class=\"elementor-element elementor-element-95db7ea elementor-widget__width-initial elementor-widget elementor-widget-text-editor\" data-id=\"95db7ea\" data-element_type=\"widget\" data-widget_type=\"text-editor.default\">\n\t\t\t\t<div class=\"elementor-widget-container\">\n\t\t\t\t\t\t\t\t\t<ul><li><a href=\"https:\/\/www.miph.gov.dz\/fr\/wp-content\/uploads\/2022\/11\/canevas_declaration-stock.xls\">Canevas de d\u00e9claration de stock<\/a><\/li><li><a href=\"https:\/\/www.miph.gov.dz\/fr\/wp-content\/uploads\/2022\/11\/canevas_Program-importation.xls\">Canevas de Programme d\u2019importation<\/a><\/li><li><a href=\"https:\/\/www.miph.gov.dz\/fr\/wp-content\/uploads\/2022\/11\/canevas_realisation-production.xls\">Canevas de r\u00e9alisation production<\/a><\/li><li><strong><a href=\"https:\/\/www.miph.gov.dz\/fr\/wp-content\/uploads\/2022\/12\/canevas_distribution-1.xls\">Canevas de distribution<\/a><\/strong><\/li><\/ul>\t\t\t\t\t\t\t\t<\/div>\n\t\t\t\t<\/div>\n\t\t\t\t\t<\/div>\n\t\t<\/div>\n\t\t\t\t\t<\/div>\n\t\t<\/section>\n\t\t\t\t<section class=\"elementor-section elementor-top-section elementor-element elementor-element-5ca5d4b elementor-section-boxed elementor-section-height-default elementor-section-height-default\" data-id=\"5ca5d4b\" data-element_type=\"section\">\n\t\t\t\t\t\t<div class=\"elementor-container elementor-column-gap-default\">\n\t\t\t\t\t<div class=\"elementor-column elementor-col-100 elementor-top-column elementor-element elementor-element-5485417\" data-id=\"5485417\" data-element_type=\"column\">\n\t\t\t<div class=\"elementor-widget-wrap elementor-element-populated\">\n\t\t\t\t\t\t<div class=\"elementor-element elementor-element-59cbcea elementor-widget elementor-widget-heading\" data-id=\"59cbcea\" data-element_type=\"widget\" data-widget_type=\"heading.default\">\n\t\t\t\t<div class=\"elementor-widget-container\">\n\t\t\t\t\t<h4 class=\"elementor-heading-title elementor-size-default\"><h1 class=\"elementor-heading-title elementor-size-default elementor-inline-editing pen\" data-elementor-setting-key=\"title\" data-pen-placeholder=\"\u00c9crivez ici...\" style=\"font-size: 40px;font-family: Roboto, sans-serif;font-weight: 600;line-height: 0.1em;text-align: center\">Assistance technique <\/h1><\/h4>\t\t\t\t<\/div>\n\t\t\t\t<\/div>\n\t\t\t\t<div class=\"elementor-element elementor-element-150bea3 elementor-widget-divider--view-line elementor-widget elementor-widget-divider\" data-id=\"150bea3\" data-element_type=\"widget\" data-widget_type=\"divider.default\">\n\t\t\t\t<div class=\"elementor-widget-container\">\n\t\t\t\t\t\t\t<div class=\"elementor-divider\">\n\t\t\t<span class=\"elementor-divider-separator\">\n\t\t\t\t\t\t<\/span>\n\t\t<\/div>\n\t\t\t\t\t\t<\/div>\n\t\t\t\t<\/div>\n\t\t\t\t\t<\/div>\n\t\t<\/div>\n\t\t\t\t\t<\/div>\n\t\t<\/section>\n\t\t\t\t<section class=\"elementor-section elementor-top-section elementor-element elementor-element-f73e14e elementor-section-boxed elementor-section-height-default elementor-section-height-default elementor-invisible\" data-id=\"f73e14e\" data-element_type=\"section\" data-settings=\"{&quot;animation&quot;:&quot;fadeInUp&quot;}\">\n\t\t\t\t\t\t<div class=\"elementor-container elementor-column-gap-default\">\n\t\t\t\t\t<div class=\"elementor-column elementor-col-50 elementor-top-column elementor-element elementor-element-4e8b1ee\" data-id=\"4e8b1ee\" data-element_type=\"column\">\n\t\t\t<div class=\"elementor-widget-wrap elementor-element-populated\">\n\t\t\t\t\t\t<div class=\"elementor-element elementor-element-0846bb6 elementor-invisible elementor-widget elementor-widget-image\" data-id=\"0846bb6\" data-element_type=\"widget\" data-settings=\"{&quot;_animation&quot;:&quot;zoomIn&quot;}\" data-widget_type=\"image.default\">\n\t\t\t\t<div class=\"elementor-widget-container\">\n\t\t\t\t\t\t\t\t\t\t\t\t\t\t\t\t<a href=\"#\" target=\"_blank\">\n\t\t\t\t\t\t\t<img decoding=\"async\" width=\"400\" height=\"400\" src=\"https:\/\/www.miph.gov.dz\/fr\/wp-content\/uploads\/2024\/06\/Untitled-1.jpg\" class=\"attachment-full size-full wp-image-16929\" alt=\"\" srcset=\"https:\/\/www.miph.gov.dz\/fr\/wp-content\/uploads\/2024\/06\/Untitled-1.jpg 400w, https:\/\/www.miph.gov.dz\/fr\/wp-content\/uploads\/2024\/06\/Untitled-1-300x300.jpg 300w, https:\/\/www.miph.gov.dz\/fr\/wp-content\/uploads\/2024\/06\/Untitled-1-150x150.jpg 150w, https:\/\/www.miph.gov.dz\/fr\/wp-content\/uploads\/2024\/06\/Untitled-1-75x75.jpg 75w, https:\/\/www.miph.gov.dz\/fr\/wp-content\/uploads\/2024\/06\/Untitled-1-45x45.jpg 45w\" sizes=\"(max-width: 400px) 100vw, 400px\" \/>\t\t\t\t\t\t\t\t<\/a>\n\t\t\t\t\t\t\t\t\t\t\t\t\t\t\t<\/div>\n\t\t\t\t<\/div>\n\t\t\t\t\t<\/div>\n\t\t<\/div>\n\t\t\t\t<div class=\"elementor-column elementor-col-50 elementor-top-column elementor-element elementor-element-9a33ebb\" data-id=\"9a33ebb\" data-element_type=\"column\">\n\t\t\t<div class=\"elementor-widget-wrap elementor-element-populated\">\n\t\t\t\t\t\t<div class=\"elementor-element elementor-element-759415c elementor-widget__width-initial elementor-widget elementor-widget-text-editor\" data-id=\"759415c\" data-element_type=\"widget\" data-widget_type=\"text-editor.default\">\n\t\t\t\t<div class=\"elementor-widget-container\">\n\t\t\t\t\t\t\t\t\t<h4><strong>Email:<\/strong> plateforme@industrie.gov.dz<\/h4><h4><strong>T\u00e9l:<\/strong> 023.36.03.86<\/h4>\t\t\t\t\t\t\t\t<\/div>\n\t\t\t\t<\/div>\n\t\t\t\t\t<\/div>\n\t\t<\/div>\n\t\t\t\t\t<\/div>\n\t\t<\/section>\n\t\t\t\t<section class=\"elementor-section elementor-top-section elementor-element elementor-element-a2cd768 elementor-section-boxed elementor-section-height-default elementor-section-height-default\" data-id=\"a2cd768\" data-element_type=\"section\">\n\t\t\t\t\t\t<div class=\"elementor-container elementor-column-gap-default\">\n\t\t\t\t\t<div class=\"elementor-column elementor-col-100 elementor-top-column elementor-element elementor-element-0ffa873\" data-id=\"0ffa873\" data-element_type=\"column\">\n\t\t\t<div class=\"elementor-widget-wrap elementor-element-populated\">\n\t\t\t\t\t\t<div class=\"elementor-element elementor-element-4fc989c elementor-widget elementor-widget-spacer\" data-id=\"4fc989c\" data-element_type=\"widget\" data-widget_type=\"spacer.default\">\n\t\t\t\t<div class=\"elementor-widget-container\">\n\t\t\t\t\t\t\t<div class=\"elementor-spacer\">\n\t\t\t<div class=\"elementor-spacer-inner\"><\/div>\n\t\t<\/div>\n\t\t\t\t\t\t<\/div>\n\t\t\t\t<\/div>\n\t\t\t\t\t<\/div>\n\t\t<\/div>\n\t\t\t\t\t<\/div>\n\t\t<\/section>\n\t\t\t\t<\/div>\n\t\t","protected":false},"excerpt":{"rendered":"<p>Syst\u00e8me d\u2019information pharmaceutique nationale qui permet la num\u00e9risation et l\u2019analyse simultan\u00e9e des plannings de livraisons aff\u00e9rents aux programmes d\u2019importation et des programmes de production. Permettant d\u2019assurer une meilleure visibilit\u00e9 des \u00e9tats des stocks des produits pharmaceutiques et anticiper les \u00e9ventuelles ruptures d\u2019approvisionnement. Outil pharmaco-\u00e9conomiques au service d\u2019une veille strat\u00e9gique efficace. Note N\u00b0 203\/DVS\/MIP\/2021 \u00a0Ce service [&hellip;]<\/p>\n","protected":false},"author":2,"featured_media":0,"parent":0,"menu_order":0,"comment_status":"closed","ping_status":"closed","template":"","meta":{"footnotes":""},"class_list":["post-12715","page","type-page","status-publish","hentry"],"_links":{"self":[{"href":"https:\/\/www.miph.gov.dz\/fr\/wp-json\/wp\/v2\/pages\/12715","targetHints":{"allow":["GET"]}}],"collection":[{"href":"https:\/\/www.miph.gov.dz\/fr\/wp-json\/wp\/v2\/pages"}],"about":[{"href":"https:\/\/www.miph.gov.dz\/fr\/wp-json\/wp\/v2\/types\/page"}],"author":[{"embeddable":true,"href":"https:\/\/www.miph.gov.dz\/fr\/wp-json\/wp\/v2\/users\/2"}],"replies":[{"embeddable":true,"href":"https:\/\/www.miph.gov.dz\/fr\/wp-json\/wp\/v2\/comments?post=12715"}],"version-history":[{"count":103,"href":"https:\/\/www.miph.gov.dz\/fr\/wp-json\/wp\/v2\/pages\/12715\/revisions"}],"predecessor-version":[{"id":22284,"href":"https:\/\/www.miph.gov.dz\/fr\/wp-json\/wp\/v2\/pages\/12715\/revisions\/22284"}],"wp:attachment":[{"href":"https:\/\/www.miph.gov.dz\/fr\/wp-json\/wp\/v2\/media?parent=12715"}],"curies":[{"name":"wp","href":"https:\/\/api.w.org\/{rel}","templated":true}]}}