{"id":12679,"date":"2022-12-04T11:09:04","date_gmt":"2022-12-04T10:09:04","guid":{"rendered":"https:\/\/www.miph.gov.dz\/fr\/?page_id=12679"},"modified":"2022-12-04T12:28:57","modified_gmt":"2022-12-04T11:28:57","slug":"foire-de-khartoum","status":"publish","type":"page","link":"https:\/\/www.miph.gov.dz\/fr\/foire-de-khartoum\/","title":{"rendered":"la quaranti\u00e8me (40) Edition de la Foire Internationale de Khartoum"},"content":{"rendered":"\t\t<div data-elementor-type=\"wp-page\" data-elementor-id=\"12679\" class=\"elementor elementor-12679\">\n\t\t\t\t\t\t<section class=\"elementor-section elementor-top-section elementor-element elementor-element-c53e144 elementor-section-boxed elementor-section-height-default elementor-section-height-default\" data-id=\"c53e144\" data-element_type=\"section\">\n\t\t\t\t\t\t<div class=\"elementor-container elementor-column-gap-default\">\n\t\t\t\t\t<div class=\"elementor-column elementor-col-100 elementor-top-column elementor-element elementor-element-7c70fe0\" data-id=\"7c70fe0\" data-element_type=\"column\">\n\t\t\t<div class=\"elementor-widget-wrap elementor-element-populated\">\n\t\t\t\t\t\t<div class=\"elementor-element elementor-element-fb53bc8 elementor-widget elementor-widget-spacer\" data-id=\"fb53bc8\" data-element_type=\"widget\" data-widget_type=\"spacer.default\">\n\t\t\t\t<div class=\"elementor-widget-container\">\n\t\t\t\t\t\t\t<div class=\"elementor-spacer\">\n\t\t\t<div class=\"elementor-spacer-inner\"><\/div>\n\t\t<\/div>\n\t\t\t\t\t\t<\/div>\n\t\t\t\t<\/div>\n\t\t\t\t\t<\/div>\n\t\t<\/div>\n\t\t\t\t\t<\/div>\n\t\t<\/section>\n\t\t\t\t<section class=\"elementor-section elementor-top-section elementor-element elementor-element-9490fec elementor-section-boxed elementor-section-height-default elementor-section-height-default elementor-invisible\" data-id=\"9490fec\" data-element_type=\"section\" data-settings=\"{&quot;animation&quot;:&quot;fadeInLeft&quot;}\">\n\t\t\t\t\t\t<div class=\"elementor-container elementor-column-gap-default\">\n\t\t\t\t\t<div class=\"elementor-column elementor-col-50 elementor-top-column elementor-element elementor-element-976e6b7\" data-id=\"976e6b7\" data-element_type=\"column\">\n\t\t\t<div class=\"elementor-widget-wrap elementor-element-populated\">\n\t\t\t\t\t\t<div class=\"elementor-element elementor-element-d25f23a elementor-widget__width-initial elementor-invisible elementor-widget elementor-widget-image\" data-id=\"d25f23a\" data-element_type=\"widget\" data-settings=\"{&quot;_animation&quot;:&quot;zoomIn&quot;}\" data-widget_type=\"image.default\">\n\t\t\t\t<div class=\"elementor-widget-container\">\n\t\t\t\t\t\t\t\t\t\t\t\t\t\t\t<img fetchpriority=\"high\" decoding=\"async\" width=\"1000\" height=\"600\" src=\"https:\/\/www.miph.gov.dz\/fr\/wp-content\/uploads\/2022\/12\/ifk-1.jpg\" class=\"attachment-full size-full wp-image-12696\" alt=\"\" srcset=\"https:\/\/www.miph.gov.dz\/fr\/wp-content\/uploads\/2022\/12\/ifk-1.jpg 1000w, https:\/\/www.miph.gov.dz\/fr\/wp-content\/uploads\/2022\/12\/ifk-1-300x180.jpg 300w, https:\/\/www.miph.gov.dz\/fr\/wp-content\/uploads\/2022\/12\/ifk-1-768x461.jpg 768w\" sizes=\"(max-width: 1000px) 100vw, 1000px\" \/>\t\t\t\t\t\t\t\t\t\t\t\t\t\t\t<\/div>\n\t\t\t\t<\/div>\n\t\t\t\t\t<\/div>\n\t\t<\/div>\n\t\t\t\t<div class=\"elementor-column elementor-col-50 elementor-top-column elementor-element elementor-element-a9da1bd\" data-id=\"a9da1bd\" data-element_type=\"column\">\n\t\t\t<div class=\"elementor-widget-wrap elementor-element-populated\">\n\t\t\t\t\t\t<div class=\"elementor-element elementor-element-7544241 elementor-widget__width-initial elementor-widget elementor-widget-text-editor\" data-id=\"7544241\" data-element_type=\"widget\" data-widget_type=\"text-editor.default\">\n\t\t\t\t<div class=\"elementor-widget-container\">\n\t\t\t\t\t\t\t\t\t<p style=\"text-align: justify;\">L&rsquo;Alg\u00e9rie sera pr\u00e9sente \u00e0 la quaranti\u00e8me (40) Edition de la Foire Internationale de Khartoum, qui sera organis\u00e9e du\u00a0<strong>24 au 31 janvier 2023 au Parc des Expositions de Khartoum (Soudan)<\/strong>.<\/p>\t\t\t\t\t\t\t\t<\/div>\n\t\t\t\t<\/div>\n\t\t\t\t\t<\/div>\n\t\t<\/div>\n\t\t\t\t\t<\/div>\n\t\t<\/section>\n\t\t\t\t<section class=\"elementor-section elementor-top-section elementor-element elementor-element-80e020b elementor-section-boxed elementor-section-height-default elementor-section-height-default\" data-id=\"80e020b\" data-element_type=\"section\">\n\t\t\t\t\t\t<div class=\"elementor-container elementor-column-gap-default\">\n\t\t\t\t\t<div class=\"elementor-column elementor-col-100 elementor-top-column elementor-element elementor-element-6a3e3f3\" data-id=\"6a3e3f3\" data-element_type=\"column\">\n\t\t\t<div class=\"elementor-widget-wrap elementor-element-populated\">\n\t\t\t\t\t\t<div class=\"elementor-element elementor-element-0d08e1c elementor-widget-divider--view-line_text elementor-widget-divider--element-align-center elementor-widget elementor-widget-divider\" data-id=\"0d08e1c\" data-element_type=\"widget\" data-widget_type=\"divider.default\">\n\t\t\t\t<div class=\"elementor-widget-container\">\n\t\t\t\t\t\t\t<div class=\"elementor-divider\">\n\t\t\t<span class=\"elementor-divider-separator\">\n\t\t\t\t\t\t\t<h2 class=\"elementor-divider__text elementor-divider__element\">\n\t\t\t\tMedinex 2022\t\t\t\t<\/h2>\n\t\t\t\t\t\t<\/span>\n\t\t<\/div>\n\t\t\t\t\t\t<\/div>\n\t\t\t\t<\/div>\n\t\t\t\t\t<\/div>\n\t\t<\/div>\n\t\t\t\t\t<\/div>\n\t\t<\/section>\n\t\t\t\t<section class=\"elementor-section elementor-top-section elementor-element elementor-element-24ce1df elementor-section-boxed elementor-section-height-default elementor-section-height-default elementor-invisible\" data-id=\"24ce1df\" data-element_type=\"section\" data-settings=\"{&quot;animation&quot;:&quot;zoomInUp&quot;}\">\n\t\t\t\t\t\t<div class=\"elementor-container elementor-column-gap-default\">\n\t\t\t\t\t<div class=\"elementor-column elementor-col-100 elementor-top-column elementor-element elementor-element-efb6f9c\" data-id=\"efb6f9c\" data-element_type=\"column\">\n\t\t\t<div class=\"elementor-widget-wrap elementor-element-populated\">\n\t\t\t\t\t\t<div class=\"elementor-element elementor-element-b5bc69d elementor-widget elementor-widget-image\" data-id=\"b5bc69d\" data-element_type=\"widget\" data-widget_type=\"image.default\">\n\t\t\t\t<div class=\"elementor-widget-container\">\n\t\t\t\t\t\t\t\t\t\t\t\t\t\t\t<img decoding=\"async\" width=\"730\" height=\"438\" src=\"https:\/\/www.miph.gov.dz\/fr\/wp-content\/uploads\/2022\/12\/ifk-1.jpg\" class=\"attachment-large size-large wp-image-12696\" alt=\"\" srcset=\"https:\/\/www.miph.gov.dz\/fr\/wp-content\/uploads\/2022\/12\/ifk-1.jpg 1000w, https:\/\/www.miph.gov.dz\/fr\/wp-content\/uploads\/2022\/12\/ifk-1-300x180.jpg 300w, https:\/\/www.miph.gov.dz\/fr\/wp-content\/uploads\/2022\/12\/ifk-1-768x461.jpg 768w\" sizes=\"(max-width: 730px) 100vw, 730px\" \/>\t\t\t\t\t\t\t\t\t\t\t\t\t\t\t<\/div>\n\t\t\t\t<\/div>\n\t\t\t\t\t<\/div>\n\t\t<\/div>\n\t\t\t\t\t<\/div>\n\t\t<\/section>\n\t\t\t\t<section class=\"elementor-section elementor-top-section elementor-element elementor-element-11db967 elementor-section-boxed elementor-section-height-default elementor-section-height-default\" data-id=\"11db967\" data-element_type=\"section\">\n\t\t\t\t\t\t<div class=\"elementor-container elementor-column-gap-default\">\n\t\t\t\t\t<div class=\"elementor-column elementor-col-100 elementor-top-column elementor-element elementor-element-677b81b\" data-id=\"677b81b\" data-element_type=\"column\">\n\t\t\t<div class=\"elementor-widget-wrap elementor-element-populated\">\n\t\t\t\t\t\t<div class=\"elementor-element elementor-element-e04db49 elementor-widget elementor-widget-spacer\" data-id=\"e04db49\" data-element_type=\"widget\" data-widget_type=\"spacer.default\">\n\t\t\t\t<div class=\"elementor-widget-container\">\n\t\t\t\t\t\t\t<div class=\"elementor-spacer\">\n\t\t\t<div class=\"elementor-spacer-inner\"><\/div>\n\t\t<\/div>\n\t\t\t\t\t\t<\/div>\n\t\t\t\t<\/div>\n\t\t\t\t\t<\/div>\n\t\t<\/div>\n\t\t\t\t\t<\/div>\n\t\t<\/section>\n\t\t\t\t<section class=\"elementor-section elementor-top-section elementor-element elementor-element-5f9cfb5 elementor-section-boxed elementor-section-height-default elementor-section-height-default\" data-id=\"5f9cfb5\" data-element_type=\"section\">\n\t\t\t\t\t\t<div class=\"elementor-container elementor-column-gap-default\">\n\t\t\t\t\t<div class=\"elementor-column elementor-col-100 elementor-top-column elementor-element elementor-element-3962e24\" data-id=\"3962e24\" data-element_type=\"column\">\n\t\t\t<div class=\"elementor-widget-wrap elementor-element-populated\">\n\t\t\t\t\t\t<div class=\"elementor-element elementor-element-c1aab3f elementor-widget elementor-widget-image\" data-id=\"c1aab3f\" data-element_type=\"widget\" data-widget_type=\"image.default\">\n\t\t\t\t<div class=\"elementor-widget-container\">\n\t\t\t\t\t\t\t\t\t\t\t\t\t\t\t<img decoding=\"async\" width=\"707\" height=\"1024\" src=\"https:\/\/www.miph.gov.dz\/fr\/wp-content\/uploads\/2022\/12\/note-dpdiper-707x1024.png\" class=\"attachment-large size-large wp-image-12668\" alt=\"\" srcset=\"https:\/\/www.miph.gov.dz\/fr\/wp-content\/uploads\/2022\/12\/note-dpdiper-707x1024.png 707w, https:\/\/www.miph.gov.dz\/fr\/wp-content\/uploads\/2022\/12\/note-dpdiper-207x300.png 207w, https:\/\/www.miph.gov.dz\/fr\/wp-content\/uploads\/2022\/12\/note-dpdiper-768x1113.png 768w, https:\/\/www.miph.gov.dz\/fr\/wp-content\/uploads\/2022\/12\/note-dpdiper-1060x1536.png 1060w, https:\/\/www.miph.gov.dz\/fr\/wp-content\/uploads\/2022\/12\/note-dpdiper-1413x2048.png 1413w, https:\/\/www.miph.gov.dz\/fr\/wp-content\/uploads\/2022\/12\/note-dpdiper-1320x1913.png 1320w, https:\/\/www.miph.gov.dz\/fr\/wp-content\/uploads\/2022\/12\/note-dpdiper.png 1889w\" sizes=\"(max-width: 707px) 100vw, 707px\" \/>\t\t\t\t\t\t\t\t\t\t\t\t\t\t\t<\/div>\n\t\t\t\t<\/div>\n\t\t\t\t\t<\/div>\n\t\t<\/div>\n\t\t\t\t\t<\/div>\n\t\t<\/section>\n\t\t\t\t<section class=\"elementor-section elementor-top-section elementor-element elementor-element-9ba2b90 elementor-section-boxed elementor-section-height-default elementor-section-height-default elementor-invisible\" data-id=\"9ba2b90\" data-element_type=\"section\" data-settings=\"{&quot;animation&quot;:&quot;zoomInUp&quot;}\">\n\t\t\t\t\t\t<div class=\"elementor-container elementor-column-gap-default\">\n\t\t\t\t\t<div class=\"elementor-column elementor-col-100 elementor-top-column elementor-element elementor-element-69573df\" data-id=\"69573df\" data-element_type=\"column\">\n\t\t\t<div class=\"elementor-widget-wrap elementor-element-populated\">\n\t\t\t\t\t\t<div class=\"elementor-element elementor-element-09f59ff elementor-widget elementor-widget-text-editor\" data-id=\"09f59ff\" data-element_type=\"widget\" data-widget_type=\"text-editor.default\">\n\t\t\t\t<div class=\"elementor-widget-container\">\n\t\t\t\t\t\t\t\t\t<div dir=\"auto\">Le Minist\u00e8re de l&rsquo;Industrie Pharmaceutique invite les op\u00e9rateurs pharmaceutiques souhaitant prendre part \u00e0 cette manifestation \u00e0 soumettre leurs demandes de participation en compl\u00e9tant le formulaire d&rsquo;inscription via le site web d&rsquo;ALGEX, sur le lien suivant :\u00a0<\/div><div dir=\"auto\"><a href=\"https:\/\/www.algex.dz\/preinscription-khartoum-soudan2023\">Formulaire de Pr\u00e9inscriptions \u00e0 la Foire internationale de Khartoum (Soudan)\u00a0<\/a><\/div><p>\u00a0<\/p>\t\t\t\t\t\t\t\t<\/div>\n\t\t\t\t<\/div>\n\t\t\t\t\t<\/div>\n\t\t<\/div>\n\t\t\t\t\t<\/div>\n\t\t<\/section>\n\t\t\t\t<section class=\"elementor-section elementor-top-section elementor-element elementor-element-889541b elementor-section-boxed elementor-section-height-default elementor-section-height-default\" data-id=\"889541b\" data-element_type=\"section\">\n\t\t\t\t\t\t<div class=\"elementor-container elementor-column-gap-default\">\n\t\t\t\t\t<div class=\"elementor-column elementor-col-100 elementor-top-column elementor-element elementor-element-5db2edc\" data-id=\"5db2edc\" data-element_type=\"column\">\n\t\t\t<div class=\"elementor-widget-wrap elementor-element-populated\">\n\t\t\t\t\t\t<div class=\"elementor-element elementor-element-8a4d62c elementor-widget elementor-widget-spacer\" data-id=\"8a4d62c\" data-element_type=\"widget\" data-widget_type=\"spacer.default\">\n\t\t\t\t<div class=\"elementor-widget-container\">\n\t\t\t\t\t\t\t<div class=\"elementor-spacer\">\n\t\t\t<div class=\"elementor-spacer-inner\"><\/div>\n\t\t<\/div>\n\t\t\t\t\t\t<\/div>\n\t\t\t\t<\/div>\n\t\t\t\t\t<\/div>\n\t\t<\/div>\n\t\t\t\t\t<\/div>\n\t\t<\/section>\n\t\t\t\t<\/div>\n\t\t","protected":false},"excerpt":{"rendered":"<p>L&rsquo;Alg\u00e9rie sera pr\u00e9sente \u00e0 la quaranti\u00e8me (40) Edition de la Foire Internationale de Khartoum, qui sera organis\u00e9e du\u00a024 au 31 janvier 2023 au Parc des Expositions de Khartoum (Soudan). Medinex 2022 Le Minist\u00e8re de l&rsquo;Industrie Pharmaceutique invite les op\u00e9rateurs pharmaceutiques souhaitant prendre part \u00e0 cette manifestation \u00e0 soumettre leurs demandes de participation en compl\u00e9tant le [&hellip;]<\/p>\n","protected":false},"author":2,"featured_media":0,"parent":0,"menu_order":0,"comment_status":"closed","ping_status":"closed","template":"","meta":{"footnotes":""},"class_list":["post-12679","page","type-page","status-publish","hentry"],"_links":{"self":[{"href":"https:\/\/www.miph.gov.dz\/fr\/wp-json\/wp\/v2\/pages\/12679","targetHints":{"allow":["GET"]}}],"collection":[{"href":"https:\/\/www.miph.gov.dz\/fr\/wp-json\/wp\/v2\/pages"}],"about":[{"href":"https:\/\/www.miph.gov.dz\/fr\/wp-json\/wp\/v2\/types\/page"}],"author":[{"embeddable":true,"href":"https:\/\/www.miph.gov.dz\/fr\/wp-json\/wp\/v2\/users\/2"}],"replies":[{"embeddable":true,"href":"https:\/\/www.miph.gov.dz\/fr\/wp-json\/wp\/v2\/comments?post=12679"}],"version-history":[{"count":13,"href":"https:\/\/www.miph.gov.dz\/fr\/wp-json\/wp\/v2\/pages\/12679\/revisions"}],"predecessor-version":[{"id":12699,"href":"https:\/\/www.miph.gov.dz\/fr\/wp-json\/wp\/v2\/pages\/12679\/revisions\/12699"}],"wp:attachment":[{"href":"https:\/\/www.miph.gov.dz\/fr\/wp-json\/wp\/v2\/media?parent=12679"}],"curies":[{"name":"wp","href":"https:\/\/api.w.org\/{rel}","templated":true}]}}