{"id":10948,"date":"2022-09-29T11:01:04","date_gmt":"2022-09-29T10:01:04","guid":{"rendered":"https:\/\/www.miph.gov.dz\/fr\/?page_id=10948"},"modified":"2022-10-03T11:44:47","modified_gmt":"2022-10-03T10:44:47","slug":"rgph-2022","status":"publish","type":"page","link":"https:\/\/www.miph.gov.dz\/fr\/rgph-2022\/","title":{"rendered":"Le 6eme Recensement g\u00e9n\u00e9ral de la population et de l&rsquo;habitat"},"content":{"rendered":"<h1 style=\"text-align: center;\"><strong>Recenser notre pr\u00e9sent pour construire notre avenir<\/strong><\/h1>\n<h2 style=\"text-align: left;\">L&rsquo;Alg\u00e9rie lance le sixi\u00e8me Recensement g\u00e9n\u00e9ral de la population et de l&rsquo;habitat (RGPH 2022)\u00a0 du <strong>25 septembre au 9 octobre 2022<\/strong><\/h2>\n<h1><\/h1>\n<p><a href=\"https:\/\/www.ons.dz\/\"><img fetchpriority=\"high\" decoding=\"async\" class=\" wp-image-10957 aligncenter\" src=\"https:\/\/www.miph.gov.dz\/fr\/wp-content\/uploads\/2022\/09\/image_logo-277x300.jpg\" alt=\"\" width=\"227\" height=\"246\" srcset=\"https:\/\/www.miph.gov.dz\/fr\/wp-content\/uploads\/2022\/09\/image_logo-277x300.jpg 277w, https:\/\/www.miph.gov.dz\/fr\/wp-content\/uploads\/2022\/09\/image_logo.jpg 720w\" sizes=\"(max-width: 227px) 100vw, 227px\" \/><\/a><\/p>\n<h3 style=\"text-align: left;\">Disposer d\u2019une base de donn\u00e9es permettant une meilleure prise en charge des besoins de la population<\/h3>\n<p><a href=\"https:\/\/www.ons.dz\/\"><img decoding=\"async\" class=\"aligncenter wp-image-10943 size-full\" src=\"https:\/\/www.miph.gov.dz\/fr\/wp-content\/uploads\/2022\/09\/Affiche_ONS_30_8_22-scaled.jpg\" alt=\"\" width=\"1792\" height=\"2560\" srcset=\"https:\/\/www.miph.gov.dz\/fr\/wp-content\/uploads\/2022\/09\/Affiche_ONS_30_8_22-scaled.jpg 1792w, https:\/\/www.miph.gov.dz\/fr\/wp-content\/uploads\/2022\/09\/Affiche_ONS_30_8_22-210x300.jpg 210w, https:\/\/www.miph.gov.dz\/fr\/wp-content\/uploads\/2022\/09\/Affiche_ONS_30_8_22-717x1024.jpg 717w, https:\/\/www.miph.gov.dz\/fr\/wp-content\/uploads\/2022\/09\/Affiche_ONS_30_8_22-768x1097.jpg 768w, https:\/\/www.miph.gov.dz\/fr\/wp-content\/uploads\/2022\/09\/Affiche_ONS_30_8_22-1075x1536.jpg 1075w, https:\/\/www.miph.gov.dz\/fr\/wp-content\/uploads\/2022\/09\/Affiche_ONS_30_8_22-1434x2048.jpg 1434w, https:\/\/www.miph.gov.dz\/fr\/wp-content\/uploads\/2022\/09\/Affiche_ONS_30_8_22-1320x1886.jpg 1320w\" sizes=\"(max-width: 1792px) 100vw, 1792px\" \/><\/a><\/p>\n","protected":false},"excerpt":{"rendered":"<p>Recenser notre pr\u00e9sent pour construire notre avenir L&rsquo;Alg\u00e9rie lance le sixi\u00e8me Recensement g\u00e9n\u00e9ral de la population et de l&rsquo;habitat (RGPH 2022)\u00a0 du 25 septembre au 9 octobre 2022 Disposer d\u2019une base de donn\u00e9es permettant une meilleure prise en charge des besoins de la population<\/p>\n","protected":false},"author":1,"featured_media":0,"parent":0,"menu_order":0,"comment_status":"closed","ping_status":"closed","template":"","meta":{"footnotes":""},"class_list":["post-10948","page","type-page","status-publish","hentry"],"_links":{"self":[{"href":"https:\/\/www.miph.gov.dz\/fr\/wp-json\/wp\/v2\/pages\/10948","targetHints":{"allow":["GET"]}}],"collection":[{"href":"https:\/\/www.miph.gov.dz\/fr\/wp-json\/wp\/v2\/pages"}],"about":[{"href":"https:\/\/www.miph.gov.dz\/fr\/wp-json\/wp\/v2\/types\/page"}],"author":[{"embeddable":true,"href":"https:\/\/www.miph.gov.dz\/fr\/wp-json\/wp\/v2\/users\/1"}],"replies":[{"embeddable":true,"href":"https:\/\/www.miph.gov.dz\/fr\/wp-json\/wp\/v2\/comments?post=10948"}],"version-history":[{"count":12,"href":"https:\/\/www.miph.gov.dz\/fr\/wp-json\/wp\/v2\/pages\/10948\/revisions"}],"predecessor-version":[{"id":11026,"href":"https:\/\/www.miph.gov.dz\/fr\/wp-json\/wp\/v2\/pages\/10948\/revisions\/11026"}],"wp:attachment":[{"href":"https:\/\/www.miph.gov.dz\/fr\/wp-json\/wp\/v2\/media?parent=10948"}],"curies":[{"name":"wp","href":"https:\/\/api.w.org\/{rel}","templated":true}]}}