{"id":10660,"date":"2022-09-14T11:48:21","date_gmt":"2022-09-14T10:48:21","guid":{"rendered":"https:\/\/www.miph.gov.dz\/fr\/?page_id=10660"},"modified":"2022-11-24T16:43:44","modified_gmt":"2022-11-24T15:43:44","slug":"africa-sante-expo","status":"publish","type":"page","link":"https:\/\/www.miph.gov.dz\/fr\/africa-sante-expo\/","title":{"rendered":"AFRICA SANTE EXPO"},"content":{"rendered":"\t\t<div data-elementor-type=\"wp-page\" data-elementor-id=\"10660\" class=\"elementor elementor-10660\">\n\t\t\t\t\t\t<section class=\"elementor-section elementor-top-section elementor-element elementor-element-c53e144 elementor-section-boxed elementor-section-height-default elementor-section-height-default\" data-id=\"c53e144\" data-element_type=\"section\">\n\t\t\t\t\t\t<div class=\"elementor-container elementor-column-gap-default\">\n\t\t\t\t\t<div class=\"elementor-column elementor-col-100 elementor-top-column elementor-element elementor-element-7c70fe0\" data-id=\"7c70fe0\" data-element_type=\"column\">\n\t\t\t<div class=\"elementor-widget-wrap elementor-element-populated\">\n\t\t\t\t\t\t<div class=\"elementor-element elementor-element-fb53bc8 elementor-widget elementor-widget-spacer\" data-id=\"fb53bc8\" data-element_type=\"widget\" data-widget_type=\"spacer.default\">\n\t\t\t\t<div class=\"elementor-widget-container\">\n\t\t\t\t\t\t\t<div class=\"elementor-spacer\">\n\t\t\t<div class=\"elementor-spacer-inner\"><\/div>\n\t\t<\/div>\n\t\t\t\t\t\t<\/div>\n\t\t\t\t<\/div>\n\t\t\t\t\t<\/div>\n\t\t<\/div>\n\t\t\t\t\t<\/div>\n\t\t<\/section>\n\t\t\t\t<section class=\"elementor-section elementor-top-section elementor-element elementor-element-9490fec elementor-section-boxed elementor-section-height-default elementor-section-height-default elementor-invisible\" data-id=\"9490fec\" data-element_type=\"section\" data-settings=\"{&quot;animation&quot;:&quot;fadeInLeft&quot;}\">\n\t\t\t\t\t\t<div class=\"elementor-container elementor-column-gap-default\">\n\t\t\t\t\t<div class=\"elementor-column elementor-col-50 elementor-top-column elementor-element elementor-element-976e6b7\" data-id=\"976e6b7\" data-element_type=\"column\">\n\t\t\t<div class=\"elementor-widget-wrap elementor-element-populated\">\n\t\t\t\t\t\t<div class=\"elementor-element elementor-element-d25f23a elementor-widget__width-initial elementor-invisible elementor-widget elementor-widget-image\" data-id=\"d25f23a\" data-element_type=\"widget\" data-settings=\"{&quot;_animation&quot;:&quot;zoomIn&quot;}\" data-widget_type=\"image.default\">\n\t\t\t\t<div class=\"elementor-widget-container\">\n\t\t\t\t\t\t\t\t\t\t\t\t\t\t\t\t<a href=\"https:\/\/medinex.az\/\">\n\t\t\t\t\t\t\t<img decoding=\"async\" width=\"287\" height=\"148\" src=\"https:\/\/www.miph.gov.dz\/fr\/wp-content\/uploads\/2022\/09\/logoa.png\" class=\"attachment-full size-full wp-image-10590\" alt=\"\" \/>\t\t\t\t\t\t\t\t<\/a>\n\t\t\t\t\t\t\t\t\t\t\t\t\t\t\t<\/div>\n\t\t\t\t<\/div>\n\t\t\t\t\t<\/div>\n\t\t<\/div>\n\t\t\t\t<div class=\"elementor-column elementor-col-50 elementor-top-column elementor-element elementor-element-a9da1bd\" data-id=\"a9da1bd\" data-element_type=\"column\">\n\t\t\t<div class=\"elementor-widget-wrap elementor-element-populated\">\n\t\t\t\t\t\t<div class=\"elementor-element elementor-element-7544241 elementor-widget__width-initial elementor-widget elementor-widget-text-editor\" data-id=\"7544241\" data-element_type=\"widget\" data-widget_type=\"text-editor.default\">\n\t\t\t\t<div class=\"elementor-widget-container\">\n\t\t\t\t\t\t\t\t\t<p style=\"text-align: justify;\">L\u2019Alg\u00e9rie invit\u00e9 d\u2019honneur du salon\u00a0<b>\u00ab\u00a0AFRICA SANTE EXPO<\/b>\u00a0\u00bb qui se tiendra du <strong>1er au 3 d\u00e9cembre 2022<\/strong> au Sofitel Abidjan H\u00f4tel Ivoire<\/p>\t\t\t\t\t\t\t\t<\/div>\n\t\t\t\t<\/div>\n\t\t\t\t\t<\/div>\n\t\t<\/div>\n\t\t\t\t\t<\/div>\n\t\t<\/section>\n\t\t\t\t<section class=\"elementor-section elementor-top-section elementor-element elementor-element-80e020b elementor-section-boxed elementor-section-height-default elementor-section-height-default\" data-id=\"80e020b\" data-element_type=\"section\">\n\t\t\t\t\t\t<div class=\"elementor-container elementor-column-gap-default\">\n\t\t\t\t\t<div class=\"elementor-column elementor-col-100 elementor-top-column elementor-element elementor-element-6a3e3f3\" data-id=\"6a3e3f3\" data-element_type=\"column\">\n\t\t\t<div class=\"elementor-widget-wrap elementor-element-populated\">\n\t\t\t\t\t\t<div class=\"elementor-element elementor-element-0d08e1c elementor-widget-divider--view-line_text elementor-widget-divider--element-align-center elementor-widget elementor-widget-divider\" data-id=\"0d08e1c\" data-element_type=\"widget\" data-widget_type=\"divider.default\">\n\t\t\t\t<div class=\"elementor-widget-container\">\n\t\t\t\t\t\t\t<div class=\"elementor-divider\">\n\t\t\t<span class=\"elementor-divider-separator\">\n\t\t\t\t\t\t\t<h2 class=\"elementor-divider__text elementor-divider__element\">\n\t\t\t\tMedinex 2022\t\t\t\t<\/h2>\n\t\t\t\t\t\t<\/span>\n\t\t<\/div>\n\t\t\t\t\t\t<\/div>\n\t\t\t\t<\/div>\n\t\t\t\t\t<\/div>\n\t\t<\/div>\n\t\t\t\t\t<\/div>\n\t\t<\/section>\n\t\t\t\t<section class=\"elementor-section elementor-top-section elementor-element elementor-element-24ce1df elementor-section-boxed elementor-section-height-default elementor-section-height-default elementor-invisible\" data-id=\"24ce1df\" data-element_type=\"section\" data-settings=\"{&quot;animation&quot;:&quot;zoomInUp&quot;}\">\n\t\t\t\t\t\t<div class=\"elementor-container elementor-column-gap-default\">\n\t\t\t\t\t<div class=\"elementor-column elementor-col-100 elementor-top-column elementor-element elementor-element-efb6f9c\" data-id=\"efb6f9c\" data-element_type=\"column\">\n\t\t\t<div class=\"elementor-widget-wrap elementor-element-populated\">\n\t\t\t\t\t\t<div class=\"elementor-element elementor-element-b5bc69d elementor-widget elementor-widget-image\" data-id=\"b5bc69d\" data-element_type=\"widget\" data-widget_type=\"image.default\">\n\t\t\t\t<div class=\"elementor-widget-container\">\n\t\t\t\t\t\t\t\t\t\t\t\t\t\t\t\t<a href=\"https:\/\/www.miph.gov.dz\/fr\/wp-content\/uploads\/2022\/10\/Plaquette-A5FR-1.pdf\">\n\t\t\t\t\t\t\t<img fetchpriority=\"high\" decoding=\"async\" width=\"730\" height=\"452\" src=\"https:\/\/www.miph.gov.dz\/fr\/wp-content\/uploads\/2022\/09\/275915425_1822610614594353_3484441650020710706_n-e1663152630841.jpg\" class=\"attachment-large size-large wp-image-10665\" alt=\"\" srcset=\"https:\/\/www.miph.gov.dz\/fr\/wp-content\/uploads\/2022\/09\/275915425_1822610614594353_3484441650020710706_n-e1663152630841.jpg 1024w, https:\/\/www.miph.gov.dz\/fr\/wp-content\/uploads\/2022\/09\/275915425_1822610614594353_3484441650020710706_n-e1663152630841-300x186.jpg 300w, https:\/\/www.miph.gov.dz\/fr\/wp-content\/uploads\/2022\/09\/275915425_1822610614594353_3484441650020710706_n-e1663152630841-768x476.jpg 768w\" sizes=\"(max-width: 730px) 100vw, 730px\" \/>\t\t\t\t\t\t\t\t<\/a>\n\t\t\t\t\t\t\t\t\t\t\t\t\t\t\t<\/div>\n\t\t\t\t<\/div>\n\t\t\t\t\t<\/div>\n\t\t<\/div>\n\t\t\t\t\t<\/div>\n\t\t<\/section>\n\t\t\t\t<section class=\"elementor-section elementor-top-section elementor-element elementor-element-1f5ab45 elementor-section-boxed elementor-section-height-default elementor-section-height-default\" data-id=\"1f5ab45\" data-element_type=\"section\">\n\t\t\t\t\t\t<div class=\"elementor-container elementor-column-gap-default\">\n\t\t\t\t\t<div class=\"elementor-column elementor-col-100 elementor-top-column elementor-element elementor-element-3df9618\" data-id=\"3df9618\" data-element_type=\"column\">\n\t\t\t<div class=\"elementor-widget-wrap elementor-element-populated\">\n\t\t\t\t\t\t\t<\/div>\n\t\t<\/div>\n\t\t\t\t\t<\/div>\n\t\t<\/section>\n\t\t\t\t<section class=\"elementor-section elementor-top-section elementor-element elementor-element-9ba2b90 elementor-section-boxed elementor-section-height-default elementor-section-height-default elementor-invisible\" data-id=\"9ba2b90\" data-element_type=\"section\" data-settings=\"{&quot;animation&quot;:&quot;zoomInUp&quot;}\">\n\t\t\t\t\t\t<div class=\"elementor-container elementor-column-gap-default\">\n\t\t\t\t\t<div class=\"elementor-column elementor-col-100 elementor-top-column elementor-element elementor-element-69573df\" data-id=\"69573df\" data-element_type=\"column\">\n\t\t\t<div class=\"elementor-widget-wrap elementor-element-populated\">\n\t\t\t\t\t\t<div class=\"elementor-element elementor-element-09f59ff elementor-widget elementor-widget-text-editor\" data-id=\"09f59ff\" data-element_type=\"widget\" data-widget_type=\"text-editor.default\">\n\t\t\t\t<div class=\"elementor-widget-container\">\n\t\t\t\t\t\t\t\t\t<div dir=\"auto\"><a href=\"https:\/\/www.miph.gov.dz\/fr\/wp-content\/uploads\/2022\/10\/Plaquette-A5FR-1.pdf\">AFRICA SANTE EXPO <\/a><\/div><div dir=\"auto\">Les conditions de participation, inscription et autres informations sur cet \u00e9v\u00e8nement veuillez contacter la sous direction de la promotion de l&rsquo;exportation\u00a0<\/div><div dir=\"auto\">\u00a0<\/div>\t\t\t\t\t\t\t\t<\/div>\n\t\t\t\t<\/div>\n\t\t\t\t\t<\/div>\n\t\t<\/div>\n\t\t\t\t\t<\/div>\n\t\t<\/section>\n\t\t\t\t<section class=\"elementor-section elementor-top-section elementor-element elementor-element-d72f278 elementor-section-boxed elementor-section-height-default elementor-section-height-default\" data-id=\"d72f278\" data-element_type=\"section\">\n\t\t\t\t\t\t<div class=\"elementor-container elementor-column-gap-default\">\n\t\t\t\t\t<div class=\"elementor-column elementor-col-100 elementor-top-column elementor-element elementor-element-80fca48\" data-id=\"80fca48\" data-element_type=\"column\">\n\t\t\t<div class=\"elementor-widget-wrap elementor-element-populated\">\n\t\t\t\t\t\t\t<\/div>\n\t\t<\/div>\n\t\t\t\t\t<\/div>\n\t\t<\/section>\n\t\t\t\t<section class=\"elementor-section elementor-top-section elementor-element elementor-element-d1b037a elementor-section-boxed elementor-section-height-default elementor-section-height-default elementor-invisible\" data-id=\"d1b037a\" data-element_type=\"section\" data-settings=\"{&quot;animation&quot;:&quot;zoomInUp&quot;}\">\n\t\t\t\t\t\t<div class=\"elementor-container elementor-column-gap-default\">\n\t\t\t\t\t<div class=\"elementor-column elementor-col-100 elementor-top-column elementor-element elementor-element-b445ac4\" data-id=\"b445ac4\" data-element_type=\"column\">\n\t\t\t<div class=\"elementor-widget-wrap elementor-element-populated\">\n\t\t\t\t\t\t<div class=\"elementor-element elementor-element-1aa5a4f elementor-widget elementor-widget-image\" data-id=\"1aa5a4f\" data-element_type=\"widget\" data-widget_type=\"image.default\">\n\t\t\t\t<div class=\"elementor-widget-container\">\n\t\t\t\t\t\t\t\t\t\t\t\t\t\t\t<img decoding=\"async\" width=\"730\" height=\"518\" src=\"https:\/\/www.miph.gov.dz\/fr\/wp-content\/uploads\/2022\/11\/316018754_540752984165433_1433367648296370673_n-1024x727.jpg\" class=\"attachment-large size-large wp-image-12291\" alt=\"\" srcset=\"https:\/\/www.miph.gov.dz\/fr\/wp-content\/uploads\/2022\/11\/316018754_540752984165433_1433367648296370673_n-1024x727.jpg 1024w, https:\/\/www.miph.gov.dz\/fr\/wp-content\/uploads\/2022\/11\/316018754_540752984165433_1433367648296370673_n-300x213.jpg 300w, https:\/\/www.miph.gov.dz\/fr\/wp-content\/uploads\/2022\/11\/316018754_540752984165433_1433367648296370673_n-768x545.jpg 768w, https:\/\/www.miph.gov.dz\/fr\/wp-content\/uploads\/2022\/11\/316018754_540752984165433_1433367648296370673_n.jpg 1132w\" sizes=\"(max-width: 730px) 100vw, 730px\" \/>\t\t\t\t\t\t\t\t\t\t\t\t\t\t\t<\/div>\n\t\t\t\t<\/div>\n\t\t\t\t\t<\/div>\n\t\t<\/div>\n\t\t\t\t\t<\/div>\n\t\t<\/section>\n\t\t\t\t<section class=\"elementor-section elementor-top-section elementor-element elementor-element-e100e28 elementor-section-boxed elementor-section-height-default elementor-section-height-default\" data-id=\"e100e28\" data-element_type=\"section\">\n\t\t\t\t\t\t<div class=\"elementor-container elementor-column-gap-default\">\n\t\t\t\t\t<div class=\"elementor-column elementor-col-100 elementor-top-column elementor-element elementor-element-d8b34ec\" data-id=\"d8b34ec\" data-element_type=\"column\">\n\t\t\t<div class=\"elementor-widget-wrap elementor-element-populated\">\n\t\t\t\t\t\t\t<\/div>\n\t\t<\/div>\n\t\t\t\t\t<\/div>\n\t\t<\/section>\n\t\t\t\t<\/div>\n\t\t","protected":false},"excerpt":{"rendered":"<p>L\u2019Alg\u00e9rie invit\u00e9 d\u2019honneur du salon\u00a0\u00ab\u00a0AFRICA SANTE EXPO\u00a0\u00bb qui se tiendra du 1er au 3 d\u00e9cembre 2022 au Sofitel Abidjan H\u00f4tel Ivoire Medinex 2022 AFRICA SANTE EXPO Les conditions de participation, inscription et autres informations sur cet \u00e9v\u00e8nement veuillez contacter la sous direction de la promotion de l&rsquo;exportation\u00a0\u00a0<\/p>\n","protected":false},"author":1,"featured_media":0,"parent":0,"menu_order":0,"comment_status":"closed","ping_status":"closed","template":"","meta":{"footnotes":""},"class_list":["post-10660","page","type-page","status-publish","hentry"],"_links":{"self":[{"href":"https:\/\/www.miph.gov.dz\/fr\/wp-json\/wp\/v2\/pages\/10660","targetHints":{"allow":["GET"]}}],"collection":[{"href":"https:\/\/www.miph.gov.dz\/fr\/wp-json\/wp\/v2\/pages"}],"about":[{"href":"https:\/\/www.miph.gov.dz\/fr\/wp-json\/wp\/v2\/types\/page"}],"author":[{"embeddable":true,"href":"https:\/\/www.miph.gov.dz\/fr\/wp-json\/wp\/v2\/users\/1"}],"replies":[{"embeddable":true,"href":"https:\/\/www.miph.gov.dz\/fr\/wp-json\/wp\/v2\/comments?post=10660"}],"version-history":[{"count":31,"href":"https:\/\/www.miph.gov.dz\/fr\/wp-json\/wp\/v2\/pages\/10660\/revisions"}],"predecessor-version":[{"id":12300,"href":"https:\/\/www.miph.gov.dz\/fr\/wp-json\/wp\/v2\/pages\/10660\/revisions\/12300"}],"wp:attachment":[{"href":"https:\/\/www.miph.gov.dz\/fr\/wp-json\/wp\/v2\/media?parent=10660"}],"curies":[{"name":"wp","href":"https:\/\/api.w.org\/{rel}","templated":true}]}}