{"id":10614,"date":"2022-09-14T10:51:07","date_gmt":"2022-09-14T09:51:07","guid":{"rendered":"https:\/\/www.miph.gov.dz\/fr\/?page_id=10614"},"modified":"2022-11-08T16:21:06","modified_gmt":"2022-11-08T15:21:06","slug":"medinex2022","status":"publish","type":"page","link":"https:\/\/www.miph.gov.dz\/fr\/medinex2022\/","title":{"rendered":"Exposition internationale d&rsquo;Azerbaijan \u00ab\u00a0Medinex 2022"},"content":{"rendered":"\t\t<div data-elementor-type=\"wp-page\" data-elementor-id=\"10614\" class=\"elementor elementor-10614\">\n\t\t\t\t\t\t<section class=\"elementor-section elementor-top-section elementor-element elementor-element-c53e144 elementor-section-boxed elementor-section-height-default elementor-section-height-default\" data-id=\"c53e144\" data-element_type=\"section\">\n\t\t\t\t\t\t<div class=\"elementor-container elementor-column-gap-default\">\n\t\t\t\t\t<div class=\"elementor-column elementor-col-100 elementor-top-column elementor-element elementor-element-7c70fe0\" data-id=\"7c70fe0\" data-element_type=\"column\">\n\t\t\t<div class=\"elementor-widget-wrap elementor-element-populated\">\n\t\t\t\t\t\t<div class=\"elementor-element elementor-element-fb53bc8 elementor-widget elementor-widget-spacer\" data-id=\"fb53bc8\" data-element_type=\"widget\" data-widget_type=\"spacer.default\">\n\t\t\t\t<div class=\"elementor-widget-container\">\n\t\t\t\t\t\t\t<div class=\"elementor-spacer\">\n\t\t\t<div class=\"elementor-spacer-inner\"><\/div>\n\t\t<\/div>\n\t\t\t\t\t\t<\/div>\n\t\t\t\t<\/div>\n\t\t\t\t\t<\/div>\n\t\t<\/div>\n\t\t\t\t\t<\/div>\n\t\t<\/section>\n\t\t\t\t<section class=\"elementor-section elementor-top-section elementor-element elementor-element-9490fec elementor-section-boxed elementor-section-height-default elementor-section-height-default elementor-invisible\" data-id=\"9490fec\" data-element_type=\"section\" data-settings=\"{&quot;animation&quot;:&quot;fadeInLeft&quot;}\">\n\t\t\t\t\t\t<div class=\"elementor-container elementor-column-gap-default\">\n\t\t\t\t\t<div class=\"elementor-column elementor-col-50 elementor-top-column elementor-element elementor-element-976e6b7\" data-id=\"976e6b7\" data-element_type=\"column\">\n\t\t\t<div class=\"elementor-widget-wrap elementor-element-populated\">\n\t\t\t\t\t\t<div class=\"elementor-element elementor-element-d25f23a elementor-widget__width-initial elementor-invisible elementor-widget elementor-widget-image\" data-id=\"d25f23a\" data-element_type=\"widget\" data-settings=\"{&quot;_animation&quot;:&quot;zoomIn&quot;}\" data-widget_type=\"image.default\">\n\t\t\t\t<div class=\"elementor-widget-container\">\n\t\t\t\t\t\t\t\t\t\t\t\t\t\t\t\t<a href=\"https:\/\/medinex.az\/\">\n\t\t\t\t\t\t\t<img fetchpriority=\"high\" decoding=\"async\" width=\"318\" height=\"159\" src=\"https:\/\/www.miph.gov.dz\/fr\/wp-content\/uploads\/2022\/09\/telecharger.png\" class=\"attachment-full size-full wp-image-10601\" alt=\"\" srcset=\"https:\/\/www.miph.gov.dz\/fr\/wp-content\/uploads\/2022\/09\/telecharger.png 318w, https:\/\/www.miph.gov.dz\/fr\/wp-content\/uploads\/2022\/09\/telecharger-300x150.png 300w\" sizes=\"(max-width: 318px) 100vw, 318px\" \/>\t\t\t\t\t\t\t\t<\/a>\n\t\t\t\t\t\t\t\t\t\t\t\t\t\t\t<\/div>\n\t\t\t\t<\/div>\n\t\t\t\t\t<\/div>\n\t\t<\/div>\n\t\t\t\t<div class=\"elementor-column elementor-col-50 elementor-top-column elementor-element elementor-element-a9da1bd\" data-id=\"a9da1bd\" data-element_type=\"column\">\n\t\t\t<div class=\"elementor-widget-wrap elementor-element-populated\">\n\t\t\t\t\t\t<div class=\"elementor-element elementor-element-7544241 elementor-widget__width-initial elementor-widget elementor-widget-text-editor\" data-id=\"7544241\" data-element_type=\"widget\" data-widget_type=\"text-editor.default\">\n\t\t\t\t<div class=\"elementor-widget-container\">\n\t\t\t\t\t\t\t\t\t<p style=\"text-align: justify;\"><span style=\"font-size: 11.5pt; line-height: 107%; font-family: 'Segoe UI Historic', sans-serif; color: #050505; background-image: initial; background-position: initial; background-size: initial; background-repeat: initial; background-attachment: initial; background-origin: initial; background-clip: initial;\">Exposition internationale d&rsquo;<\/span>Azerbaijan <span style=\"color: #050505; font-family: 'Segoe UI Historic', sans-serif; font-size: 15.3333px;\">qui aura lieu du <strong>03 au 05 Novembre 2022<\/strong>, \u00e0 Bakou, sous le th\u00e8me l&rsquo;innovation m\u00e9dicale <strong>\u00ab\u00a0<\/strong><\/span><strong>Medinex 2022&Prime;<\/strong><\/p>\t\t\t\t\t\t\t\t<\/div>\n\t\t\t\t<\/div>\n\t\t\t\t\t<\/div>\n\t\t<\/div>\n\t\t\t\t\t<\/div>\n\t\t<\/section>\n\t\t\t\t<section class=\"elementor-section elementor-top-section elementor-element elementor-element-80e020b elementor-section-boxed elementor-section-height-default elementor-section-height-default\" data-id=\"80e020b\" data-element_type=\"section\">\n\t\t\t\t\t\t<div class=\"elementor-container elementor-column-gap-default\">\n\t\t\t\t\t<div class=\"elementor-column elementor-col-100 elementor-top-column elementor-element elementor-element-6a3e3f3\" data-id=\"6a3e3f3\" data-element_type=\"column\">\n\t\t\t<div class=\"elementor-widget-wrap elementor-element-populated\">\n\t\t\t\t\t\t<div class=\"elementor-element elementor-element-0d08e1c elementor-widget-divider--view-line_text elementor-widget-divider--element-align-center elementor-widget elementor-widget-divider\" data-id=\"0d08e1c\" data-element_type=\"widget\" data-widget_type=\"divider.default\">\n\t\t\t\t<div class=\"elementor-widget-container\">\n\t\t\t\t\t\t\t<div class=\"elementor-divider\">\n\t\t\t<span class=\"elementor-divider-separator\">\n\t\t\t\t\t\t\t<h2 class=\"elementor-divider__text elementor-divider__element\">\n\t\t\t\tMedinex 2022\t\t\t\t<\/h2>\n\t\t\t\t\t\t<\/span>\n\t\t<\/div>\n\t\t\t\t\t\t<\/div>\n\t\t\t\t<\/div>\n\t\t\t\t\t<\/div>\n\t\t<\/div>\n\t\t\t\t\t<\/div>\n\t\t<\/section>\n\t\t\t\t<section class=\"elementor-section elementor-top-section elementor-element elementor-element-24ce1df elementor-section-boxed elementor-section-height-default elementor-section-height-default elementor-invisible\" data-id=\"24ce1df\" data-element_type=\"section\" data-settings=\"{&quot;animation&quot;:&quot;zoomInUp&quot;}\">\n\t\t\t\t\t\t<div class=\"elementor-container elementor-column-gap-default\">\n\t\t\t\t\t<div class=\"elementor-column elementor-col-100 elementor-top-column elementor-element elementor-element-efb6f9c\" data-id=\"efb6f9c\" data-element_type=\"column\">\n\t\t\t<div class=\"elementor-widget-wrap elementor-element-populated\">\n\t\t\t\t\t\t<div class=\"elementor-element elementor-element-b5bc69d elementor-widget elementor-widget-image\" data-id=\"b5bc69d\" data-element_type=\"widget\" data-widget_type=\"image.default\">\n\t\t\t\t<div class=\"elementor-widget-container\">\n\t\t\t\t\t\t\t\t\t\t\t\t\t\t\t<img decoding=\"async\" width=\"730\" height=\"271\" src=\"https:\/\/www.miph.gov.dz\/fr\/wp-content\/uploads\/2022\/09\/271706118_5389689754380259_7715266006674579314_n.jpg\" class=\"attachment-large size-large wp-image-10641\" alt=\"\" srcset=\"https:\/\/www.miph.gov.dz\/fr\/wp-content\/uploads\/2022\/09\/271706118_5389689754380259_7715266006674579314_n.jpg 852w, https:\/\/www.miph.gov.dz\/fr\/wp-content\/uploads\/2022\/09\/271706118_5389689754380259_7715266006674579314_n-300x111.jpg 300w, https:\/\/www.miph.gov.dz\/fr\/wp-content\/uploads\/2022\/09\/271706118_5389689754380259_7715266006674579314_n-768x285.jpg 768w\" sizes=\"(max-width: 730px) 100vw, 730px\" \/>\t\t\t\t\t\t\t\t\t\t\t\t\t\t\t<\/div>\n\t\t\t\t<\/div>\n\t\t\t\t\t<\/div>\n\t\t<\/div>\n\t\t\t\t\t<\/div>\n\t\t<\/section>\n\t\t\t\t<section class=\"elementor-section elementor-top-section elementor-element elementor-element-11db967 elementor-section-boxed elementor-section-height-default elementor-section-height-default\" data-id=\"11db967\" data-element_type=\"section\">\n\t\t\t\t\t\t<div class=\"elementor-container elementor-column-gap-default\">\n\t\t\t\t\t<div class=\"elementor-column elementor-col-100 elementor-top-column elementor-element elementor-element-677b81b\" data-id=\"677b81b\" data-element_type=\"column\">\n\t\t\t<div class=\"elementor-widget-wrap elementor-element-populated\">\n\t\t\t\t\t\t<div class=\"elementor-element elementor-element-e04db49 elementor-widget elementor-widget-spacer\" data-id=\"e04db49\" data-element_type=\"widget\" data-widget_type=\"spacer.default\">\n\t\t\t\t<div class=\"elementor-widget-container\">\n\t\t\t\t\t\t\t<div class=\"elementor-spacer\">\n\t\t\t<div class=\"elementor-spacer-inner\"><\/div>\n\t\t<\/div>\n\t\t\t\t\t\t<\/div>\n\t\t\t\t<\/div>\n\t\t\t\t\t<\/div>\n\t\t<\/div>\n\t\t\t\t\t<\/div>\n\t\t<\/section>\n\t\t\t\t<section class=\"elementor-section elementor-top-section elementor-element elementor-element-5f9cfb5 elementor-section-boxed elementor-section-height-default elementor-section-height-default\" data-id=\"5f9cfb5\" data-element_type=\"section\">\n\t\t\t\t\t\t<div class=\"elementor-container elementor-column-gap-default\">\n\t\t\t\t\t<div class=\"elementor-column elementor-col-100 elementor-top-column elementor-element elementor-element-3962e24\" data-id=\"3962e24\" data-element_type=\"column\">\n\t\t\t<div class=\"elementor-widget-wrap elementor-element-populated\">\n\t\t\t\t\t\t<div class=\"elementor-element elementor-element-c1aab3f elementor-widget elementor-widget-image\" data-id=\"c1aab3f\" data-element_type=\"widget\" data-widget_type=\"image.default\">\n\t\t\t\t<div class=\"elementor-widget-container\">\n\t\t\t\t\t\t\t\t\t\t\t\t\t\t\t<img decoding=\"async\" width=\"723\" height=\"1024\" src=\"https:\/\/www.miph.gov.dz\/fr\/wp-content\/uploads\/2022\/11\/bako-expo-723x1024.jpg\" class=\"attachment-large size-large wp-image-11546\" alt=\"\" srcset=\"https:\/\/www.miph.gov.dz\/fr\/wp-content\/uploads\/2022\/11\/bako-expo-723x1024.jpg 723w, https:\/\/www.miph.gov.dz\/fr\/wp-content\/uploads\/2022\/11\/bako-expo-212x300.jpg 212w, https:\/\/www.miph.gov.dz\/fr\/wp-content\/uploads\/2022\/11\/bako-expo.jpg 763w\" sizes=\"(max-width: 723px) 100vw, 723px\" \/>\t\t\t\t\t\t\t\t\t\t\t\t\t\t\t<\/div>\n\t\t\t\t<\/div>\n\t\t\t\t\t<\/div>\n\t\t<\/div>\n\t\t\t\t\t<\/div>\n\t\t<\/section>\n\t\t\t\t<section class=\"elementor-section elementor-top-section elementor-element elementor-element-0581edb elementor-section-boxed elementor-section-height-default elementor-section-height-default\" data-id=\"0581edb\" data-element_type=\"section\">\n\t\t\t\t\t\t<div class=\"elementor-container elementor-column-gap-default\">\n\t\t\t\t\t<div class=\"elementor-column elementor-col-100 elementor-top-column elementor-element elementor-element-3399dfa\" data-id=\"3399dfa\" data-element_type=\"column\">\n\t\t\t<div class=\"elementor-widget-wrap elementor-element-populated\">\n\t\t\t\t\t\t<div class=\"elementor-element elementor-element-09a2737 elementor-widget elementor-widget-image\" data-id=\"09a2737\" data-element_type=\"widget\" data-widget_type=\"image.default\">\n\t\t\t\t<div class=\"elementor-widget-container\">\n\t\t\t\t\t\t\t\t\t\t\t\t\t\t\t<img loading=\"lazy\" decoding=\"async\" width=\"721\" height=\"1024\" src=\"https:\/\/www.miph.gov.dz\/fr\/wp-content\/uploads\/2022\/11\/312168975_199930589065751_3779389031593898951_n-721x1024.jpg\" class=\"attachment-large size-large wp-image-11545\" alt=\"\" srcset=\"https:\/\/www.miph.gov.dz\/fr\/wp-content\/uploads\/2022\/11\/312168975_199930589065751_3779389031593898951_n-721x1024.jpg 721w, https:\/\/www.miph.gov.dz\/fr\/wp-content\/uploads\/2022\/11\/312168975_199930589065751_3779389031593898951_n-211x300.jpg 211w, https:\/\/www.miph.gov.dz\/fr\/wp-content\/uploads\/2022\/11\/312168975_199930589065751_3779389031593898951_n.jpg 760w\" sizes=\"(max-width: 721px) 100vw, 721px\" \/>\t\t\t\t\t\t\t\t\t\t\t\t\t\t\t<\/div>\n\t\t\t\t<\/div>\n\t\t\t\t\t<\/div>\n\t\t<\/div>\n\t\t\t\t\t<\/div>\n\t\t<\/section>\n\t\t\t\t<section class=\"elementor-section elementor-top-section elementor-element elementor-element-9ba2b90 elementor-section-boxed elementor-section-height-default elementor-section-height-default elementor-invisible\" data-id=\"9ba2b90\" data-element_type=\"section\" data-settings=\"{&quot;animation&quot;:&quot;zoomInUp&quot;}\">\n\t\t\t\t\t\t<div class=\"elementor-container elementor-column-gap-default\">\n\t\t\t\t\t<div class=\"elementor-column elementor-col-100 elementor-top-column elementor-element elementor-element-69573df\" data-id=\"69573df\" data-element_type=\"column\">\n\t\t\t<div class=\"elementor-widget-wrap elementor-element-populated\">\n\t\t\t\t\t\t<div class=\"elementor-element elementor-element-09f59ff elementor-widget elementor-widget-text-editor\" data-id=\"09f59ff\" data-element_type=\"widget\" data-widget_type=\"text-editor.default\">\n\t\t\t\t<div class=\"elementor-widget-container\">\n\t\t\t\t\t\t\t\t\t<div dir=\"auto\">Les conditions de participation, inscription et autres informations sur cet \u00e9v\u00e8nement sont disponibles comme suit:\u00a0<\/div><div dir=\"auto\">\u00a0<\/div><ul><li dir=\"auto\"><span class=\"fxk3tzhb b2rh1bv3 gh55jysx m8h3af8h ewco64xe kjdc1dyq ms56khn7 bq6c9xl4 eohcrkr5 akh3l2rg\"><img loading=\"lazy\" decoding=\"async\" src=\"https:\/\/static.xx.fbcdn.net\/images\/emoji.php\/v9\/t4d\/1\/16\/1f4de.png\" alt=\"\ud83d\udcde\" width=\"16\" height=\"16\" \/><\/span><span class=\"fxk3tzhb b2rh1bv3 gh55jysx m8h3af8h ewco64xe kjdc1dyq ms56khn7 bq6c9xl4 eohcrkr5 akh3l2rg\"><img loading=\"lazy\" decoding=\"async\" src=\"https:\/\/static.xx.fbcdn.net\/images\/emoji.php\/v9\/t4d\/1\/16\/1f4de.png\" alt=\"\ud83d\udcde\" width=\"16\" height=\"16\" \/><\/span>Mr. Farrukh Ahmedov (chef de projet):\u00a0<\/li><\/ul><p style=\"padding-left: 40px;\"><span style=\"color: #333333;\"><strong>Tel :<\/strong>+994 12 40 41 015\/ +994 77 27 77 015<\/span><\/p><ul><li dir=\"auto\"><strong>Email:<\/strong> medinex@ceo.az<\/li><li dir=\"auto\"><strong>Site web:<\/strong><a href=\"https:\/\/medinex.az\/\"> https:\/\/medinex.az\/<\/a><\/li><\/ul>\t\t\t\t\t\t\t\t<\/div>\n\t\t\t\t<\/div>\n\t\t\t\t\t<\/div>\n\t\t<\/div>\n\t\t\t\t\t<\/div>\n\t\t<\/section>\n\t\t\t\t<section class=\"elementor-section elementor-top-section elementor-element elementor-element-889541b elementor-section-boxed elementor-section-height-default elementor-section-height-default\" data-id=\"889541b\" data-element_type=\"section\">\n\t\t\t\t\t\t<div class=\"elementor-container elementor-column-gap-default\">\n\t\t\t\t\t<div class=\"elementor-column elementor-col-100 elementor-top-column elementor-element elementor-element-5db2edc\" data-id=\"5db2edc\" data-element_type=\"column\">\n\t\t\t<div class=\"elementor-widget-wrap elementor-element-populated\">\n\t\t\t\t\t\t<div class=\"elementor-element elementor-element-8a4d62c elementor-widget elementor-widget-spacer\" data-id=\"8a4d62c\" data-element_type=\"widget\" data-widget_type=\"spacer.default\">\n\t\t\t\t<div class=\"elementor-widget-container\">\n\t\t\t\t\t\t\t<div class=\"elementor-spacer\">\n\t\t\t<div class=\"elementor-spacer-inner\"><\/div>\n\t\t<\/div>\n\t\t\t\t\t\t<\/div>\n\t\t\t\t<\/div>\n\t\t\t\t\t<\/div>\n\t\t<\/div>\n\t\t\t\t\t<\/div>\n\t\t<\/section>\n\t\t\t\t<section class=\"elementor-section elementor-top-section elementor-element elementor-element-dd450aa elementor-section-boxed elementor-section-height-default elementor-section-height-default elementor-invisible\" data-id=\"dd450aa\" data-element_type=\"section\" data-settings=\"{&quot;animation&quot;:&quot;zoomInUp&quot;}\">\n\t\t\t\t\t\t<div class=\"elementor-container elementor-column-gap-default\">\n\t\t\t\t\t<div class=\"elementor-column elementor-col-100 elementor-top-column elementor-element elementor-element-50b0e9e\" data-id=\"50b0e9e\" data-element_type=\"column\">\n\t\t\t<div class=\"elementor-widget-wrap elementor-element-populated\">\n\t\t\t\t\t\t<div class=\"elementor-element elementor-element-1605dd3 elementor-widget elementor-widget-text-editor\" data-id=\"1605dd3\" data-element_type=\"widget\" data-widget_type=\"text-editor.default\">\n\t\t\t\t<div class=\"elementor-widget-container\">\n\t\t\t\t\t\t\t\t\t<div class=\"x11i5rnm xat24cr x1mh8g0r x1vvkbs xtlvy1s x126k92a\"><blockquote><div dir=\"auto\" style=\"text-align: justify;\">Sous l\u2019\u00e9gide du Minist\u00e8re de l&rsquo;Industrie Pharmaceutique, une d\u00e9l\u00e9gation d\u2019op\u00e9rateurs pharmaceutiques sp\u00e9cialis\u00e9s dans la production et la distribution de m\u00e9dicaments et dispositifs m\u00e9dicaux ont pris part du <strong>03 au 05 Novembre 2022<\/strong> \u00e0 <strong>l\u2019Exposition Internationale d\u2019Azerba\u00efdjan Medinex 2022<\/strong> qui s\u2019est tenue \u00e0 <strong>Bakou<\/strong> sous le th\u00e8me de <strong>\u00ab\u00a0l\u2019innovation m\u00e9dicale\u00a0\u00bb<\/strong>.<\/div><\/blockquote><div dir=\"auto\" style=\"text-align: justify;\">\u00a0 \u00a0 \u00a0En pr\u00e9sence du sous-directeur de la promotion des exportations Mr Mohamed Amine Touati et de l\u2019Agence Nationale des Produits pharmaceutiques, les laboratoires Frater Razes, G\u00e9n\u00e9ric Lab, Hupp Pharma, Biothera, Hydrapharm Group, Inpha Medis et Merinal, ont repr\u00e9sent\u00e9 03 jours durant l\u2019industrie pharmaceutique nationale \u00e0 travers sa dynamique de d\u00e9veloppement , son orientation vers la biotechnologie ainsi que ses ambitions d\u2019ouverture et d\u2019exportation vers l\u2019\u00e9tranger.<\/div><div dir=\"auto\" style=\"text-align: justify;\">\u00a0<\/div><div dir=\"auto\" style=\"text-align: justify;\">\u00a0 \u00a0 Cette participation qui s\u2019inscrit dans le cadre de la strat\u00e9gie mise en place par le Minist\u00e8re de l\u2019Industrie Pharmaceutique pour la promotion des exportations, a permis \u00e0 la d\u00e9l\u00e9gation alg\u00e9rienne de multiplier les rencontres BtoB et les \u00e9changes avec leurs homologues azerba\u00efdjanais ainsi que les laboratoires \u00e9trangers et les diff\u00e9rentes organisations internationales pr\u00e9sentes afin de d\u00e9velopper la coop\u00e9ration bilat\u00e9rale et les opportunit\u00e9s d\u2019affaire dans le domaine de l\u2019Industrie Pharmaceutique.<\/div><div dir=\"auto\" style=\"text-align: justify;\">\u00a0<\/div><div dir=\"auto\" style=\"text-align: left;\">\u00a0<\/div><div dir=\"auto\" style=\"text-align: left;\">\u00a0 \u00a0 C\u2019est dans ce cadre et pour renforcer le partenariat bilat\u00e9ral alg\u00e9ro- azerba\u00efdjanais que le ministre de la Sant\u00e9 de l\u2019Azerba\u00efdjan Mr Teymur MUSAYEV a visit\u00e9 en compagnie de son Excellence l\u2019Ambassadeur de l\u2019Alg\u00e9rie \u00e0 Bakou Mr Abdelouaheb Oussmane le pavillon Alg\u00e9rie o\u00f9 ils ont pu s\u2019entretenir avec les membres de la d\u00e9l\u00e9gation alg\u00e9rienne ainsi que les diff\u00e9rents repr\u00e9sentants des laboratoires pharmaceutiques pr\u00e9sents des perspectives de coop\u00e9ration et des avantages concurrentiels et attractifs qu\u2019offre les march\u00e9s de l\u2019Azerba\u00efdjan et de la r\u00e9gion du Caucase<\/div><\/div>\t\t\t\t\t\t\t\t<\/div>\n\t\t\t\t<\/div>\n\t\t\t\t\t<\/div>\n\t\t<\/div>\n\t\t\t\t\t<\/div>\n\t\t<\/section>\n\t\t\t\t<section class=\"elementor-section elementor-top-section elementor-element elementor-element-5412d92 elementor-section-boxed elementor-section-height-default elementor-section-height-default\" data-id=\"5412d92\" data-element_type=\"section\">\n\t\t\t\t\t\t<div class=\"elementor-container elementor-column-gap-default\">\n\t\t\t\t\t<div class=\"elementor-column elementor-col-100 elementor-top-column elementor-element elementor-element-78bd417\" data-id=\"78bd417\" data-element_type=\"column\">\n\t\t\t<div class=\"elementor-widget-wrap elementor-element-populated\">\n\t\t\t\t\t\t<div class=\"elementor-element elementor-element-91e8757 elementor-widget elementor-widget-spacer\" data-id=\"91e8757\" data-element_type=\"widget\" data-widget_type=\"spacer.default\">\n\t\t\t\t<div class=\"elementor-widget-container\">\n\t\t\t\t\t\t\t<div class=\"elementor-spacer\">\n\t\t\t<div class=\"elementor-spacer-inner\"><\/div>\n\t\t<\/div>\n\t\t\t\t\t\t<\/div>\n\t\t\t\t<\/div>\n\t\t\t\t\t<\/div>\n\t\t<\/div>\n\t\t\t\t\t<\/div>\n\t\t<\/section>\n\t\t\t\t<section class=\"elementor-section elementor-top-section elementor-element elementor-element-d4188dc elementor-section-boxed elementor-section-height-default elementor-section-height-default elementor-invisible\" data-id=\"d4188dc\" data-element_type=\"section\" data-settings=\"{&quot;animation&quot;:&quot;zoomInUp&quot;}\">\n\t\t\t\t\t\t<div class=\"elementor-container elementor-column-gap-default\">\n\t\t\t\t\t<div class=\"elementor-column elementor-col-100 elementor-top-column elementor-element elementor-element-5f7c2e8\" data-id=\"5f7c2e8\" data-element_type=\"column\">\n\t\t\t<div class=\"elementor-widget-wrap elementor-element-populated\">\n\t\t\t\t\t\t<div class=\"elementor-element elementor-element-6c23bd8 elementor-arrows-position-inside elementor-pagination-position-outside elementor-widget elementor-widget-image-carousel\" data-id=\"6c23bd8\" data-element_type=\"widget\" data-settings=\"{&quot;slides_to_show&quot;:&quot;1&quot;,&quot;lazyload&quot;:&quot;yes&quot;,&quot;navigation&quot;:&quot;both&quot;,&quot;autoplay&quot;:&quot;yes&quot;,&quot;pause_on_hover&quot;:&quot;yes&quot;,&quot;pause_on_interaction&quot;:&quot;yes&quot;,&quot;autoplay_speed&quot;:5000,&quot;infinite&quot;:&quot;yes&quot;,&quot;effect&quot;:&quot;slide&quot;,&quot;speed&quot;:500}\" data-widget_type=\"image-carousel.default\">\n\t\t\t\t<div class=\"elementor-widget-container\">\n\t\t\t\t\t\t\t<div class=\"elementor-image-carousel-wrapper swiper\" role=\"region\" aria-roledescription=\"carousel\" aria-label=\"Carrousel d\u2019images\" dir=\"ltr\">\n\t\t\t<div class=\"elementor-image-carousel swiper-wrapper\" aria-live=\"off\">\n\t\t\t\t\t\t\t\t<div class=\"swiper-slide\" role=\"group\" aria-roledescription=\"slide\" aria-label=\"1 sur 8\"><figure class=\"swiper-slide-inner\"><img class=\"swiper-slide-image swiper-lazy\" data-src=\"https:\/\/www.miph.gov.dz\/fr\/wp-content\/uploads\/2022\/11\/315055787_508390507992687_4006833383357475896_n.jpg\" alt=\"315055787_508390507992687_4006833383357475896_n\" \/><div class=\"swiper-lazy-preloader\"><\/div><\/figure><\/div><div class=\"swiper-slide\" role=\"group\" aria-roledescription=\"slide\" aria-label=\"2 sur 8\"><figure class=\"swiper-slide-inner\"><img class=\"swiper-slide-image swiper-lazy\" data-src=\"https:\/\/www.miph.gov.dz\/fr\/wp-content\/uploads\/2022\/11\/314950470_508390544659350_3033211838750904794_n.jpg\" alt=\"314950470_508390544659350_3033211838750904794_n\" \/><div class=\"swiper-lazy-preloader\"><\/div><\/figure><\/div><div class=\"swiper-slide\" role=\"group\" aria-roledescription=\"slide\" aria-label=\"3 sur 8\"><figure class=\"swiper-slide-inner\"><img class=\"swiper-slide-image swiper-lazy\" data-src=\"https:\/\/www.miph.gov.dz\/fr\/wp-content\/uploads\/2022\/11\/314945423_508390017992736_4936254195355718060_n.jpg\" alt=\"314945423_508390017992736_4936254195355718060_n\" \/><div class=\"swiper-lazy-preloader\"><\/div><\/figure><\/div><div class=\"swiper-slide\" role=\"group\" aria-roledescription=\"slide\" aria-label=\"4 sur 8\"><figure class=\"swiper-slide-inner\"><img class=\"swiper-slide-image swiper-lazy\" data-src=\"https:\/\/www.miph.gov.dz\/fr\/wp-content\/uploads\/2022\/11\/314944552_508390454659359_6603661493866830945_n.jpg\" alt=\"314944552_508390454659359_6603661493866830945_n\" \/><div class=\"swiper-lazy-preloader\"><\/div><\/figure><\/div><div class=\"swiper-slide\" role=\"group\" aria-roledescription=\"slide\" aria-label=\"5 sur 8\"><figure class=\"swiper-slide-inner\"><img class=\"swiper-slide-image swiper-lazy\" data-src=\"https:\/\/www.miph.gov.dz\/fr\/wp-content\/uploads\/2022\/11\/314905424_508390561326015_4144742663189501306_n.jpg\" alt=\"314905424_508390561326015_4144742663189501306_n\" \/><div class=\"swiper-lazy-preloader\"><\/div><\/figure><\/div><div class=\"swiper-slide\" role=\"group\" aria-roledescription=\"slide\" aria-label=\"6 sur 8\"><figure class=\"swiper-slide-inner\"><img class=\"swiper-slide-image swiper-lazy\" data-src=\"https:\/\/www.miph.gov.dz\/fr\/wp-content\/uploads\/2022\/11\/314903518_508390624659342_7834348686397438005_n.jpg\" alt=\"314903518_508390624659342_7834348686397438005_n\" \/><div class=\"swiper-lazy-preloader\"><\/div><\/figure><\/div><div class=\"swiper-slide\" role=\"group\" aria-roledescription=\"slide\" aria-label=\"7 sur 8\"><figure class=\"swiper-slide-inner\"><img class=\"swiper-slide-image swiper-lazy\" data-src=\"https:\/\/www.miph.gov.dz\/fr\/wp-content\/uploads\/2022\/11\/314902154_508390591326012_4822107953384253492_n.jpg\" alt=\"314902154_508390591326012_4822107953384253492_n\" \/><div class=\"swiper-lazy-preloader\"><\/div><\/figure><\/div><div class=\"swiper-slide\" role=\"group\" aria-roledescription=\"slide\" aria-label=\"8 sur 8\"><figure class=\"swiper-slide-inner\"><img class=\"swiper-slide-image swiper-lazy\" data-src=\"https:\/\/www.miph.gov.dz\/fr\/wp-content\/uploads\/2022\/11\/314466121_508390307992707_2469250691316620899_n.jpg\" alt=\"314466121_508390307992707_2469250691316620899_n\" \/><div class=\"swiper-lazy-preloader\"><\/div><\/figure><\/div>\t\t\t<\/div>\n\t\t\t\t\t\t\t\t\t\t\t\t<div class=\"elementor-swiper-button elementor-swiper-button-prev\" role=\"button\" tabindex=\"0\">\n\t\t\t\t\t\t<i aria-hidden=\"true\" class=\"eicon-chevron-left\"><\/i>\t\t\t\t\t<\/div>\n\t\t\t\t\t<div class=\"elementor-swiper-button elementor-swiper-button-next\" role=\"button\" tabindex=\"0\">\n\t\t\t\t\t\t<i aria-hidden=\"true\" class=\"eicon-chevron-right\"><\/i>\t\t\t\t\t<\/div>\n\t\t\t\t\n\t\t\t\t\t\t\t\t\t<div class=\"swiper-pagination\"><\/div>\n\t\t\t\t\t\t\t\t\t<\/div>\n\t\t\t\t\t\t<\/div>\n\t\t\t\t<\/div>\n\t\t\t\t\t<\/div>\n\t\t<\/div>\n\t\t\t\t\t<\/div>\n\t\t<\/section>\n\t\t\t\t<\/div>\n\t\t","protected":false},"excerpt":{"rendered":"<p>Exposition internationale d&rsquo;Azerbaijan qui aura lieu du 03 au 05 Novembre 2022, \u00e0 Bakou, sous le th\u00e8me l&rsquo;innovation m\u00e9dicale \u00ab\u00a0Medinex 2022&Prime; Medinex 2022 Les conditions de participation, inscription et autres informations sur cet \u00e9v\u00e8nement sont disponibles comme suit:\u00a0\u00a0 Mr. Farrukh Ahmedov (chef de projet):\u00a0 Tel :+994 12 40 41 015\/ +994 77 27 77 015 [&hellip;]<\/p>\n","protected":false},"author":1,"featured_media":0,"parent":0,"menu_order":0,"comment_status":"closed","ping_status":"closed","template":"","meta":{"footnotes":""},"class_list":["post-10614","page","type-page","status-publish","hentry"],"_links":{"self":[{"href":"https:\/\/www.miph.gov.dz\/fr\/wp-json\/wp\/v2\/pages\/10614","targetHints":{"allow":["GET"]}}],"collection":[{"href":"https:\/\/www.miph.gov.dz\/fr\/wp-json\/wp\/v2\/pages"}],"about":[{"href":"https:\/\/www.miph.gov.dz\/fr\/wp-json\/wp\/v2\/types\/page"}],"author":[{"embeddable":true,"href":"https:\/\/www.miph.gov.dz\/fr\/wp-json\/wp\/v2\/users\/1"}],"replies":[{"embeddable":true,"href":"https:\/\/www.miph.gov.dz\/fr\/wp-json\/wp\/v2\/comments?post=10614"}],"version-history":[{"count":64,"href":"https:\/\/www.miph.gov.dz\/fr\/wp-json\/wp\/v2\/pages\/10614\/revisions"}],"predecessor-version":[{"id":11674,"href":"https:\/\/www.miph.gov.dz\/fr\/wp-json\/wp\/v2\/pages\/10614\/revisions\/11674"}],"wp:attachment":[{"href":"https:\/\/www.miph.gov.dz\/fr\/wp-json\/wp\/v2\/media?parent=10614"}],"curies":[{"name":"wp","href":"https:\/\/api.w.org\/{rel}","templated":true}]}}