{"id":691,"date":"2021-06-17T11:49:12","date_gmt":"2021-06-17T10:49:12","guid":{"rendered":"https:\/\/www.miph.gov.dz\/fr\/?page_id=691"},"modified":"2025-09-18T08:48:49","modified_gmt":"2025-09-18T07:48:49","slug":"decrets","status":"publish","type":"page","link":"https:\/\/www.miph.gov.dz\/en\/textes-juridiques\/decrets\/","title":{"rendered":"D\u00e9crets"},"content":{"rendered":"<p><span class=\"fontstyle0\"><img decoding=\"async\" src=\"https:\/\/www.miph.gov.dz\/en\/wp-content\/uploads\/2021\/06\/icone_pdf.png\" alt=\"\" width=\"29\" height=\"29\" \/> <\/span><a href=\"https:\/\/www.miph.gov.dz\/en\/wp-content\/uploads\/2025\/09\/DP25-241fr.pdf\" target=\"_blank\" rel=\"noopener\">D\u00e9cret pr\u00e9sidentiel n\u00b0 25-241 du 21 Rabie El Aouel 1447 correspondant au 14 septembre 2025 portant nomination des membres du Gouvernement.<\/a><\/p>\n<hr \/>\n<p><span class=\"fontstyle0\"><img decoding=\"async\" src=\"https:\/\/www.miph.gov.dz\/en\/wp-content\/uploads\/2021\/06\/icone_pdf.png\" alt=\"\" width=\"29\" height=\"29\" \/><\/span><a href=\"https:\/\/www.miph.gov.dz\/en\/wp-content\/uploads\/2025\/07\/inspectionG-fr.pdf\" target=\"_blank\" rel=\"noopener\">D\u00e9cret ex\u00e9cutif n\u00b0 25-189 du 17 Moharram 1447 correspondant au 13 juillet 2025 portant organisation et fonctionnement de l\u2019inspection g\u00e9n\u00e9rale du minist\u00e8re de l\u2019industrie pharmaceutique.<\/a><\/p>\n<hr \/>\n<p><span class=\"fontstyle0\"><img decoding=\"async\" src=\"https:\/\/www.miph.gov.dz\/en\/wp-content\/uploads\/2021\/06\/icone_pdf.png\" alt=\"\" width=\"29\" height=\"29\" \/><\/span><a href=\"https:\/\/www.miph.gov.dz\/en\/wp-content\/uploads\/2025\/07\/MIPHc-fr.pdf\" target=\"_blank\" rel=\"noopener\">D\u00e9cret ex\u00e9cutif n\u00b0 25-188 du 17 Moharram 1447 correspondant au 13 juillet 2025 portant organisation de l\u2019administration centrale du minist\u00e8re de l\u2019industrie pharmaceutique.<\/a><\/p>\n<hr \/>\n<p><span class=\"fontstyle0\"><img decoding=\"async\" src=\"https:\/\/www.miph.gov.dz\/en\/wp-content\/uploads\/2021\/06\/icone_pdf.png\" alt=\"\" width=\"29\" height=\"29\" \/><\/span> <a href=\"https:\/\/www.miph.gov.dz\/en\/wp-content\/uploads\/2025\/07\/ministre-fr.pdf\" target=\"_blank\" rel=\"noopener\">D\u00e9cret ex\u00e9cutif n\u00b0 25-187 du 17 Moharram 1447\u00a0correspondant au 13 juillet 2025 fixant les attributions\u00a0du ministre de l\u2019industrie pharmaceutique.<\/a><\/p>\n<hr \/>\n<p><span class=\"fontstyle0\"><img decoding=\"async\" src=\"https:\/\/www.miph.gov.dz\/en\/wp-content\/uploads\/2021\/06\/icone_pdf.png\" alt=\"\" width=\"29\" height=\"29\" \/><\/span>\u00a0<a href=\"https:\/\/www.miph.gov.dz\/en\/wp-content\/uploads\/2024\/03\/F2024019-fr-1.pdf\"><span class=\"fontstyle0\">\u00a0<\/span>D\u00e9cret ex\u00e9cutif n\u00b0 24-112 du 3 Ramadhan 1445 correspondant au 13 mars 2024 fixant les conditions et les modalit\u00e9s de classification des stup\u00e9fiants, substances psychotropes et pr\u00e9curseurs et sa mise \u00e0 jour.<\/a><\/p>\n<hr \/>\n<p><span class=\"fontstyle0\"><img decoding=\"async\" src=\"https:\/\/www.miph.gov.dz\/en\/wp-content\/uploads\/2021\/06\/icone_pdf.png\" alt=\"\" width=\"29\" height=\"29\" \/><\/span> <a href=\"https:\/\/www.miph.gov.dz\/en\/wp-content\/uploads\/2023\/11\/attributions-ministre.pdf\" target=\"_blank\" rel=\"noopener\">D\u00e9cret ex\u00e9cutif n\u00b0 23-411 du 6 Joumada El Oula 1445 correspondant au 20 novembre 2023 fixant les attributions du ministre de l\u2019industrie et de la production pharmaceutique.<\/a><\/p>\n<hr \/>\n<p><span class=\"fontstyle0\"><img decoding=\"async\" src=\"https:\/\/www.miph.gov.dz\/en\/wp-content\/uploads\/2021\/06\/icone_pdf.png\" alt=\"\" width=\"29\" height=\"29\" \/><\/span><a href=\"https:\/\/www.miph.gov.dz\/en\/wp-content\/uploads\/2023\/11\/administration-centrale.pdf\" target=\"_blank\" rel=\"noopener\">D\u00e9cret ex\u00e9cutif n\u00b0 23-412 du 6 Joumada El Oula 1445 correspondant au 20 novembre 2023 portant organisation de l\u2019administration centrale du minist\u00e8re de l\u2019industrie et de la production pharmaceutique.<\/a><\/p>\n<hr \/>\n<p><span class=\"fontstyle0\"><img decoding=\"async\" src=\"https:\/\/www.miph.gov.dz\/en\/wp-content\/uploads\/2021\/06\/icone_pdf.png\" alt=\"\" width=\"29\" height=\"29\" \/><\/span> <a href=\"https:\/\/www.miph.gov.dz\/en\/wp-content\/uploads\/2023\/11\/inspection-generale.pdf\">D\u00e9cret ex\u00e9cutif n\u00b0 23-413 du 6 Joumada El Oula 1445 correspondant au 20 novembre 2023 portant organisation et fonctionnement de l\u2019inspection g\u00e9n\u00e9rale du minist\u00e8re de l\u2019industrie et de la production pharmaceutique.<\/a><\/p>\n<hr \/>\n<p><span class=\"fontstyle0\"><img decoding=\"async\" src=\"https:\/\/www.miph.gov.dz\/en\/wp-content\/uploads\/2021\/06\/icone_pdf.png\" alt=\"\" width=\"29\" height=\"29\" \/><\/span><a href=\"https:\/\/www.miph.gov.dz\/en\/wp-content\/uploads\/2023\/03\/comite-economique.pdf\">D\u00e9cret ex\u00e9cutif n\u00b0 23-105 du 14 Cha\u00e2bane 1444 correspondant au 7 mars 2023 modifiant et\u00a0 compl\u00e9tant le d\u00e9cret ex\u00e9cutif n\u00b0 20-326 du 6 Rabie Ethani 1442 correspondant au 22 novembre 2020 portant missions, composition, organisation et fonctionnement du comit\u00e9 \u00e9conomique intersectoriel des m\u00e9dicaments.<\/a><\/p>\n<hr \/>\n<p><span class=\"fontstyle0\"><img decoding=\"async\" src=\"https:\/\/www.miph.gov.dz\/en\/wp-content\/uploads\/2021\/06\/icone_pdf.png\" alt=\"\" width=\"29\" height=\"29\" \/> <a href=\"https:\/\/www.miph.gov.dz\/en\/wp-content\/uploads\/2023\/03\/homologation-fr.pdf\">D\u00e9cret ex\u00e9cutif n\u00b0 23-101 du 12 Cha\u00e2bane 1444 correspondant au 5 mars 2023 modifiant le d\u00e9cret ex\u00e9cutif n\u00b0 20-324 du 6 Rabie Ethani 1442 correspondant au 22 novembre 2020 relatif aux modalit\u00e9s d&rsquo;homologation des dispositifs m\u00e9dicaux.<\/a><\/span><\/p>\n<hr \/>\n<p><img decoding=\"async\" src=\"https:\/\/www.miph.gov.dz\/en\/wp-content\/uploads\/2021\/06\/icone_pdf.png\" alt=\"\" width=\"29\" height=\"29\" \/><a href=\"https:\/\/www.miph.gov.dz\/en\/wp-content\/uploads\/2022\/07\/Decret-executif-n\u00b0-22-247-.pdf\"> D\u00e9cret ex\u00e9cutif n\u00b022-247 du Aouel Dhou el Hidja 1443 correspondant au 30 juin 2022 relatif aux r\u00e8gles de bonnes pratiques de fabrication des produits pharmaceutiques \u00e0 usage de la m\u00e9decine humaine.<\/a><\/p>\n<ul>\n<li><a href=\"https:\/\/www.miph.gov.dz\/en\/wp-content\/uploads\/2022\/09\/Guide-des-BPF2022.pdf\">GUIDE DES BONNES PRATIQUES DE FABRICATION\ud83d\udcd3<\/a><\/li>\n<\/ul>\n<hr \/>\n<p style=\"text-align: justify;\"><img decoding=\"async\" src=\"https:\/\/www.miph.gov.dz\/en\/wp-content\/uploads\/2021\/06\/icone_pdf.png\" alt=\"\" width=\"29\" height=\"29\" \/>\u00a0<a href=\"https:\/\/www.miph.gov.dz\/en\/wp-content\/uploads\/2022\/01\/Decret-executif-n\u00b0-21-552-fixant-les-modalites-dacquittement-et-daffectation-du-produit-de-la-taxe-de-controle-et-expertise-de-lot-de-produit-pharmaceutique.pdf\">D\u00e9cret ex\u00e9cutif n\u00b0 21-552 du 25 Joumada El Oula 1443 correspondant au 30 d\u00e9cembre 2021 fixant les modalit\u00e9s d&rsquo;acquittement et d&rsquo;affectation du produit de la taxe de contr\u00f4le et expertise de lot de produit pharmaceutique et- ou de dispositif m\u00e9dical<\/a><\/p>\n<hr \/>\n<p style=\"text-align: justify;\"><img decoding=\"async\" src=\"https:\/\/www.miph.gov.dz\/en\/wp-content\/uploads\/2021\/06\/icone_pdf.png\" alt=\"\" width=\"29\" height=\"29\" \/><a href=\"https:\/\/www.miph.gov.dz\/en\/wp-content\/uploads\/2022\/01\/Decret-executif-n\u00b0-21-551-fixant-les-modalites-de-recouvrement-et-daffectation-du-produit-de-la-redevance-des-produits-pharmaceutiques-et-des-dispositifs-medicaux..pdf\">D\u00e9cret ex\u00e9cutif n\u00b0 21-551 du 25 Joumada El Oula 1443 correspondant au 30 d\u00e9cembre 2021 fixant les modalit\u00e9s de recouvrement et d&rsquo;affectation du produit de la redevance des produits pharmaceutiques et des dispositifs m\u00e9dicaux.<\/a><\/p>\n<hr \/>\n<p style=\"text-align: justify;\"><img decoding=\"async\" src=\"https:\/\/www.miph.gov.dz\/en\/wp-content\/uploads\/2021\/06\/icone_pdf.png\" alt=\"\" width=\"29\" height=\"29\" \/>\u00a0<a href=\"https:\/\/www.miph.gov.dz\/en\/wp-content\/uploads\/2022\/01\/Decret-executif-n\u00b0-21-525-completant-le-decret-executif-n\u00b0-19-190-fixant-les-missions-lorganisation-et-le-fonctionnement-de-lANPP.pdf\">D\u00e9cret ex\u00e9cutif n\u00b0 21-525 du 21 Joumada El Oula 1443 correspondant au 26 d\u00e9cembre 2021 compl\u00e9tant le d\u00e9cret ex\u00e9cutif n\u00b0 19-190 du 30 Chaoual 1440 correspondant au 3 juillet 2019 fixant les missions, l&rsquo;organisation et le fonctionnement de l&rsquo;agence nationale des produits pharmaceutiques.<\/a><\/p>\n<hr \/>\n<p style=\"text-align: justify;\"><img decoding=\"async\" src=\"https:\/\/www.miph.gov.dz\/en\/wp-content\/uploads\/2021\/06\/icone_pdf.png\" alt=\"\" width=\"29\" height=\"29\" \/>\u00a0<a href=\"https:\/\/www.miph.gov.dz\/en\/wp-content\/uploads\/2021\/06\/01-De\u0301cret-exe\u0301cutif-n\u00b0-20-271-du-11-Safar-1442-correspondant-au-29-septembre-2020-fixant-les-attributions-du-Ministre-de-lIndustrie-Pharmaceutique.pdf\">De\u0301cret exe\u0301cutif n\u00b0 20-271 du 11 Safar 1442 correspondant au 29 septembre 2020 fixant les attributions du Ministre de l\u2019Industrie Pharmaceutique\u00a0<\/a><\/p>\n<hr \/>\n<p style=\"text-align: justify;\"><img decoding=\"async\" src=\"https:\/\/www.miph.gov.dz\/en\/wp-content\/uploads\/2021\/06\/icone_pdf.png\" alt=\"\" width=\"29\" height=\"29\" \/>\u00a0<a href=\"https:\/\/www.miph.gov.dz\/en\/wp-content\/uploads\/2021\/06\/02-De\u0301cret-exe\u0301cutif-n\u00b0-20-272-du-11-Safar-1442-correspondant.pdf\">De\u0301cret exe\u0301cutif n\u00b0 20-272 du 11 Safar 1442 correspondant au 29 Septembre 2020 portant organisation de l&rsquo;administration centrale du Minist\u00e8re de l&rsquo;Industrie Pharmaceutique<\/a><\/p>\n<hr \/>\n<p style=\"text-align: justify;\"><img decoding=\"async\" src=\"https:\/\/www.miph.gov.dz\/en\/wp-content\/uploads\/2021\/06\/icone_pdf.png\" alt=\"\" width=\"29\" height=\"29\" \/>\u00a0<a href=\"https:\/\/www.miph.gov.dz\/en\/wp-content\/uploads\/2022\/09\/14-De%CC%81cret-exe%CC%81cutif-n%C2%B0-20-273-du-11-Safar-1442correspondant-au-29-septembre-2020-portant-organisation-et-fonctionnement-de-linspection-ge%CC%81ne%CC%81rale-du-ministe%CC%80re-1-1.pdf\">De\u0301cret exe\u0301cutif n\u00b0 20-273 du 11 Safar 1442 correspondant au 29 septembre 2020 portant organisation et fonctionnement de l\u2019inspection ge\u0301ne\u0301rale du ministe\u0300re de l\u2019industrie pharmaceutique<\/a><\/p>\n<hr \/>\n<p style=\"text-align: justify;\"><img decoding=\"async\" src=\"https:\/\/www.miph.gov.dz\/en\/wp-content\/uploads\/2021\/06\/icone_pdf.png\" alt=\"\" width=\"29\" height=\"29\" \/><a href=\"https:\/\/www.miph.gov.dz\/en\/wp-content\/uploads\/2021\/06\/04-DCR1.pdf\">D\u00e9cret ex\u00e9cutif n\u00b0 20-309 du 17 Rabie El Aouel 1442 correspondant au 3 novembre 2020 modifiant le d\u00e9cret ex\u00e9cutif n\u00b0 19-379 du 4 Joumada El Oula 1441 correspondant au 31 d\u00e9cembre 2019 fixant les modalit\u00e9s de contr\u00f4le administratif, technique et de s\u00e9curit\u00e9 des substances et m\u00e9dicaments ayant des propri\u00e9t\u00e9s psychotropes<\/a><\/p>\n<hr \/>\n<p style=\"text-align: justify;\"><img decoding=\"async\" src=\"https:\/\/www.miph.gov.dz\/en\/wp-content\/uploads\/2021\/06\/icone_pdf.png\" alt=\"\" width=\"29\" height=\"29\" \/>\u00a0<a href=\"https:\/\/www.miph.gov.dz\/en\/wp-content\/uploads\/2021\/06\/05-Decret-executif-n\u00b0-20-324-du-22-novembre-20-relatif-aux-modalites-dhomologation-des-dispositifs-medicaux.pdf\">D\u00e9cret ex\u00e9cutif n\u00b0 20-324 du 6 Rabie Ethani 1442 correspondant au 22 novembre 2020 relatif aux modalit\u00e9s d\u2019homologation des dispositifs m\u00e9dicaux.<\/a><\/p>\n<hr \/>\n<p style=\"text-align: justify;\"><img decoding=\"async\" src=\"https:\/\/www.miph.gov.dz\/en\/wp-content\/uploads\/2021\/06\/icone_pdf.png\" alt=\"\" width=\"29\" height=\"29\" \/>\u00a0<a href=\"https:\/\/www.miph.gov.dz\/en\/wp-content\/uploads\/2021\/06\/06-De\u0301cret-exe\u0301cutif-n\u00b0-20-325-du-6-Rabie-Ethani-1442-correspondant-au-22-novembre-2020-relatif-aux-modalite\u0301s-denregistrement-des-produits-pharmaceutiques..pdf\">De\u0301cret exe\u0301cutif n\u00b0 20-325 du 6 Rabie Ethani 1442 correspondant au 22 novembre 2020 relatif aux modalite\u0301s d\u2019enregistrement des produits pharmaceutiques.<\/a><\/p>\n<hr \/>\n<p style=\"text-align: justify;\"><img decoding=\"async\" src=\"https:\/\/www.miph.gov.dz\/en\/wp-content\/uploads\/2021\/06\/icone_pdf.png\" alt=\"\" width=\"29\" height=\"29\" \/>\u00a0<a href=\"https:\/\/www.miph.gov.dz\/en\/wp-content\/uploads\/2021\/06\/07-De\u0301cret-exe\u0301cutif-n\u00b0-20-326.pdf\">De\u0301cret exe\u0301cutif n\u00b0 20-326 du 6 Rabie Ethani 1442correspondant au 22 novembre 2020 portant missions, composition, organisation et fonctionnement du comite\u0301 e\u0301conomique intersectoriel des me\u0301dicaments<\/a><\/p>\n<hr \/>\n<p style=\"text-align: justify;\" data-wp-editing=\"1\"><img decoding=\"async\" src=\"https:\/\/www.miph.gov.dz\/en\/wp-content\/uploads\/2021\/06\/icone_pdf.png\" alt=\"\" width=\"29\" height=\"29\" \/>\u00a0<a href=\"https:\/\/www.miph.gov.dz\/en\/wp-content\/uploads\/2021\/06\/08-DCR_1-2.pdf\" target=\"_blank\" rel=\"noopener\">D\u00e9cret ex\u00e9cutif n\u00b0 20-391 du 4 Joumada El Oula 1442 correspondant au 19 d\u00e9cembre 2020 modifiant et compl\u00e9tant le d\u00e9cret ex\u00e9cutif n\u00b0 19-190 du 30 Chaoual 1440 correspondant au 3 juillet 2019 fixant les missions, l&rsquo;organisation et le fonctionnement de l&rsquo;agence nationale des produits pharmaceutiques.<\/a><\/p>\n<hr \/>\n<p style=\"text-align: justify;\" data-wp-editing=\"1\"><img decoding=\"async\" src=\"https:\/\/www.miph.gov.dz\/en\/wp-content\/uploads\/2021\/06\/icone_pdf.png\" alt=\"\" width=\"29\" height=\"29\" \/><a href=\"https:\/\/www.miph.gov.dz\/en\/wp-content\/uploads\/2021\/06\/09-De\u0301cret-exe\u0301cutif-n\u00b0-21-53.pdf\">De\u0301cret exe\u0301cutif n\u00b0 21-53 du 17 Joumada Ethania 1442 correspondant au 31 janvier 2021 relatif aux modalite\u0301s de de\u0301livrance de l\u2019autorisation temporaire d\u2019utilisation de me\u0301dicaments non enregistre\u0301s<\/a><\/p>\n<hr \/>\n<p style=\"text-align: justify;\"><img decoding=\"async\" src=\"https:\/\/www.miph.gov.dz\/en\/wp-content\/uploads\/2021\/06\/icone_pdf.png\" alt=\"\" width=\"29\" height=\"29\" \/>\u00a0<a href=\"https:\/\/www.miph.gov.dz\/en\/wp-content\/uploads\/2021\/06\/NOUVEAU-11.pdf\">D\u00e9cret ex\u00e9cutif n\u00b0 21-76 du 8 Rajab 1442 correspondantau 20 f\u00e9vrier 2021 modifiant le d\u00e9cret ex\u00e9cutifn\u00b0 20-239 du 12 Moharram 1442 correspondant au 31 ao\u00fbt 2020 fixant les modalit\u00e9s de maintien, \u00e0 titre exceptionnel, par le Tr\u00e9sor public, de la bonification du taux d&rsquo;int\u00e9r\u00eat des cr\u00e9dits accord\u00e9s par les banques et \u00e9tablissements financiers en faveur des entreprises et particuliers en difficult\u00e9s \u00e0 cause de la pand\u00e9mie du Coronavirus (COVID-19).<\/a><\/p>\n<hr \/>\n<p><img decoding=\"async\" src=\"https:\/\/www.miph.gov.dz\/en\/wp-content\/uploads\/2021\/06\/icone_pdf.png\" alt=\"\" width=\"29\" height=\"29\" \/>\u00a0<a href=\"https:\/\/www.miph.gov.dz\/en\/wp-content\/uploads\/2021\/06\/10-De\u0301cret-exe\u0301cutif-n\u00b0-21-82-du-11-Rajab-1442-correspondant-au-23-fe\u0301vrier-2021-relatif-aux-e\u0301tablissements-pharmaceutiques-et-les-conditions-de-leur-agre\u0301ment.-1.pdf\">De\u0301cret exe\u0301cutif n\u00b0 21-82 du 11 Rajab 1442 correspondant au 23 fe\u0301vrier 2021 relatif aux e\u0301tablissements pharmaceutiques et les conditions de leur agre\u0301ment.<\/a><\/p>\n<hr \/>\n<p style=\"text-align: justify;\"><img decoding=\"async\" src=\"https:\/\/www.miph.gov.dz\/en\/wp-content\/uploads\/2021\/06\/icone_pdf.png\" alt=\"\" width=\"29\" height=\"29\" \/>\u00a0<a href=\"https:\/\/www.miph.gov.dz\/en\/wp-content\/uploads\/2021\/06\/Decret-executif-n\u00b0-21-145-du-17-avril-2021-fixant-la-liste-des-activites-revetant-un-caractere-strategique..pdf\">D\u00e9cret ex\u00e9cutif n\u00b0 21-145 du 5 Ramadhan 1442 correspondant au 17 avril 2021 fixant la liste des activit\u00e9s rev\u00eatant un caract\u00e8re strat\u00e9gique.<\/a><\/p>\n<hr \/>\n<p style=\"text-align: justify;\"><img decoding=\"async\" src=\"https:\/\/www.miph.gov.dz\/en\/wp-content\/uploads\/2021\/06\/icone_pdf.png\" alt=\"\" width=\"29\" height=\"29\" \/> <a href=\"https:\/\/www.miph.gov.dz\/en\/wp-content\/uploads\/2023\/02\/11-Decret-executif-n\u00b0-21-196.pdf\">D\u00e9cret ex\u00e9cutif n\u00b0 21-196 du 29 Ramadhan 1442 correspondant au 11 mai 2021 modifiant et compl\u00e9tant le d\u00e9cret ex\u00e9cutif n\u00b0 19-379 du 4 Joumada El Oula 1441 correspondant au 31 d\u00e9cembre 2019 fixant les modalit\u00e9s de contr\u00f4le administratif, technique et de s\u00e9curit\u00e9 des substances et m\u00e9dicaments ayant des propri\u00e9t\u00e9s psychotropes<\/a><\/p>\n<hr \/>\n<p style=\"text-align: justify;\"><img decoding=\"async\" src=\"https:\/\/www.miph.gov.dz\/en\/wp-content\/uploads\/2021\/06\/icone_pdf.png\" alt=\"\" width=\"29\" height=\"29\" \/> <a href=\"https:\/\/www.miph.gov.dz\/en\/wp-content\/uploads\/2021\/06\/15-Decret-presidentiel-n\u00b0-21-167-du-13-Ramadhan-1442correspondant-au-25-avril-2021-portant-ratification-du-traite-portant-creation-de-lagence-africaine-du-medicament.pdf\">D\u00e9cret pr\u00e9sidentiel n\u00b0 21-167 du 13 Ramadhan 1442correspondant au 25 avril 2021 portant ratification du trait\u00e9 portant cr\u00e9ation de l\u2019agence africaine du m\u00e9dicament, adopt\u00e9 \u00e0 Addis-Abeba, le11 f\u00e9vrier 2019. <\/a><\/p>\n<hr \/>\n<p style=\"text-align: justify;\"><img decoding=\"async\" src=\"https:\/\/www.miph.gov.dz\/en\/wp-content\/uploads\/2021\/06\/icone_pdf.png\" alt=\"\" width=\"29\" height=\"29\" \/><a href=\"https:\/\/www.miph.gov.dz\/en\/wp-content\/uploads\/2021\/06\/12-De\u0301cret-exe\u0301cutif-n\u00b0-21-224-du-12-Chaoual-1442correspondant-au-24-mai-2021-fixant-les-modalite\u0301s-de\u0301tablissement-de-la-liste-des-me\u0301dicaments-essentiels.-1.pdf\">\u00a0<\/a><a href=\"https:\/\/www.miph.gov.dz\/en\/wp-content\/uploads\/2021\/06\/16-DCR1.pdf\">D\u00e9cret ex\u00e9cutif n\u00b0 21-213 du 8 Chaoual 1442 correspondant au 20 mai 2021 modifiant et compl\u00e9tant le d\u00e9cret ex\u00e9cutif n\u00b0 20-109du 12 Ramadhan 1441 correspondant au 5 mai 2020 relatif aux mesures exceptionnelles destin\u00e9es \u00e0 la facilitation de l&rsquo;approvisionnement du march\u00e9 national en produits pharmaceutiques, en dispositifs m\u00e9dicaux et en \u00e9quipements de d\u00e9tection en riposte \u00e0 la pand\u00e9mie du Coronavirus (COVID-19).<\/a><\/p>\n<hr \/>\n<p style=\"text-align: justify;\"><strong><img decoding=\"async\" src=\"https:\/\/www.miph.gov.dz\/en\/wp-content\/uploads\/2021\/06\/icone_pdf.png\" alt=\"\" width=\"29\" height=\"29\" \/><\/strong><a href=\"https:\/\/www.miph.gov.dz\/en\/wp-content\/uploads\/2021\/06\/12-De\u0301cret-exe\u0301cutif-n\u00b0-21-224-du-12-Chaoual-1442correspondant-au-24-mai-2021-fixant-les-modalite\u0301s-de\u0301tablissement-de-la-liste-des-me\u0301dicaments-essentiels.-1.pdf\">\u00a0 De\u0301cret exe\u0301cutif n\u00b0 21-224 du 12 Chaoual 1442correspondant au 24 mai 2021 fixant les modalite\u0301s d\u2019e\u0301tablissement de la liste des me\u0301dicaments essentiels.<\/a><\/p>\n<hr \/>\n<p>&nbsp;<\/p>\n","protected":false},"excerpt":{"rendered":"<p>D\u00e9cret pr\u00e9sidentiel n\u00b0 25-241 du 21 Rabie El Aouel 1447 correspondant au 14 septembre 2025 portant nomination des membres du Gouvernement. D\u00e9cret ex\u00e9cutif n\u00b0 25-189 du 17 Moharram 1447 correspondant au 13 juillet 2025 portant organisation et fonctionnement de l\u2019inspection g\u00e9n\u00e9rale du minist\u00e8re de l\u2019industrie pharmaceutique. D\u00e9cret ex\u00e9cutif n\u00b0 25-188 du 17 Moharram 1447 correspondant [&hellip;]<\/p>\n","protected":false},"author":1,"featured_media":0,"parent":371,"menu_order":0,"comment_status":"closed","ping_status":"closed","template":"","meta":{"footnotes":""},"class_list":["post-691","page","type-page","status-publish","hentry"],"_links":{"self":[{"href":"https:\/\/www.miph.gov.dz\/en\/wp-json\/wp\/v2\/pages\/691","targetHints":{"allow":["GET"]}}],"collection":[{"href":"https:\/\/www.miph.gov.dz\/en\/wp-json\/wp\/v2\/pages"}],"about":[{"href":"https:\/\/www.miph.gov.dz\/en\/wp-json\/wp\/v2\/types\/page"}],"author":[{"embeddable":true,"href":"https:\/\/www.miph.gov.dz\/en\/wp-json\/wp\/v2\/users\/1"}],"replies":[{"embeddable":true,"href":"https:\/\/www.miph.gov.dz\/en\/wp-json\/wp\/v2\/comments?post=691"}],"version-history":[{"count":71,"href":"https:\/\/www.miph.gov.dz\/en\/wp-json\/wp\/v2\/pages\/691\/revisions"}],"predecessor-version":[{"id":19881,"href":"https:\/\/www.miph.gov.dz\/en\/wp-json\/wp\/v2\/pages\/691\/revisions\/19881"}],"up":[{"embeddable":true,"href":"https:\/\/www.miph.gov.dz\/en\/wp-json\/wp\/v2\/pages\/371"}],"wp:attachment":[{"href":"https:\/\/www.miph.gov.dz\/en\/wp-json\/wp\/v2\/media?parent=691"}],"curies":[{"name":"wp","href":"https:\/\/api.w.org\/{rel}","templated":true}]}}