{"id":5795,"date":"2022-03-06T12:09:40","date_gmt":"2022-03-06T11:09:40","guid":{"rendered":"https:\/\/www.miph.gov.dz\/fr\/?page_id=5795"},"modified":"2025-09-02T09:59:36","modified_gmt":"2025-09-02T08:59:36","slug":"test","status":"publish","type":"page","link":"https:\/\/www.miph.gov.dz\/en\/test\/","title":{"rendered":"test"},"content":{"rendered":"\t\t<div data-elementor-type=\"wp-page\" data-elementor-id=\"5795\" class=\"elementor elementor-5795\">\n\t\t\t\t\t\t<section class=\"elementor-section elementor-top-section elementor-element elementor-element-4728a54 elementor-section-boxed elementor-section-height-default elementor-section-height-default\" data-id=\"4728a54\" data-element_type=\"section\">\n\t\t\t\t\t\t<div class=\"elementor-container elementor-column-gap-default\">\n\t\t\t\t\t<div class=\"elementor-column elementor-col-100 elementor-top-column elementor-element elementor-element-5368929\" data-id=\"5368929\" data-element_type=\"column\">\n\t\t\t<div class=\"elementor-widget-wrap elementor-element-populated\">\n\t\t\t\t\t\t<div class=\"elementor-element elementor-element-4c2e69f elementor-widget elementor-widget-html\" data-id=\"4c2e69f\" data-element_type=\"widget\" data-widget_type=\"html.default\">\n\t\t\t\t<div class=\"elementor-widget-container\">\n\t\t\t\t\t<div class=\"marquee\">\r\n  <div>\r\n    <span>You spin me right round, baby. Like a record, baby.<\/span>\r\n    <span>You spin me right round, baby. Like a record, baby.<\/span>\r\n  <\/div>\r\n<\/div>\t\t\t\t<\/div>\n\t\t\t\t<\/div>\n\t\t\t\t<div class=\"elementor-element elementor-element-c2752f7 elementor-widget elementor-widget-wp-widget-text\" data-id=\"c2752f7\" data-element_type=\"widget\" data-widget_type=\"wp-widget-text.default\">\n\t\t\t\t<div class=\"elementor-widget-container\">\n\t\t\t\t\t<h5>texte<\/h5>\t\t\t<div class=\"textwidget\"><div class=\"marquee\">\n<div>You spin me right round, baby. Like a record, baby.<br \/>\nYou spin me right round, baby. Like a record, baby.<\/div>\n<\/div>\n<\/div>\n\t\t\t\t\t\t<\/div>\n\t\t\t\t<\/div>\n\t\t\t\t\t<\/div>\n\t\t<\/div>\n\t\t\t\t\t<\/div>\n\t\t<\/section>\n\t\t\t\t<section class=\"elementor-section elementor-top-section elementor-element elementor-element-75d93b75 elementor-section-boxed elementor-section-height-default elementor-section-height-default\" data-id=\"75d93b75\" data-element_type=\"section\">\n\t\t\t\t\t\t<div class=\"elementor-container elementor-column-gap-default\">\n\t\t\t\t\t<div class=\"elementor-column elementor-col-100 elementor-top-column elementor-element elementor-element-44fb7242\" data-id=\"44fb7242\" data-element_type=\"column\">\n\t\t\t<div class=\"elementor-widget-wrap elementor-element-populated\">\n\t\t\t\t\t\t<div class=\"elementor-element elementor-element-b2552f4 elementor-widget elementor-widget-wp-widget-horizontal-scrolling-announcements\" data-id=\"b2552f4\" data-element_type=\"widget\" data-widget_type=\"wp-widget-horizontal-scrolling-announcements.default\">\n\t\t\t\t<div class=\"elementor-widget-container\">\n\t\t\t\t\t<div class='marquee-hsas-widget-60' style='width: 100%;overflow: hidden;'><span style=\"\">This is sample text for demo. Check plugin demo page for more info.<\/span>&nbsp;&nbsp;&nbsp;<a style=\"text-decoration: none;\" href=\"https:\/\/www.miph.gov.dz\/en\/note-aux-operateurs-pharmaceutiques-4\/\" target=\"_self\"><span style=\"color: #F5F5F5\">Note N\u00b0 79 relative \u00e0  la d\u00e9claration des programmes pr\u00e9visionnels d\u2019importation 2023<\/span><\/a><\/div><script>jQuery(function(){jQuery('.marquee-hsas-widget-60').marquee({allowCss3Support: true,css3easing: 'linear',easing: 'linear',delayBeforeStart: 2000,direction: 'left',duplicated: true,duration: 2000,gap: 50,pauseOnCycle: true,pauseOnHover: true,startVisible: true});});<\/script>\t\t\t\t<\/div>\n\t\t\t\t<\/div>\n\t\t\t\t\t<\/div>\n\t\t<\/div>\n\t\t\t\t\t<\/div>\n\t\t<\/section>\n\t\t\t\t<\/div>\n\t\t","protected":false},"excerpt":{"rendered":"<p>You spin me right round, baby. Like a record, baby. You spin me right round, baby. Like a record, baby.<\/p>\n","protected":false},"author":1,"featured_media":0,"parent":0,"menu_order":0,"comment_status":"closed","ping_status":"closed","template":"","meta":{"footnotes":""},"class_list":["post-5795","page","type-page","status-publish","hentry"],"_links":{"self":[{"href":"https:\/\/www.miph.gov.dz\/en\/wp-json\/wp\/v2\/pages\/5795","targetHints":{"allow":["GET"]}}],"collection":[{"href":"https:\/\/www.miph.gov.dz\/en\/wp-json\/wp\/v2\/pages"}],"about":[{"href":"https:\/\/www.miph.gov.dz\/en\/wp-json\/wp\/v2\/types\/page"}],"author":[{"embeddable":true,"href":"https:\/\/www.miph.gov.dz\/en\/wp-json\/wp\/v2\/users\/1"}],"replies":[{"embeddable":true,"href":"https:\/\/www.miph.gov.dz\/en\/wp-json\/wp\/v2\/comments?post=5795"}],"version-history":[{"count":19,"href":"https:\/\/www.miph.gov.dz\/en\/wp-json\/wp\/v2\/pages\/5795\/revisions"}],"predecessor-version":[{"id":18925,"href":"https:\/\/www.miph.gov.dz\/en\/wp-json\/wp\/v2\/pages\/5795\/revisions\/18925"}],"wp:attachment":[{"href":"https:\/\/www.miph.gov.dz\/en\/wp-json\/wp\/v2\/media?parent=5795"}],"curies":[{"name":"wp","href":"https:\/\/api.w.org\/{rel}","templated":true}]}}