{"id":5180,"date":"2022-02-27T12:11:59","date_gmt":"2022-02-27T11:11:59","guid":{"rendered":"https:\/\/www.miph.gov.dz\/fr\/?page_id=5180"},"modified":"2022-03-02T12:29:22","modified_gmt":"2022-03-02T11:29:22","slug":"la-26eme-edition-du-forum-economique-international-de-saint-petersbourg-spief","status":"publish","type":"page","link":"https:\/\/www.miph.gov.dz\/en\/la-26eme-edition-du-forum-economique-international-de-saint-petersbourg-spief\/","title":{"rendered":"la 26eme edition du forum economique international de saint petersbourg spief"},"content":{"rendered":"\t\t<div data-elementor-type=\"wp-page\" data-elementor-id=\"5180\" class=\"elementor elementor-5180\">\n\t\t\t\t\t\t<section class=\"elementor-section elementor-top-section elementor-element elementor-element-ebadcea elementor-section-boxed elementor-section-height-default elementor-section-height-default elementor-invisible\" data-id=\"ebadcea\" data-element_type=\"section\" data-settings=\"{&quot;animation&quot;:&quot;fadeInLeft&quot;}\">\n\t\t\t\t\t\t<div class=\"elementor-container elementor-column-gap-default\">\n\t\t\t\t\t<div class=\"elementor-column elementor-col-50 elementor-top-column elementor-element elementor-element-f7addbf\" data-id=\"f7addbf\" data-element_type=\"column\">\n\t\t\t<div class=\"elementor-widget-wrap elementor-element-populated\">\n\t\t\t\t\t\t<div class=\"elementor-element elementor-element-da2b598 elementor-widget__width-initial elementor-invisible elementor-widget elementor-widget-image\" data-id=\"da2b598\" data-element_type=\"widget\" data-settings=\"{&quot;_animation&quot;:&quot;zoomIn&quot;}\" data-widget_type=\"image.default\">\n\t\t\t\t<div class=\"elementor-widget-container\">\n\t\t\t\t\t\t\t\t\t\t\t\t\t\t\t<img fetchpriority=\"high\" decoding=\"async\" width=\"675\" height=\"342\" src=\"https:\/\/www.miph.gov.dz\/en\/wp-content\/uploads\/2022\/02\/f890e298-2e85-499f-aaf3-271a786d5029.369c1d6.443a501b94009efab34d8b27cbd4e2e9.png\" class=\"attachment-full size-full wp-image-5020\" alt=\"\" srcset=\"https:\/\/www.miph.gov.dz\/en\/wp-content\/uploads\/2022\/02\/f890e298-2e85-499f-aaf3-271a786d5029.369c1d6.443a501b94009efab34d8b27cbd4e2e9.png 675w, https:\/\/www.miph.gov.dz\/en\/wp-content\/uploads\/2022\/02\/f890e298-2e85-499f-aaf3-271a786d5029.369c1d6.443a501b94009efab34d8b27cbd4e2e9-300x152.png 300w\" sizes=\"(max-width: 675px) 100vw, 675px\" \/>\t\t\t\t\t\t\t\t\t\t\t\t\t\t\t<\/div>\n\t\t\t\t<\/div>\n\t\t\t\t\t<\/div>\n\t\t<\/div>\n\t\t\t\t<div class=\"elementor-column elementor-col-50 elementor-top-column elementor-element elementor-element-e799ed9\" data-id=\"e799ed9\" data-element_type=\"column\">\n\t\t\t<div class=\"elementor-widget-wrap elementor-element-populated\">\n\t\t\t\t\t\t<div class=\"elementor-element elementor-element-784f928 elementor-widget__width-initial elementor-widget elementor-widget-text-editor\" data-id=\"784f928\" data-element_type=\"widget\" data-widget_type=\"text-editor.default\">\n\t\t\t\t<div class=\"elementor-widget-container\">\n\t\t\t\t\t\t\t\t\t<p><strong>Le Minist\u00e8re de l\u2019Industrie Pharmaceutique <\/strong>invite l\u2019ensemble des op\u00e9rateurs pharmaceutiques alg\u00e9riens \u00e0 participer \u00e0 la 26<sup>\u00e8me<\/sup> \u00e9dition du <strong>Forum Economique International de Saint-P\u00e9tersbourg (<a href=\"https:\/\/forumspb.com\/en\/about\/?lang=fr\" target=\"_blank\" rel=\"noopener\">SPIEF<\/a>)<\/strong>, qui aura lieu du 15 au 18 juin 2022, \u00e0 Saint-P\u00e9tersbourg, Russie.<\/p>\t\t\t\t\t\t\t\t<\/div>\n\t\t\t\t<\/div>\n\t\t\t\t\t<\/div>\n\t\t<\/div>\n\t\t\t\t\t<\/div>\n\t\t<\/section>\n\t\t\t\t<section class=\"elementor-section elementor-top-section elementor-element elementor-element-137dbc8 elementor-section-boxed elementor-section-height-default elementor-section-height-default\" data-id=\"137dbc8\" data-element_type=\"section\">\n\t\t\t\t\t\t<div class=\"elementor-container elementor-column-gap-default\">\n\t\t\t\t\t<div class=\"elementor-column elementor-col-100 elementor-top-column elementor-element elementor-element-18fb0e4\" data-id=\"18fb0e4\" data-element_type=\"column\">\n\t\t\t<div class=\"elementor-widget-wrap elementor-element-populated\">\n\t\t\t\t\t\t<div class=\"elementor-element elementor-element-45fd3e9 elementor-widget-divider--view-line_text elementor-widget-divider--element-align-center elementor-widget elementor-widget-divider\" data-id=\"45fd3e9\" data-element_type=\"widget\" data-widget_type=\"divider.default\">\n\t\t\t\t<div class=\"elementor-widget-container\">\n\t\t\t\t\t\t\t<div class=\"elementor-divider\">\n\t\t\t<span class=\"elementor-divider-separator\">\n\t\t\t\t\t\t\t<h2 class=\"elementor-divider__text elementor-divider__element\">\n\t\t\t\tla 26\u00e8me \u00e9dition du (SPIEF)\t\t\t\t<\/h2>\n\t\t\t\t\t\t<\/span>\n\t\t<\/div>\n\t\t\t\t\t\t<\/div>\n\t\t\t\t<\/div>\n\t\t\t\t\t<\/div>\n\t\t<\/div>\n\t\t\t\t\t<\/div>\n\t\t<\/section>\n\t\t\t\t<section class=\"elementor-section elementor-top-section elementor-element elementor-element-6a2f8ef elementor-section-boxed elementor-section-height-default elementor-section-height-default\" data-id=\"6a2f8ef\" data-element_type=\"section\">\n\t\t\t\t\t\t<div class=\"elementor-container elementor-column-gap-default\">\n\t\t\t\t\t<div class=\"elementor-column elementor-col-100 elementor-top-column elementor-element elementor-element-490aee2\" data-id=\"490aee2\" data-element_type=\"column\">\n\t\t\t<div class=\"elementor-widget-wrap elementor-element-populated\">\n\t\t\t\t\t\t<div class=\"elementor-element elementor-element-18e5007 elementor-invisible elementor-widget elementor-widget-image\" data-id=\"18e5007\" data-element_type=\"widget\" data-settings=\"{&quot;_animation&quot;:&quot;zoomIn&quot;}\" data-widget_type=\"image.default\">\n\t\t\t\t<div class=\"elementor-widget-container\">\n\t\t\t\t\t\t\t\t\t\t\t\t\t\t\t<img decoding=\"async\" width=\"730\" height=\"515\" src=\"https:\/\/www.miph.gov.dz\/en\/wp-content\/uploads\/2022\/03\/SPIEF-1024x722.jpg\" class=\"attachment-large size-large wp-image-5219\" alt=\"\" srcset=\"https:\/\/www.miph.gov.dz\/en\/wp-content\/uploads\/2022\/03\/SPIEF-1024x722.jpg 1024w, https:\/\/www.miph.gov.dz\/en\/wp-content\/uploads\/2022\/03\/SPIEF-300x212.jpg 300w, https:\/\/www.miph.gov.dz\/en\/wp-content\/uploads\/2022\/03\/SPIEF-768x541.jpg 768w, https:\/\/www.miph.gov.dz\/en\/wp-content\/uploads\/2022\/03\/SPIEF.jpg 1434w\" sizes=\"(max-width: 730px) 100vw, 730px\" \/>\t\t\t\t\t\t\t\t\t\t\t\t\t\t\t<\/div>\n\t\t\t\t<\/div>\n\t\t\t\t\t<\/div>\n\t\t<\/div>\n\t\t\t\t\t<\/div>\n\t\t<\/section>\n\t\t\t\t<section class=\"elementor-section elementor-top-section elementor-element elementor-element-82463c9 elementor-section-boxed elementor-section-height-default elementor-section-height-default\" data-id=\"82463c9\" data-element_type=\"section\">\n\t\t\t\t\t\t<div class=\"elementor-container elementor-column-gap-default\">\n\t\t\t\t\t<div class=\"elementor-column elementor-col-100 elementor-top-column elementor-element elementor-element-29a96e6\" data-id=\"29a96e6\" data-element_type=\"column\">\n\t\t\t<div class=\"elementor-widget-wrap elementor-element-populated\">\n\t\t\t\t\t\t<div class=\"elementor-element elementor-element-4d3611e elementor-invisible elementor-widget elementor-widget-image\" data-id=\"4d3611e\" data-element_type=\"widget\" data-settings=\"{&quot;_animation&quot;:&quot;fadeInUp&quot;}\" data-widget_type=\"image.default\">\n\t\t\t\t<div class=\"elementor-widget-container\">\n\t\t\t\t\t\t\t\t\t\t\t\t\t\t\t\t<a href=\"https:\/\/forumspb.com\/en\/about\/?lang=fr\">\n\t\t\t\t\t\t\t<img decoding=\"async\" src=\"https:\/\/www.miph.gov.dz\/fr\/wp-content\/uploads\/2022\/02\/SPIEF.jpg\" title=\"\" alt=\"\" loading=\"lazy\" \/>\t\t\t\t\t\t\t\t<\/a>\n\t\t\t\t\t\t\t\t\t\t\t\t\t\t\t<\/div>\n\t\t\t\t<\/div>\n\t\t\t\t\t<\/div>\n\t\t<\/div>\n\t\t\t\t\t<\/div>\n\t\t<\/section>\n\t\t\t\t<section class=\"elementor-section elementor-top-section elementor-element elementor-element-8cc00f5 elementor-section-boxed elementor-section-height-default elementor-section-height-default elementor-invisible\" data-id=\"8cc00f5\" data-element_type=\"section\" data-settings=\"{&quot;animation&quot;:&quot;zoomInUp&quot;}\">\n\t\t\t\t\t\t<div class=\"elementor-container elementor-column-gap-default\">\n\t\t\t\t\t<div class=\"elementor-column elementor-col-100 elementor-top-column elementor-element elementor-element-78ac012\" data-id=\"78ac012\" data-element_type=\"column\">\n\t\t\t<div class=\"elementor-widget-wrap elementor-element-populated\">\n\t\t\t\t\t\t<div class=\"elementor-element elementor-element-1641bbc elementor-widget elementor-widget-text-editor\" data-id=\"1641bbc\" data-element_type=\"widget\" data-widget_type=\"text-editor.default\">\n\t\t\t\t<div class=\"elementor-widget-container\">\n\t\t\t\t\t\t\t\t\t<p>Cette manifestation \u00e9conomique d\u2019envergure internationale est organis\u00e9e annuellement dans la ville de Saint-P\u00e9tersbourg (Russie) et \u00e0 laquelle participe traditionnellement le Pr\u00e9sident et le Premier ministre de la F\u00e9d\u00e9ration de Russie ainsi que l\u2019ensemble des membres du gouvernement en charge des questions socio-\u00e9conomiques.<\/p><p style=\"text-align: justify;\">Chaque ann\u00e9e ce Forum enregistre la participation de repr\u00e9sentants des milieux d\u2019affaires et les responsables de grands groupes internationaux. Il est \u00e0 noter que l\u2019\u00e9dition 2021 avait vu la participation de 5000 <\/p><hr \/><p><strong>Pour toute informations compl\u00e9mentaires, veuillez vous rapprocher de la Sous-Direction de la Promotion de l\u2019Exportation: <a href=\"mailto:amine.touati@miph.gov.dz\">amine.touati@miph.gov.dz<\/a><\/strong><\/p>\t\t\t\t\t\t\t\t<\/div>\n\t\t\t\t<\/div>\n\t\t\t\t\t<\/div>\n\t\t<\/div>\n\t\t\t\t\t<\/div>\n\t\t<\/section>\n\t\t\t\t<\/div>\n\t\t","protected":false},"excerpt":{"rendered":"<p>Le Minist\u00e8re de l\u2019Industrie Pharmaceutique invite l\u2019ensemble des op\u00e9rateurs pharmaceutiques alg\u00e9riens \u00e0 participer \u00e0 la 26\u00e8me \u00e9dition du Forum Economique International de Saint-P\u00e9tersbourg (SPIEF), qui aura lieu du 15 au 18 juin 2022, \u00e0 Saint-P\u00e9tersbourg, Russie. la 26\u00e8me \u00e9dition du (SPIEF) Cette manifestation \u00e9conomique d\u2019envergure internationale est organis\u00e9e annuellement dans la ville de Saint-P\u00e9tersbourg (Russie) [&hellip;]<\/p>\n","protected":false},"author":1,"featured_media":0,"parent":0,"menu_order":0,"comment_status":"closed","ping_status":"closed","template":"","meta":{"footnotes":""},"class_list":["post-5180","page","type-page","status-publish","hentry"],"_links":{"self":[{"href":"https:\/\/www.miph.gov.dz\/en\/wp-json\/wp\/v2\/pages\/5180","targetHints":{"allow":["GET"]}}],"collection":[{"href":"https:\/\/www.miph.gov.dz\/en\/wp-json\/wp\/v2\/pages"}],"about":[{"href":"https:\/\/www.miph.gov.dz\/en\/wp-json\/wp\/v2\/types\/page"}],"author":[{"embeddable":true,"href":"https:\/\/www.miph.gov.dz\/en\/wp-json\/wp\/v2\/users\/1"}],"replies":[{"embeddable":true,"href":"https:\/\/www.miph.gov.dz\/en\/wp-json\/wp\/v2\/comments?post=5180"}],"version-history":[{"count":25,"href":"https:\/\/www.miph.gov.dz\/en\/wp-json\/wp\/v2\/pages\/5180\/revisions"}],"predecessor-version":[{"id":5234,"href":"https:\/\/www.miph.gov.dz\/en\/wp-json\/wp\/v2\/pages\/5180\/revisions\/5234"}],"wp:attachment":[{"href":"https:\/\/www.miph.gov.dz\/en\/wp-json\/wp\/v2\/media?parent=5180"}],"curies":[{"name":"wp","href":"https:\/\/api.w.org\/{rel}","templated":true}]}}