{"id":19716,"date":"2025-09-14T16:12:38","date_gmt":"2025-09-14T15:12:38","guid":{"rendered":"https:\/\/www.miph.gov.dz\/fr\/?page_id=19716"},"modified":"2025-10-01T15:07:05","modified_gmt":"2025-10-01T14:07:05","slug":"arretes-interministeriel","status":"publish","type":"page","link":"https:\/\/www.miph.gov.dz\/en\/arretes-interministeriel\/","title":{"rendered":"Arr\u00eat\u00e9s interminist\u00e9riels"},"content":{"rendered":"<p style=\"text-align: justify;\"><img decoding=\"async\" class=\"size-full wp-image-963 alignleft\" src=\"https:\/\/www.miph.gov.dz\/en\/wp-content\/uploads\/2021\/06\/icone_pdf-e1625411984596.png\" alt=\"\" width=\"29\" height=\"29\" \/><a href=\"https:\/\/www.miph.gov.dz\/en\/wp-content\/uploads\/2025\/09\/confiance.pdf\" target=\"_blank\" rel=\"noopener\">Arr\u00eat\u00e9 interminist\u00e9riel du 10 septembre 2025, correspondant au 17 Rabie El Aoual 1447 relatif \u00e0 l\u2019encadrement du principe de confiance r\u00e9glementaire et de reconnaissance mutuelle en mati\u00e8re de produits pharmaceutiques et dispositifs m\u00e9dicaux.<\/a><\/p>\n<hr \/>\n<p style=\"text-align: justify;\"><img decoding=\"async\" class=\"size-full wp-image-963 alignleft\" src=\"https:\/\/www.miph.gov.dz\/en\/wp-content\/uploads\/2021\/06\/icone_pdf-e1625411984596.png\" alt=\"\" width=\"29\" height=\"29\" \/><a href=\"https:\/\/www.miph.gov.dz\/en\/wp-content\/uploads\/2025\/10\/cordination_fr.pdf\" target=\"_blank\" rel=\"noopener\">Arr\u00eat\u00e9 interminist\u00e9riel du 10 septembre 2025, correspondant au 17 Rabie El Aoual 1447 relatif \u00e0 la coordination et de communication en mati\u00e8re de r\u00e9glementation des produits pharmaceutiques et dispositifs m\u00e9dicaux<\/a><\/p>\n<hr \/>\n<p style=\"text-align: justify;\"><img decoding=\"async\" class=\"size-full wp-image-963 alignleft\" src=\"https:\/\/www.miph.gov.dz\/en\/wp-content\/uploads\/2021\/06\/icone_pdf-e1625411984596.png\" alt=\"\" width=\"29\" height=\"29\" \/><a href=\"https:\/\/www.miph.gov.dz\/en\/wp-content\/uploads\/2025\/09\/pharmacovigilance.pdf\" target=\"_blank\" rel=\"noopener\">Arr\u00eat\u00e9 interminist\u00e9riel du 10 septembre 2025, correspondant au 17 Rabie El Aoual 1447 portant organisation et fonctionnement du syst\u00e8me national de pharmacovigilance et mat\u00e9riovigilance<\/a><\/p>\n","protected":false},"excerpt":{"rendered":"<p>Arr\u00eat\u00e9 interminist\u00e9riel du 10 septembre 2025, correspondant au 17 Rabie El Aoual 1447 relatif \u00e0 l\u2019encadrement du principe de confiance r\u00e9glementaire et de reconnaissance mutuelle en mati\u00e8re de produits pharmaceutiques et dispositifs m\u00e9dicaux. Arr\u00eat\u00e9 interminist\u00e9riel du 10 septembre 2025, correspondant au 17 Rabie El Aoual 1447 relatif \u00e0 la coordination et de communication en mati\u00e8re [&hellip;]<\/p>\n","protected":false},"author":2,"featured_media":0,"parent":0,"menu_order":0,"comment_status":"closed","ping_status":"closed","template":"","meta":{"footnotes":""},"class_list":["post-19716","page","type-page","status-publish","hentry"],"_links":{"self":[{"href":"https:\/\/www.miph.gov.dz\/en\/wp-json\/wp\/v2\/pages\/19716","targetHints":{"allow":["GET"]}}],"collection":[{"href":"https:\/\/www.miph.gov.dz\/en\/wp-json\/wp\/v2\/pages"}],"about":[{"href":"https:\/\/www.miph.gov.dz\/en\/wp-json\/wp\/v2\/types\/page"}],"author":[{"embeddable":true,"href":"https:\/\/www.miph.gov.dz\/en\/wp-json\/wp\/v2\/users\/2"}],"replies":[{"embeddable":true,"href":"https:\/\/www.miph.gov.dz\/en\/wp-json\/wp\/v2\/comments?post=19716"}],"version-history":[{"count":8,"href":"https:\/\/www.miph.gov.dz\/en\/wp-json\/wp\/v2\/pages\/19716\/revisions"}],"predecessor-version":[{"id":20015,"href":"https:\/\/www.miph.gov.dz\/en\/wp-json\/wp\/v2\/pages\/19716\/revisions\/20015"}],"wp:attachment":[{"href":"https:\/\/www.miph.gov.dz\/en\/wp-json\/wp\/v2\/media?parent=19716"}],"curies":[{"name":"wp","href":"https:\/\/api.w.org\/{rel}","templated":true}]}}