{"id":17539,"date":"2025-04-09T09:42:15","date_gmt":"2025-04-09T08:42:15","guid":{"rendered":"https:\/\/www.miph.gov.dz\/fr\/?page_id=17539"},"modified":"2025-07-14T13:24:04","modified_gmt":"2025-07-14T12:24:04","slug":"liens-utiles","status":"publish","type":"page","link":"https:\/\/www.miph.gov.dz\/en\/liens-utiles\/","title":{"rendered":"Liens utiles"},"content":{"rendered":"<ul>\n<li>\n<h4><strong><a href=\"http:\/\/www.el-mouradia.dz\/\">Pr\u00e9sidence de la R\u00e9publique\u00a0<\/a><\/strong><\/h4>\n<\/li>\n<li>\n<h4><a href=\"https:\/\/premier-ministre.gov.dz\/en\/gouvernement\/composition\"><strong>Le <\/strong><strong>Gouvernement<\/strong><strong>\u00a0<\/strong><\/a><\/h4>\n<\/li>\n<li>\n<h4><strong><a href=\"http:\/\/www.conseil-constitutionnel.dz\/\">Conseil Constitutionnel\u00a0<\/a><\/strong><\/h4>\n<\/li>\n<li>\n<h4><strong><a href=\"http:\/\/www.majliselouma.dz\/\">Conseil de la Nation\u00a0<\/a><\/strong><\/h4>\n<\/li>\n<li>\n<h4><strong><a href=\"http:\/\/www.apn.dz\/\">Assembl\u00e9e Populaire Nationale-APN<\/a><\/strong><\/h4>\n<\/li>\n<li>\n<h4><a href=\"https:\/\/www.joradp.dz\/HFR\/Index.htm\" target=\"_blank\" rel=\"noopener\">Secr\u00e9tariat G\u00e9n\u00e9ral du Gouvernement\u00a0<\/a><\/h4>\n<\/li>\n<li>\n<h4 id=\"ember35\" class=\"ember-view org-top-card-summary__title xdgwJpxSwCguXlQGuBYbenSrrWZDsWKPYsirU full-width \" title=\"Agence nationale de s\u00e9curit\u00e9 sanitaire - Anses\"><a href=\"https:\/\/nssa.el-mouradia.dz\/?fbclid=IwY2xjawJjL99leHRuA2FlbQIxMAABHjH1GFDWwilUzjOvFkKxZG8_iRsJ7yAZx7tlyqCa0t8T5ne4g47zYArrb9TV_aem_IkGU_SWhTGS9ED9LQkeRgA\">Agence Nationale de S\u00e9curit\u00e9 Sanitaire &#8211; Anses<\/a><\/h4>\n<\/li>\n<li>\n<h4 class=\"LC20lb MBeuO DKV0Md\"><strong><a href=\"https:\/\/hcn.gov.dz\/index_fr.htm\" target=\"_blank\" rel=\"noopener\">Haut Commissariat \u00e0 la Num\u00e9risation-HCN<\/a><\/strong><\/h4>\n<\/li>\n<li>\n<h4><a href=\"https:\/\/marsad.dz\/\" target=\"_blank\" rel=\"noopener\">Observatoire National de la Soci\u00e9t\u00e9 Civile<\/a><\/h4>\n<\/li>\n<li>\n<h4><strong><a href=\"http:\/\/www.ans.dz\/\" target=\"_blank\" rel=\"noopener\">Agence Nationale du Sang &#8211; ANS<\/a><\/strong><\/h4>\n<\/li>\n<li>\n<h4><a href=\"https:\/\/www.saidalgroup.dz\/\" target=\"_blank\" rel=\"noopener\"><strong>Groupe SAIDAL<\/strong><\/a><\/h4>\n<\/li>\n<li>\n<h4><strong><a href=\"https:\/\/anpp.dz\/\" target=\"_blank\" rel=\"noopener\">Agence Nationale des Produits Pharmaceutiques- ANPP<\/a><\/strong><\/h4>\n<\/li>\n<li>\n<h4 class=\"LC20lb MBeuO DKV0Md\"><a href=\"https:\/\/www.pch.dz\/\" target=\"_blank\" rel=\"noopener\">Pharmacie Centrale des H\u00f4pitaux-PCH<\/a><\/h4>\n<\/li>\n<li>\n<h4 class=\"html-h1 xdj266r x11i5rnm xat24cr x1mh8g0r xexx8yu x4uap5 x18d9i69 xkhd6sd x1vvkbs x1heor9g x1qlqyl8 x1pd3egz x1a2a7pz\"><a href=\"https:\/\/www.facebook.com\/p\/Conseil-National-de-lOrdre-des-Pharmaciens-DAlg%C3%A9rie-100075635180243\/?locale=he_IL&amp;_rdr\" target=\"_blank\" rel=\"noopener\">Conseil National de l&rsquo;<strong>Ordre National des Pharmaciens- CNOP\u00a0<\/strong><\/a><\/h4>\n<\/li>\n<li><a href=\"https:\/\/www.unop-dz.org\/?fbclid=IwY2xjawJjHnZleHRuA2FlbQIxMAABHmx-N5T9l9D7D3Q-lQnoOHoMWZWm9a1nwQRRiASncOZVr5BzQ0eM6Ijg9D4W_aem_YOvQ-q6-_fA2DOW8AmkZrQ\" target=\"_blank\" rel=\"noopener\"><strong>Union Nationale des Op\u00e9rateurs de la Pharmacie- UNOP<\/strong><\/a><\/li>\n<li>\n<h4><a href=\"https:\/\/www.facebook.com\/fapdz\/\" target=\"_blank\" rel=\"noopener\"><strong>F\u00e9d\u00e9ration Alg\u00e9rienne de Pharmacie-FAP\u00a0<\/strong><\/a><\/h4>\n<\/li>\n<li>\n<h4><a href=\"https:\/\/www.snechu-dz.com\/\" target=\"_blank\" rel=\"noopener\"><strong>Syndicat National des Enseignants Chercheurs Hospitalo-Universitaires-SNECHU<\/strong><\/a><\/h4>\n<\/li>\n<li><a href=\"https:\/\/snpaa-dz.com\/\" target=\"_blank\" rel=\"noopener\"><strong>Syndicat National des Pharmaciens Alg\u00e9riens Agr\u00e9\u00e9s-SNPAA<\/strong><\/a><\/li>\n<li>\n<h4><a href=\"https:\/\/www.snapo-dz.net\/site\/\" target=\"_blank\" rel=\"noopener\"><strong>Syndicat National des Pharmaciens Alg\u00e9riens d&rsquo;Officine-SNAPO<\/strong><\/a><\/h4>\n<\/li>\n<li>\n<h4><a href=\"https:\/\/anpha.dz\/a-propos\/\" target=\"_blank\" rel=\"noopener\"><strong>Association Nationale des Pharmaciens Alg\u00e9riens-ANPHA<\/strong><\/a><\/h4>\n<\/li>\n<li>\n<h4><a href=\"https:\/\/asepalg.com\/?fbclid=IwY2xjawJjIeZleHRuA2FlbQIxMAABHlwKRmLIhsyen51Le17ES5cWgYE7UJI8Z1BNhykAG8kYLu4kfsj0qFR1tGEM_aem_2kR9IGSUqcNyvRBIn6Dzcw\" target=\"_blank\" rel=\"noopener\"><strong>Association des \u00e9tudiants en Pharmacie d&rsquo;Alger-ASEPA\u00a0<\/strong><\/a><\/h4>\n<\/li>\n<li>\n<h4><a href=\"https:\/\/www.sapho.dz\/#:~:text=La%20Soci%C3%A9t%C3%A9%20Alg%C3%A9rienne%20de%20Pharmacie,hospitali%C3%A8re%20et%20la%20pharmacie%20oncologique.\" target=\"_blank\" rel=\"noopener\"><strong>Soci\u00e9t\u00e9 Alg\u00e9rienne de Pharmacie Hospitali\u00e8re et Oncologie-SAPHO\u00a0<\/strong><\/a><\/h4>\n<\/li>\n<li>\n<h4><a href=\"https:\/\/ascop.dz\/accueil\" target=\"_blank\" rel=\"noopener\"><strong>Soci\u00e9t\u00e9 Alg\u00e9rienne de la pharmacie Clinique oncologique-ASCOP\u00a0<\/strong><\/a><\/h4>\n<\/li>\n<li>\n<h4><a href=\"https:\/\/www.samidz.com\/\" target=\"_blank\" rel=\"noopener\"><strong>Soci\u00e9t\u00e9 Alg\u00e9rienne de M\u00e9decine Interne-SAMI\u00a0<\/strong><\/a><\/h4>\n<\/li>\n<li>\n<h4><strong><a href=\"https:\/\/aapi.dz\/\">L\u2019Agence Alg\u00e9rienne de Promotion de l\u2019Investissement-AAPI<\/a><\/strong><\/h4>\n<\/li>\n<li>\n<h4><strong><a href=\"https:\/\/cra.dz\/\" target=\"_blank\" rel=\"noopener\">Croissant Rouge Alg\u00e9rien<\/a><\/strong><\/h4>\n<\/li>\n<\/ul>\n","protected":false},"excerpt":{"rendered":"<p>Pr\u00e9sidence de la R\u00e9publique\u00a0 Le Gouvernement\u00a0 Conseil Constitutionnel\u00a0 Conseil de la Nation\u00a0 Assembl\u00e9e Populaire Nationale-APN Secr\u00e9tariat G\u00e9n\u00e9ral du Gouvernement\u00a0 Agence Nationale de S\u00e9curit\u00e9 Sanitaire &#8211; Anses Haut Commissariat \u00e0 la Num\u00e9risation-HCN Observatoire National de la Soci\u00e9t\u00e9 Civile Agence Nationale du Sang &#8211; ANS Groupe SAIDAL Agence Nationale des Produits Pharmaceutiques- ANPP Pharmacie Centrale des H\u00f4pitaux-PCH [&hellip;]<\/p>\n","protected":false},"author":2,"featured_media":0,"parent":0,"menu_order":0,"comment_status":"closed","ping_status":"closed","template":"","meta":{"footnotes":""},"class_list":["post-17539","page","type-page","status-publish","hentry"],"_links":{"self":[{"href":"https:\/\/www.miph.gov.dz\/en\/wp-json\/wp\/v2\/pages\/17539","targetHints":{"allow":["GET"]}}],"collection":[{"href":"https:\/\/www.miph.gov.dz\/en\/wp-json\/wp\/v2\/pages"}],"about":[{"href":"https:\/\/www.miph.gov.dz\/en\/wp-json\/wp\/v2\/types\/page"}],"author":[{"embeddable":true,"href":"https:\/\/www.miph.gov.dz\/en\/wp-json\/wp\/v2\/users\/2"}],"replies":[{"embeddable":true,"href":"https:\/\/www.miph.gov.dz\/en\/wp-json\/wp\/v2\/comments?post=17539"}],"version-history":[{"count":17,"href":"https:\/\/www.miph.gov.dz\/en\/wp-json\/wp\/v2\/pages\/17539\/revisions"}],"predecessor-version":[{"id":18173,"href":"https:\/\/www.miph.gov.dz\/en\/wp-json\/wp\/v2\/pages\/17539\/revisions\/18173"}],"wp:attachment":[{"href":"https:\/\/www.miph.gov.dz\/en\/wp-json\/wp\/v2\/media?parent=17539"}],"curies":[{"name":"wp","href":"https:\/\/api.w.org\/{rel}","templated":true}]}}